{"id":1017,"date":"2023-11-07T14:30:17","date_gmt":"2023-11-07T14:30:17","guid":{"rendered":"https:\/\/bibliotecas.aeqb.edu.pt\/?page_id=1017"},"modified":"2024-04-26T15:13:45","modified_gmt":"2024-04-26T15:13:45","slug":"vi-um-filme-e","status":"publish","type":"page","link":"https:\/\/bibliotecas.aeqb.edu.pt\/?page_id=1017","title":{"rendered":"Vi um filme, e&#8230;"},"content":{"rendered":"\n<div class=\"wp-block-media-text is-stacked-on-mobile\"><figure class=\"wp-block-media-text__media\"><img fetchpriority=\"high\" decoding=\"async\" width=\"500\" height=\"218\" src=\"https:\/\/bibliotecas.aeqb.edu.pt\/wp-content\/uploads\/2024\/04\/Vi-um-filme-e-1.png\" alt=\"\" class=\"wp-image-2307 size-full\" srcset=\"https:\/\/bibliotecas.aeqb.edu.pt\/wp-content\/uploads\/2024\/04\/Vi-um-filme-e-1.png 500w, https:\/\/bibliotecas.aeqb.edu.pt\/wp-content\/uploads\/2024\/04\/Vi-um-filme-e-1-300x131.png 300w\" sizes=\"(max-width: 500px) 100vw, 500px\" \/><\/figure><div class=\"wp-block-media-text__content\">\n<p>Todos adoramos ver um filme. Mas, e depois?<\/p>\n\n\n\n<p>&#8220;Vi um filme, e&#8230;&#8221; permite, atrav\u00e9s de uma visualiza\u00e7\u00e3o de pequenos filmes, explorar temas como o que \u00e9 ser adolescente, ser pessoa, ser cidad\u00e3o, ser aluno, ser feliz\u2026<\/p>\n<\/div><\/div>\n\n\n\n<div style=\"height:40px\" aria-hidden=\"true\" class=\"wp-block-spacer\"><\/div>\n\n\n\n<h4 class=\"wp-block-heading has-text-align-center\">Sugest\u00f5es de curtas para visualiza\u00e7\u00e3o e discuss\u00e3o<\/h4>\n\n\n\t\t\t<div \n\t\t\tclass=\"yotu-playlist yotuwp yotu-limit-min   yotu-thumb-169  yotu-template-grid\" \n\t\t\tdata-page=\"1\"\n\t\t\tid=\"yotuwp-69f98f7a1e10d\"\n\t\t\tdata-yotu=\"modal\"\n\t\t\tdata-total=\"2\"\n\t\t\tdata-settings=\"eyJ0eXBlIjoidmlkZW9zIiwiaWQiOiIxUDNaZ0xPeS13OCxCbDFGT0twRlkyUSxXbGYxVDVuck81MCwtcDFQNGZkaGFGOCxIel9kLWNpa1dtSSwwN2QyZFhIWWI5NCxDQ1E5djZYTUM2Yyw5SEVrZEZ6SExIcywyMGV2dW5MelNnaywwTVhfZkpBaG1FRSxlZkdxZTFqM1JOayxPbzRLWFpWQXBzUSxrTnc4Vl9Ga3cyOCxPTkh1TGFsMk94TSxudjlHaVBQUXU5YywyUkVrazlTQ1JuMCx5V2Q0bXpHcVFZbyw0SU53eF90bVRLdyxCNGZyc3AtclI2YywzOHlfMUVXSUU5SSxZdkdpN0NybnFLYyxlOWRaUWVsVUxEayxQREhJeXJmTWxfVSxhcXotS0UtYnBLUSwwRUZIYnJ1S0VtdyxHWGRWUExqX3BJaywwWTZ2XzFkd0YzYyxHV0diT2psSkRrVSxWNnVpMTYxTnlUZyIsInBhZ2luYXRpb24iOiJvbiIsInBhZ2l0eXBlIjoicGFnZXIiLCJjb2x1bW4iOiIzIiwicGVyX3BhZ2UiOiIyNCIsInRlbXBsYXRlIjoiZ3JpZCIsInRpdGxlIjoib24iLCJkZXNjcmlwdGlvbiI6Im9mZiIsInRodW1icmF0aW8iOiIxNjkiLCJtZXRhIjoib2ZmIiwibWV0YV9kYXRhIjoib2ZmIiwibWV0YV9wb3NpdGlvbiI6Im9mZiIsImRhdGVfZm9ybWF0Ijoib2ZmIiwibWV0YV9hbGlnbiI6Im9mZiIsInN1YnNjcmliZSI6Im9mZiIsImR1cmF0aW9uIjoib2ZmIiwibWV0YV9pY29uIjoib2ZmIiwibmV4dHRleHQiOiIiLCJwcmV2dGV4dCI6IiIsImxvYWRtb3JldGV4dCI6IiIsInBsYXllciI6eyJtb2RlIjoicG9wdXAiLCJ3aWR0aCI6IjYwMCIsInNjcm9sbGluZyI6IjEwMCIsImF1dG9wbGF5IjowLCJjb250cm9scyI6MSwibW9kZXN0YnJhbmRpbmciOjEsImxvb3AiOjAsImF1dG9uZXh0IjowLCJzaG93aW5mbyI6MSwicmVsIjoxLCJwbGF5aW5nIjowLCJwbGF5aW5nX2Rlc2NyaXB0aW9uIjowLCJ0aHVtYm5haWxzIjowLCJjY19sb2FkX3BvbGljeSI6IjEiLCJjY19sYW5nX3ByZWYiOiJwdCIsImhsIjoiIiwiaXZfbG9hZF9wb2xpY3kiOiIxIn0sImxhc3RfdGFiIjoiYXBpIiwidXNlX2FzX21vZGFsIjoib2ZmIiwibW9kYWxfaWQiOiJvZmYiLCJsYXN0X3VwZGF0ZSI6IjE3MjAwMjkxOTkiLCJzdHlsaW5nIjp7InBhZ2VyX2xheW91dCI6ImRlZmF1bHQiLCJidXR0b24iOiIxIiwiYnV0dG9uX2NvbG9yIjoiIiwiYnV0dG9uX2JnX2NvbG9yIjoiIiwiYnV0dG9uX2NvbG9yX2hvdmVyIjoiIiwiYnV0dG9uX2JnX2NvbG9yX2hvdmVyIjoiIiwidmlkZW9fc3R5bGUiOiJncGx1cyIsInBsYXlpY29uX2NvbG9yIjoiIiwiaG92ZXJfaWNvbiI6IiIsImdhbGxlcnlfYmciOiIifSwiZWZmZWN0cyI6eyJ2aWRlb19ib3giOiIiLCJmbGlwX2VmZmVjdCI6IiJ9LCJnYWxsZXJ5X2lkIjoiNjlmOThmN2ExZTEwZCIsIm5leHQiOjF9\"\n\t\t\tdata-player=\"popup\"\n\t\t\tdata-showdesc=\"off\" >\n\t\t\t\t<div>\n\t\t\t\t\t<div class=\"yotu-pagination yotu-pager_layout-default yotu-pagination-top\">\n<a href=\"#\" class=\"yotu-pagination-prev yotu-button-prs yotu-button-prs-1\" data-page=\"prev\">Prev<\/a>\n<span class=\"yotu-pagination-current\">1<\/span> <span>of<\/span> <span class=\"yotu-pagination-total\">2<\/span>\n<a href=\"#\" class=\"yotu-pagination-next yotu-button-prs yotu-button-prs-1\" data-page=\"next\">Next<\/a>\n<\/div>\n<div class=\"yotu-videos yotu-mode-grid yotu-preset yotu-preset-gplus yotu-column-3 yotu-player-mode-popup\">\n\t<ul>\n\t\t\t\t\t<li class=\" yotu-first\">\n\t\t\t\t\t\t\t\t<a href=\"#1P3ZgLOy-w8\" class=\"yotu-video\" data-videoid=\"1P3ZgLOy-w8\" data-title=\"HOPE (2020)\" title=\"HOPE (2020)\">\n\t\t\t\t\t<div class=\"yotu-video-thumb-wrp\">\n\t\t\t\t\t\t<div>\n\t\t\t\t\t\t\t\t\t\t\t\t\t\t<img decoding=\"async\" class=\"yotu-video-thumb\" src=\"https:\/\/i.ytimg.com\/vi\/1P3ZgLOy-w8\/sddefault.jpg\" alt=\"HOPE (2020)\">\t\n\t\t\t\t\t\t\t\t\t\t\t\t\t<\/div>\n\t\t\t\t\t<\/div>\n\t\t\t\t\t\t\t\t\t\t\t<h3 class=\"yotu-video-title\">HOPE (2020)<\/h3>\n\t\t\t\t\t\t\t\t\t\t\t\t\t\t\t\t\t\t\t<\/a>\n\t\t\t\t\t\t\t<\/li>\n\t\t\t\t\n\t\t\t\t\t\t<li class=\"\">\n\t\t\t\t\t\t\t\t<a href=\"#Bl1FOKpFY2Q\" class=\"yotu-video\" data-videoid=\"Bl1FOKpFY2Q\" data-title=\"UMBRELLA | Oscar\u00ae Qualified and Multi-Award Winning Animated Short Film\" title=\"UMBRELLA | Oscar\u00ae Qualified and Multi-Award Winning Animated Short Film\">\n\t\t\t\t\t<div class=\"yotu-video-thumb-wrp\">\n\t\t\t\t\t\t<div>\n\t\t\t\t\t\t\t\t\t\t\t\t\t\t<img decoding=\"async\" class=\"yotu-video-thumb\" src=\"https:\/\/i.ytimg.com\/vi\/Bl1FOKpFY2Q\/sddefault.jpg\" alt=\"UMBRELLA | Oscar\u00ae Qualified and Multi-Award Winning Animated Short Film\">\t\n\t\t\t\t\t\t\t\t\t\t\t\t\t<\/div>\n\t\t\t\t\t<\/div>\n\t\t\t\t\t\t\t\t\t\t\t<h3 class=\"yotu-video-title\">UMBRELLA | Oscar\u00ae Qualified and Multi-Award Winning Animated Short Film<\/h3>\n\t\t\t\t\t\t\t\t\t\t\t\t\t\t\t\t\t\t\t<\/a>\n\t\t\t\t\t\t\t<\/li>\n\t\t\t\t\n\t\t\t\t\t\t<li class=\"\">\n\t\t\t\t\t\t\t\t<a href=\"#Wlf1T5nrO50\" class=\"yotu-video\" data-videoid=\"Wlf1T5nrO50\" data-title=\"The Bread - Animated Short Film by GULU\" title=\"The Bread - Animated Short Film by GULU\">\n\t\t\t\t\t<div class=\"yotu-video-thumb-wrp\">\n\t\t\t\t\t\t<div>\n\t\t\t\t\t\t\t\t\t\t\t\t\t\t<img decoding=\"async\" class=\"yotu-video-thumb\" src=\"https:\/\/i.ytimg.com\/vi\/Wlf1T5nrO50\/sddefault.jpg\" alt=\"The Bread - Animated Short Film by GULU\">\t\n\t\t\t\t\t\t\t\t\t\t\t\t\t<\/div>\n\t\t\t\t\t<\/div>\n\t\t\t\t\t\t\t\t\t\t\t<h3 class=\"yotu-video-title\">The Bread - Animated Short Film by GULU<\/h3>\n\t\t\t\t\t\t\t\t\t\t\t\t\t\t\t\t\t\t\t<\/a>\n\t\t\t\t\t\t\t<\/li>\n\t\t\t\t\n\t\t\t\t\t\t<li class=\"\">\n\t\t\t\t\t\t\t\t<a href=\"#-p1P4fdhaF8\" class=\"yotu-video\" data-videoid=\"-p1P4fdhaF8\" data-title=\"NAPO | *Award-Winning* Animated Short Film\" title=\"NAPO | *Award-Winning* Animated Short Film\">\n\t\t\t\t\t<div class=\"yotu-video-thumb-wrp\">\n\t\t\t\t\t\t<div>\n\t\t\t\t\t\t\t\t\t\t\t\t\t\t<img decoding=\"async\" class=\"yotu-video-thumb\" src=\"https:\/\/i.ytimg.com\/vi\/-p1P4fdhaF8\/sddefault.jpg\" alt=\"NAPO | *Award-Winning* Animated Short Film\">\t\n\t\t\t\t\t\t\t\t\t\t\t\t\t<\/div>\n\t\t\t\t\t<\/div>\n\t\t\t\t\t\t\t\t\t\t\t<h3 class=\"yotu-video-title\">NAPO | *Award-Winning* Animated Short Film<\/h3>\n\t\t\t\t\t\t\t\t\t\t\t\t\t\t\t\t\t\t\t<\/a>\n\t\t\t\t\t\t\t<\/li>\n\t\t\t\t\n\t\t\t\t\t\t<li class=\"\">\n\t\t\t\t\t\t\t\t<a href=\"#Hz_d-cikWmI\" class=\"yotu-video\" data-videoid=\"Hz_d-cikWmI\" data-title=\"CGI 3D Animated Short: \\&quot;Ian\\&quot; - by Mundoloco CGI Ian Foundation | TheCGBros\" title=\"CGI 3D Animated Short: &quot;Ian&quot; - by Mundoloco CGI Ian Foundation | TheCGBros\">\n\t\t\t\t\t<div class=\"yotu-video-thumb-wrp\">\n\t\t\t\t\t\t<div>\n\t\t\t\t\t\t\t\t\t\t\t\t\t\t<img decoding=\"async\" class=\"yotu-video-thumb\" src=\"https:\/\/i.ytimg.com\/vi\/Hz_d-cikWmI\/sddefault.jpg\" alt=\"CGI 3D Animated Short: &quot;Ian&quot; - by Mundoloco CGI Ian Foundation | TheCGBros\">\t\n\t\t\t\t\t\t\t\t\t\t\t\t\t<\/div>\n\t\t\t\t\t<\/div>\n\t\t\t\t\t\t\t\t\t\t\t<h3 class=\"yotu-video-title\">CGI 3D Animated Short: \"Ian\" - by Mundoloco CGI Ian Foundation | TheCGBros<\/h3>\n\t\t\t\t\t\t\t\t\t\t\t\t\t\t\t\t\t\t\t<\/a>\n\t\t\t\t\t\t\t<\/li>\n\t\t\t\t\n\t\t\t\t\t\t<li class=\"\">\n\t\t\t\t\t\t\t\t<a href=\"#07d2dXHYb94\" class=\"yotu-video\" data-videoid=\"07d2dXHYb94\" data-title=\"Pip | A Short Animated Film by Dogs Inc\" title=\"Pip | A Short Animated Film by Dogs Inc\">\n\t\t\t\t\t<div class=\"yotu-video-thumb-wrp\">\n\t\t\t\t\t\t<div>\n\t\t\t\t\t\t\t\t\t\t\t\t\t\t<img decoding=\"async\" class=\"yotu-video-thumb\" src=\"https:\/\/i.ytimg.com\/vi\/07d2dXHYb94\/sddefault.jpg\" alt=\"Pip | A Short Animated Film by Dogs Inc\">\t\n\t\t\t\t\t\t\t\t\t\t\t\t\t<\/div>\n\t\t\t\t\t<\/div>\n\t\t\t\t\t\t\t\t\t\t\t<h3 class=\"yotu-video-title\">Pip | A Short Animated Film by Dogs Inc<\/h3>\n\t\t\t\t\t\t\t\t\t\t\t\t\t\t\t\t\t\t\t<\/a>\n\t\t\t\t\t\t\t<\/li>\n\t\t\t\t\n\t\t\t\t\t\t<li class=\"\">\n\t\t\t\t\t\t\t\t<a href=\"#CCQ9v6XMC6c\" class=\"yotu-video\" data-videoid=\"CCQ9v6XMC6c\" data-title=\"La Luna | Short Film\" title=\"La Luna | Short Film\">\n\t\t\t\t\t<div class=\"yotu-video-thumb-wrp\">\n\t\t\t\t\t\t<div>\n\t\t\t\t\t\t\t\t\t\t\t\t\t\t<img decoding=\"async\" class=\"yotu-video-thumb\" src=\"https:\/\/i.ytimg.com\/vi\/CCQ9v6XMC6c\/sddefault.jpg\" alt=\"La Luna | Short Film\">\t\n\t\t\t\t\t\t\t\t\t\t\t\t\t<\/div>\n\t\t\t\t\t<\/div>\n\t\t\t\t\t\t\t\t\t\t\t<h3 class=\"yotu-video-title\">La Luna | Short Film<\/h3>\n\t\t\t\t\t\t\t\t\t\t\t\t\t\t\t\t\t\t\t<\/a>\n\t\t\t\t\t\t\t<\/li>\n\t\t\t\t\n\t\t\t\t\t\t<li class=\"\">\n\t\t\t\t\t\t\t\t<a href=\"#9HEkdFzHLHs\" class=\"yotu-video\" data-videoid=\"9HEkdFzHLHs\" data-title=\"\\&quot;A Folded Wish\\&quot; | CGI Animated Short Film (2020)\" title=\"&quot;A Folded Wish&quot; | CGI Animated Short Film (2020)\">\n\t\t\t\t\t<div class=\"yotu-video-thumb-wrp\">\n\t\t\t\t\t\t<div>\n\t\t\t\t\t\t\t\t\t\t\t\t\t\t<img decoding=\"async\" class=\"yotu-video-thumb\" src=\"https:\/\/i.ytimg.com\/vi\/9HEkdFzHLHs\/sddefault.jpg\" alt=\"&quot;A Folded Wish&quot; | CGI Animated Short Film (2020)\">\t\n\t\t\t\t\t\t\t\t\t\t\t\t\t<\/div>\n\t\t\t\t\t<\/div>\n\t\t\t\t\t\t\t\t\t\t\t<h3 class=\"yotu-video-title\">\"A Folded Wish\" | CGI Animated Short Film (2020)<\/h3>\n\t\t\t\t\t\t\t\t\t\t\t\t\t\t\t\t\t\t\t<\/a>\n\t\t\t\t\t\t\t<\/li>\n\t\t\t\t\n\t\t\t\t\t\t<li class=\"\">\n\t\t\t\t\t\t\t\t<a href=\"#20evunLzSgk\" class=\"yotu-video\" data-videoid=\"20evunLzSgk\" data-title=\"CGI Animated Short Film: \\&quot;The Box\\&quot; \/ La Bo\u00eete by ESMA | CGMeetup\" title=\"CGI Animated Short Film: &quot;The Box&quot; \/ La Bo\u00eete by ESMA | CGMeetup\">\n\t\t\t\t\t<div class=\"yotu-video-thumb-wrp\">\n\t\t\t\t\t\t<div>\n\t\t\t\t\t\t\t\t\t\t\t\t\t\t<img decoding=\"async\" class=\"yotu-video-thumb\" src=\"https:\/\/i.ytimg.com\/vi\/20evunLzSgk\/sddefault.jpg\" alt=\"CGI Animated Short Film: &quot;The Box&quot; \/ La Bo\u00eete by ESMA | CGMeetup\">\t\n\t\t\t\t\t\t\t\t\t\t\t\t\t<\/div>\n\t\t\t\t\t<\/div>\n\t\t\t\t\t\t\t\t\t\t\t<h3 class=\"yotu-video-title\">CGI Animated Short Film: \"The Box\" \/ La Bo\u00eete by ESMA | CGMeetup<\/h3>\n\t\t\t\t\t\t\t\t\t\t\t\t\t\t\t\t\t\t\t<\/a>\n\t\t\t\t\t\t\t<\/li>\n\t\t\t\t\n\t\t\t\t\t\t<li class=\"\">\n\t\t\t\t\t\t\t\t<a href=\"#0MX_fJAhmEE\" class=\"yotu-video\" data-videoid=\"0MX_fJAhmEE\" data-title=\"Let\\&#039;s Eat - Award Winning Animated Short Film\" title=\"Let&#039;s Eat - Award Winning Animated Short Film\">\n\t\t\t\t\t<div class=\"yotu-video-thumb-wrp\">\n\t\t\t\t\t\t<div>\n\t\t\t\t\t\t\t\t\t\t\t\t\t\t<img decoding=\"async\" class=\"yotu-video-thumb\" src=\"https:\/\/i.ytimg.com\/vi\/0MX_fJAhmEE\/sddefault.jpg\" alt=\"Let&#039;s Eat - Award Winning Animated Short Film\">\t\n\t\t\t\t\t\t\t\t\t\t\t\t\t<\/div>\n\t\t\t\t\t<\/div>\n\t\t\t\t\t\t\t\t\t\t\t<h3 class=\"yotu-video-title\">Let's Eat - Award Winning Animated Short Film<\/h3>\n\t\t\t\t\t\t\t\t\t\t\t\t\t\t\t\t\t\t\t<\/a>\n\t\t\t\t\t\t\t<\/li>\n\t\t\t\t\n\t\t\t\t\t\t<li class=\"\">\n\t\t\t\t\t\t\t\t<a href=\"#efGqe1j3RNk\" class=\"yotu-video\" data-videoid=\"efGqe1j3RNk\" data-title=\"WiNDUP: Award-winning animated short film | Unity\" title=\"WiNDUP: Award-winning animated short film | Unity\">\n\t\t\t\t\t<div class=\"yotu-video-thumb-wrp\">\n\t\t\t\t\t\t<div>\n\t\t\t\t\t\t\t\t\t\t\t\t\t\t<img decoding=\"async\" class=\"yotu-video-thumb\" src=\"https:\/\/i.ytimg.com\/vi\/efGqe1j3RNk\/sddefault.jpg\" alt=\"WiNDUP: Award-winning animated short film | Unity\">\t\n\t\t\t\t\t\t\t\t\t\t\t\t\t<\/div>\n\t\t\t\t\t<\/div>\n\t\t\t\t\t\t\t\t\t\t\t<h3 class=\"yotu-video-title\">WiNDUP: Award-winning animated short film | Unity<\/h3>\n\t\t\t\t\t\t\t\t\t\t\t\t\t\t\t\t\t\t\t<\/a>\n\t\t\t\t\t\t\t<\/li>\n\t\t\t\t\n\t\t\t\t\t\t<li class=\"\">\n\t\t\t\t\t\t\t\t<a href=\"#Oo4KXZVApsQ\" class=\"yotu-video\" data-videoid=\"Oo4KXZVApsQ\" data-title=\"Oscar Winner ~ Short film about love and passage of time | Father and Daughter - by M. Dudok de Wit\" title=\"Oscar Winner ~ Short film about love and passage of time | Father and Daughter - by M. Dudok de Wit\">\n\t\t\t\t\t<div class=\"yotu-video-thumb-wrp\">\n\t\t\t\t\t\t<div>\n\t\t\t\t\t\t\t\t\t\t\t\t\t\t<img decoding=\"async\" class=\"yotu-video-thumb\" src=\"https:\/\/i.ytimg.com\/vi\/Oo4KXZVApsQ\/sddefault.jpg\" alt=\"Oscar Winner ~ Short film about love and passage of time | Father and Daughter - by M. Dudok de Wit\">\t\n\t\t\t\t\t\t\t\t\t\t\t\t\t<\/div>\n\t\t\t\t\t<\/div>\n\t\t\t\t\t\t\t\t\t\t\t<h3 class=\"yotu-video-title\">Oscar Winner ~ Short film about love and passage of time | Father and Daughter - by M. Dudok de Wit<\/h3>\n\t\t\t\t\t\t\t\t\t\t\t\t\t\t\t\t\t\t\t<\/a>\n\t\t\t\t\t\t\t<\/li>\n\t\t\t\t\n\t\t\t\t\t\t<li class=\"\">\n\t\t\t\t\t\t\t\t<a href=\"#kNw8V_Fkw28\" class=\"yotu-video\" data-videoid=\"kNw8V_Fkw28\" data-title=\"Hair Love | Oscar\u00ae-Winning Short Film (Full) | Sony Pictures Animation\" title=\"Hair Love | Oscar\u00ae-Winning Short Film (Full) | Sony Pictures Animation\">\n\t\t\t\t\t<div class=\"yotu-video-thumb-wrp\">\n\t\t\t\t\t\t<div>\n\t\t\t\t\t\t\t\t\t\t\t\t\t\t<img decoding=\"async\" class=\"yotu-video-thumb\" src=\"https:\/\/i.ytimg.com\/vi\/kNw8V_Fkw28\/sddefault.jpg\" alt=\"Hair Love | Oscar\u00ae-Winning Short Film (Full) | Sony Pictures Animation\">\t\n\t\t\t\t\t\t\t\t\t\t\t\t\t<\/div>\n\t\t\t\t\t<\/div>\n\t\t\t\t\t\t\t\t\t\t\t<h3 class=\"yotu-video-title\">Hair Love | Oscar\u00ae-Winning Short Film (Full) | Sony Pictures Animation<\/h3>\n\t\t\t\t\t\t\t\t\t\t\t\t\t\t\t\t\t\t\t<\/a>\n\t\t\t\t\t\t\t<\/li>\n\t\t\t\t\n\t\t\t\t\t\t<li class=\"\">\n\t\t\t\t\t\t\t\t<a href=\"#ONHuLal2OxM\" class=\"yotu-video\" data-videoid=\"ONHuLal2OxM\" data-title=\"The Fantastic Flying Books of Mr  Morris Lessmore by William Joyce\" title=\"The Fantastic Flying Books of Mr  Morris Lessmore by William Joyce\">\n\t\t\t\t\t<div class=\"yotu-video-thumb-wrp\">\n\t\t\t\t\t\t<div>\n\t\t\t\t\t\t\t\t\t\t\t\t\t\t<img decoding=\"async\" class=\"yotu-video-thumb\" src=\"https:\/\/i.ytimg.com\/vi\/ONHuLal2OxM\/sddefault.jpg\" alt=\"The Fantastic Flying Books of Mr  Morris Lessmore by William Joyce\">\t\n\t\t\t\t\t\t\t\t\t\t\t\t\t<\/div>\n\t\t\t\t\t<\/div>\n\t\t\t\t\t\t\t\t\t\t\t<h3 class=\"yotu-video-title\">The Fantastic Flying Books of Mr  Morris Lessmore by William Joyce<\/h3>\n\t\t\t\t\t\t\t\t\t\t\t\t\t\t\t\t\t\t\t<\/a>\n\t\t\t\t\t\t\t<\/li>\n\t\t\t\t\n\t\t\t\t\t\t<li class=\"\">\n\t\t\t\t\t\t\t\t<a href=\"#2REkk9SCRn0\" class=\"yotu-video\" data-videoid=\"2REkk9SCRn0\" data-title=\"In a Heartbeat - Animated Short Film\" title=\"In a Heartbeat - Animated Short Film\">\n\t\t\t\t\t<div class=\"yotu-video-thumb-wrp\">\n\t\t\t\t\t\t<div>\n\t\t\t\t\t\t\t\t\t\t\t\t\t\t<img decoding=\"async\" class=\"yotu-video-thumb\" src=\"https:\/\/i.ytimg.com\/vi\/2REkk9SCRn0\/sddefault.jpg\" alt=\"In a Heartbeat - Animated Short Film\">\t\n\t\t\t\t\t\t\t\t\t\t\t\t\t<\/div>\n\t\t\t\t\t<\/div>\n\t\t\t\t\t\t\t\t\t\t\t<h3 class=\"yotu-video-title\">In a Heartbeat - Animated Short Film<\/h3>\n\t\t\t\t\t\t\t\t\t\t\t\t\t\t\t\t\t\t\t<\/a>\n\t\t\t\t\t\t\t<\/li>\n\t\t\t\t\n\t\t\t\t\t\t<li class=\"\">\n\t\t\t\t\t\t\t\t<a href=\"#yWd4mzGqQYo\" class=\"yotu-video\" data-videoid=\"yWd4mzGqQYo\" data-title=\"CGI Animated Short Film: \\&quot;One Small Step\\&quot; by TAIKO Studios | CGMeetup\" title=\"CGI Animated Short Film: &quot;One Small Step&quot; by TAIKO Studios | CGMeetup\">\n\t\t\t\t\t<div class=\"yotu-video-thumb-wrp\">\n\t\t\t\t\t\t<div>\n\t\t\t\t\t\t\t\t\t\t\t\t\t\t<img decoding=\"async\" class=\"yotu-video-thumb\" src=\"https:\/\/i.ytimg.com\/vi\/yWd4mzGqQYo\/sddefault.jpg\" alt=\"CGI Animated Short Film: &quot;One Small Step&quot; by TAIKO Studios | CGMeetup\">\t\n\t\t\t\t\t\t\t\t\t\t\t\t\t<\/div>\n\t\t\t\t\t<\/div>\n\t\t\t\t\t\t\t\t\t\t\t<h3 class=\"yotu-video-title\">CGI Animated Short Film: \"One Small Step\" by TAIKO Studios | CGMeetup<\/h3>\n\t\t\t\t\t\t\t\t\t\t\t\t\t\t\t\t\t\t\t<\/a>\n\t\t\t\t\t\t\t<\/li>\n\t\t\t\t\n\t\t\t\t\t\t<li class=\"\">\n\t\t\t\t\t\t\t\t<a href=\"#4INwx_tmTKw\" class=\"yotu-video\" data-videoid=\"4INwx_tmTKw\" data-title=\"\\&quot;Cuerdas\\&quot;, Cortometraje completo\" title=\"&quot;Cuerdas&quot;, Cortometraje completo\">\n\t\t\t\t\t<div class=\"yotu-video-thumb-wrp\">\n\t\t\t\t\t\t<div>\n\t\t\t\t\t\t\t\t\t\t\t\t\t\t<img decoding=\"async\" class=\"yotu-video-thumb\" src=\"https:\/\/i.ytimg.com\/vi\/4INwx_tmTKw\/sddefault.jpg\" alt=\"&quot;Cuerdas&quot;, Cortometraje completo\">\t\n\t\t\t\t\t\t\t\t\t\t\t\t\t<\/div>\n\t\t\t\t\t<\/div>\n\t\t\t\t\t\t\t\t\t\t\t<h3 class=\"yotu-video-title\">\"Cuerdas\", Cortometraje completo<\/h3>\n\t\t\t\t\t\t\t\t\t\t\t\t\t\t\t\t\t\t\t<\/a>\n\t\t\t\t\t\t\t<\/li>\n\t\t\t\t\n\t\t\t\t\t\t<li class=\"\">\n\t\t\t\t\t\t\t\t<a href=\"#B4frsp-rR6c\" class=\"yotu-video\" data-videoid=\"B4frsp-rR6c\" data-title=\"Tamara animation short movie\" title=\"Tamara animation short movie\">\n\t\t\t\t\t<div class=\"yotu-video-thumb-wrp\">\n\t\t\t\t\t\t<div>\n\t\t\t\t\t\t\t\t\t\t\t\t\t\t<img decoding=\"async\" class=\"yotu-video-thumb\" src=\"https:\/\/i.ytimg.com\/vi\/B4frsp-rR6c\/sddefault.jpg\" alt=\"Tamara animation short movie\">\t\n\t\t\t\t\t\t\t\t\t\t\t\t\t<\/div>\n\t\t\t\t\t<\/div>\n\t\t\t\t\t\t\t\t\t\t\t<h3 class=\"yotu-video-title\">Tamara animation short movie<\/h3>\n\t\t\t\t\t\t\t\t\t\t\t\t\t\t\t\t\t\t\t<\/a>\n\t\t\t\t\t\t\t<\/li>\n\t\t\t\t\n\t\t\t\t\t\t<li class=\"\">\n\t\t\t\t\t\t\t\t<a href=\"#38y_1EWIE9I\" class=\"yotu-video\" data-videoid=\"38y_1EWIE9I\" data-title=\"Snack Attack\" title=\"Snack Attack\">\n\t\t\t\t\t<div class=\"yotu-video-thumb-wrp\">\n\t\t\t\t\t\t<div>\n\t\t\t\t\t\t\t\t\t\t\t\t\t\t<img decoding=\"async\" class=\"yotu-video-thumb\" src=\"https:\/\/i.ytimg.com\/vi\/38y_1EWIE9I\/sddefault.jpg\" alt=\"Snack Attack\">\t\n\t\t\t\t\t\t\t\t\t\t\t\t\t<\/div>\n\t\t\t\t\t<\/div>\n\t\t\t\t\t\t\t\t\t\t\t<h3 class=\"yotu-video-title\">Snack Attack<\/h3>\n\t\t\t\t\t\t\t\t\t\t\t\t\t\t\t\t\t\t\t<\/a>\n\t\t\t\t\t\t\t<\/li>\n\t\t\t\t\n\t\t\t\t\t\t<li class=\"\">\n\t\t\t\t\t\t\t\t<a href=\"#YvGi7CrnqKc\" class=\"yotu-video\" data-videoid=\"YvGi7CrnqKc\" data-title=\"Y t\u00fa, \u00bfqu\u00e9 quieres ser de mayor?\" title=\"Y t\u00fa, \u00bfqu\u00e9 quieres ser de mayor?\">\n\t\t\t\t\t<div class=\"yotu-video-thumb-wrp\">\n\t\t\t\t\t\t<div>\n\t\t\t\t\t\t\t\t\t\t\t\t\t\t<img decoding=\"async\" class=\"yotu-video-thumb\" src=\"https:\/\/i.ytimg.com\/vi\/YvGi7CrnqKc\/hqdefault.jpg\" alt=\"Y t\u00fa, \u00bfqu\u00e9 quieres ser de mayor?\">\t\n\t\t\t\t\t\t\t\t\t\t\t\t\t<\/div>\n\t\t\t\t\t<\/div>\n\t\t\t\t\t\t\t\t\t\t\t<h3 class=\"yotu-video-title\">Y t\u00fa, \u00bfqu\u00e9 quieres ser de mayor?<\/h3>\n\t\t\t\t\t\t\t\t\t\t\t\t\t\t\t\t\t\t\t<\/a>\n\t\t\t\t\t\t\t<\/li>\n\t\t\t\t\n\t\t\t\t\t\t<li class=\"\">\n\t\t\t\t\t\t\t\t<a href=\"#e9dZQelULDk\" class=\"yotu-video\" data-videoid=\"e9dZQelULDk\" data-title=\"Happiness\" title=\"Happiness\">\n\t\t\t\t\t<div class=\"yotu-video-thumb-wrp\">\n\t\t\t\t\t\t<div>\n\t\t\t\t\t\t\t\t\t\t\t\t\t\t<img decoding=\"async\" class=\"yotu-video-thumb\" src=\"https:\/\/i.ytimg.com\/vi\/e9dZQelULDk\/sddefault.jpg\" alt=\"Happiness\">\t\n\t\t\t\t\t\t\t\t\t\t\t\t\t<\/div>\n\t\t\t\t\t<\/div>\n\t\t\t\t\t\t\t\t\t\t\t<h3 class=\"yotu-video-title\">Happiness<\/h3>\n\t\t\t\t\t\t\t\t\t\t\t\t\t\t\t\t\t\t\t<\/a>\n\t\t\t\t\t\t\t<\/li>\n\t\t\t\t\n\t\t\t\t\t\t<li class=\"\">\n\t\t\t\t\t\t\t\t<a href=\"#PDHIyrfMl_U\" class=\"yotu-video\" data-videoid=\"PDHIyrfMl_U\" data-title=\"CGI Animated Short Film HD \\&quot;Alike \\&quot; by Daniel Mart\u00ednez Lara &amp; Rafa Cano M\u00e9ndez | CGMeetup\" title=\"CGI Animated Short Film HD &quot;Alike &quot; by Daniel Mart\u00ednez Lara &amp; Rafa Cano M\u00e9ndez | CGMeetup\">\n\t\t\t\t\t<div class=\"yotu-video-thumb-wrp\">\n\t\t\t\t\t\t<div>\n\t\t\t\t\t\t\t\t\t\t\t\t\t\t<img decoding=\"async\" class=\"yotu-video-thumb\" src=\"https:\/\/i.ytimg.com\/vi\/PDHIyrfMl_U\/sddefault.jpg\" alt=\"CGI Animated Short Film HD &quot;Alike &quot; by Daniel Mart\u00ednez Lara &amp; Rafa Cano M\u00e9ndez | CGMeetup\">\t\n\t\t\t\t\t\t\t\t\t\t\t\t\t<\/div>\n\t\t\t\t\t<\/div>\n\t\t\t\t\t\t\t\t\t\t\t<h3 class=\"yotu-video-title\">CGI Animated Short Film HD \"Alike \" by Daniel Mart\u00ednez Lara &amp; Rafa Cano M\u00e9ndez | CGMeetup<\/h3>\n\t\t\t\t\t\t\t\t\t\t\t\t\t\t\t\t\t\t\t<\/a>\n\t\t\t\t\t\t\t<\/li>\n\t\t\t\t\n\t\t\t\t\t\t<li class=\" yotu-last\">\n\t\t\t\t\t\t\t\t<a href=\"#aqz-KE-bpKQ\" class=\"yotu-video\" data-videoid=\"aqz-KE-bpKQ\" data-title=\"Big Buck Bunny 60fps 4K - Official Blender Foundation Short Film\" title=\"Big Buck Bunny 60fps 4K - Official Blender Foundation Short Film\">\n\t\t\t\t\t<div class=\"yotu-video-thumb-wrp\">\n\t\t\t\t\t\t<div>\n\t\t\t\t\t\t\t\t\t\t\t\t\t\t<img decoding=\"async\" class=\"yotu-video-thumb\" src=\"https:\/\/i.ytimg.com\/vi\/aqz-KE-bpKQ\/sddefault.jpg\" alt=\"Big Buck Bunny 60fps 4K - Official Blender Foundation Short Film\">\t\n\t\t\t\t\t\t\t\t\t\t\t\t\t<\/div>\n\t\t\t\t\t<\/div>\n\t\t\t\t\t\t\t\t\t\t\t<h3 class=\"yotu-video-title\">Big Buck Bunny 60fps 4K - Official Blender Foundation Short Film<\/h3>\n\t\t\t\t\t\t\t\t\t\t\t\t\t\t\t\t\t\t\t<\/a>\n\t\t\t\t\t\t\t<\/li>\n\t\t\t\t\n\t\t\t\t<\/ul>\n<\/div><div class=\"yotu-pagination yotu-pager_layout-default yotu-pagination-bottom\">\n<a href=\"#\" class=\"yotu-pagination-prev yotu-button-prs yotu-button-prs-1\" data-page=\"prev\">Prev<\/a>\n<span class=\"yotu-pagination-current\">1<\/span> <span>of<\/span> <span class=\"yotu-pagination-total\">2<\/span>\n<a href=\"#\" class=\"yotu-pagination-next yotu-button-prs yotu-button-prs-1\" data-page=\"next\">Next<\/a>\n<\/div>\n\t\t\t\t<\/div>\n\t\t\t<\/div>\n\t\t\t\n","protected":false},"excerpt":{"rendered":"<p>Todos adoramos ver um filme. Mas, e depois? &#8220;Vi um filme, e&#8230;&#8221; permite, atrav\u00e9s de uma visualiza\u00e7\u00e3o de pequenos filmes, explorar temas como o que \u00e9 ser adolescente, ser pessoa, ser cidad\u00e3o, ser aluno, ser feliz\u2026 Sugest\u00f5es de curtas para visualiza\u00e7\u00e3o e discuss\u00e3o<\/p>\n","protected":false},"author":4,"featured_media":0,"parent":0,"menu_order":0,"comment_status":"closed","ping_status":"closed","template":"","meta":{"footnotes":""},"class_list":["post-1017","page","type-page","status-publish","hentry"],"acf":[],"_links":{"self":[{"href":"https:\/\/bibliotecas.aeqb.edu.pt\/index.php?rest_route=\/wp\/v2\/pages\/1017","targetHints":{"allow":["GET"]}}],"collection":[{"href":"https:\/\/bibliotecas.aeqb.edu.pt\/index.php?rest_route=\/wp\/v2\/pages"}],"about":[{"href":"https:\/\/bibliotecas.aeqb.edu.pt\/index.php?rest_route=\/wp\/v2\/types\/page"}],"author":[{"embeddable":true,"href":"https:\/\/bibliotecas.aeqb.edu.pt\/index.php?rest_route=\/wp\/v2\/users\/4"}],"replies":[{"embeddable":true,"href":"https:\/\/bibliotecas.aeqb.edu.pt\/index.php?rest_route=%2Fwp%2Fv2%2Fcomments&post=1017"}],"version-history":[{"count":27,"href":"https:\/\/bibliotecas.aeqb.edu.pt\/index.php?rest_route=\/wp\/v2\/pages\/1017\/revisions"}],"predecessor-version":[{"id":2315,"href":"https:\/\/bibliotecas.aeqb.edu.pt\/index.php?rest_route=\/wp\/v2\/pages\/1017\/revisions\/2315"}],"wp:attachment":[{"href":"https:\/\/bibliotecas.aeqb.edu.pt\/index.php?rest_route=%2Fwp%2Fv2%2Fmedia&parent=1017"}],"curies":[{"name":"wp","href":"https:\/\/api.w.org\/{rel}","templated":true}]}}