{"id":1040,"date":"2023-11-07T15:16:44","date_gmt":"2023-11-07T15:16:44","guid":{"rendered":"https:\/\/bibliotecas.aeqb.edu.pt\/?page_id=1040"},"modified":"2023-11-08T11:06:29","modified_gmt":"2023-11-08T11:06:29","slug":"saber-compartilhado","status":"publish","type":"page","link":"https:\/\/bibliotecas.aeqb.edu.pt\/?page_id=1040","title":{"rendered":"Saber Compartilhado"},"content":{"rendered":"\n<h4 class=\"wp-block-heading has-text-align-right\">2.\u00ba E 3.\u00ba CICLOS<\/h4>\n\n\n\n<p class=\"has-text-align-right\"><strong>Ao longo do ano letivo &#8211; EBPGC<\/strong><\/p>\n\n\n\n<div style=\"height:20px\" aria-hidden=\"true\" class=\"wp-block-spacer\"><\/div>\n\n\n\n<h3 class=\"wp-block-heading has-text-align-left\">Grupos aut\u00f3nomos de estudo<\/h3>\n\n\n\n<div class=\"wp-block-media-text is-stacked-on-mobile\" style=\"grid-template-columns:25% auto\"><figure class=\"wp-block-media-text__media\"><img fetchpriority=\"high\" decoding=\"async\" width=\"500\" height=\"500\" src=\"https:\/\/bibliotecas.aeqb.edu.pt\/wp-content\/uploads\/2023\/11\/Saber-Compartilhado.png\" alt=\"\" class=\"wp-image-1041 size-full\" srcset=\"https:\/\/bibliotecas.aeqb.edu.pt\/wp-content\/uploads\/2023\/11\/Saber-Compartilhado.png 500w, https:\/\/bibliotecas.aeqb.edu.pt\/wp-content\/uploads\/2023\/11\/Saber-Compartilhado-300x300.png 300w, https:\/\/bibliotecas.aeqb.edu.pt\/wp-content\/uploads\/2023\/11\/Saber-Compartilhado-150x150.png 150w, https:\/\/bibliotecas.aeqb.edu.pt\/wp-content\/uploads\/2023\/11\/Saber-Compartilhado-75x75.png 75w\" sizes=\"(max-width: 500px) 100vw, 500px\" \/><\/figure><div class=\"wp-block-media-text__content\">\n<p>Equipas de 3 alunos lideradas por um aluno (Monitor do CRE ou volunt\u00e1rio) que ter\u00e1 a responsabilidade de orientar e ajudar os colegas a estudar e obter melhores resultados escolares.<\/p>\n<\/div><\/div>\n\n\n\n<div style=\"height:40px\" aria-hidden=\"true\" class=\"wp-block-spacer\"><\/div>\n\n\n\n<h3 class=\"wp-block-heading has-text-align-left\">Atribui\u00e7\u00e3o de Pontos<\/h3>\n\n\n\n<div class=\"wp-block-media-text is-stacked-on-mobile\" style=\"grid-template-columns:25% auto\"><figure class=\"wp-block-media-text__media\"><img decoding=\"async\" width=\"709\" height=\"455\" src=\"https:\/\/bibliotecas.aeqb.edu.pt\/wp-content\/uploads\/2023\/11\/logo.monitores.6cm.jpg\" alt=\"\" class=\"wp-image-1042 size-full\" srcset=\"https:\/\/bibliotecas.aeqb.edu.pt\/wp-content\/uploads\/2023\/11\/logo.monitores.6cm.jpg 709w, https:\/\/bibliotecas.aeqb.edu.pt\/wp-content\/uploads\/2023\/11\/logo.monitores.6cm-300x193.jpg 300w\" sizes=\"(max-width: 709px) 100vw, 709px\" \/><\/figure><div class=\"wp-block-media-text__content\">\n<ul class=\"wp-block-list\">\n<li>Pelo seu desempenho nos trabalhos escolares;<\/li>\n\n\n\n<li>Pelas classifica\u00e7\u00f5es obtidas no final de cada semestre;<\/li>\n\n\n\n<li>Pela participa\u00e7\u00e3o em atividades e eventos da escola. (A melhoria de classifica\u00e7\u00f5es conta a dobrar.)<\/li>\n<\/ul>\n<\/div><\/div>\n","protected":false},"excerpt":{"rendered":"<p>2.\u00ba E 3.\u00ba CICLOS Ao longo do ano letivo &#8211; EBPGC Grupos aut\u00f3nomos de estudo Equipas de 3 alunos lideradas por um aluno (Monitor do CRE ou volunt\u00e1rio) que ter\u00e1 a responsabilidade de orientar e ajudar os colegas a estudar e obter melhores resultados escolares. Atribui\u00e7\u00e3o de Pontos<\/p>\n","protected":false},"author":4,"featured_media":0,"parent":0,"menu_order":0,"comment_status":"closed","ping_status":"closed","template":"","meta":{"footnotes":""},"class_list":["post-1040","page","type-page","status-publish","hentry"],"acf":[],"_links":{"self":[{"href":"https:\/\/bibliotecas.aeqb.edu.pt\/index.php?rest_route=\/wp\/v2\/pages\/1040","targetHints":{"allow":["GET"]}}],"collection":[{"href":"https:\/\/bibliotecas.aeqb.edu.pt\/index.php?rest_route=\/wp\/v2\/pages"}],"about":[{"href":"https:\/\/bibliotecas.aeqb.edu.pt\/index.php?rest_route=\/wp\/v2\/types\/page"}],"author":[{"embeddable":true,"href":"https:\/\/bibliotecas.aeqb.edu.pt\/index.php?rest_route=\/wp\/v2\/users\/4"}],"replies":[{"embeddable":true,"href":"https:\/\/bibliotecas.aeqb.edu.pt\/index.php?rest_route=%2Fwp%2Fv2%2Fcomments&post=1040"}],"version-history":[{"count":10,"href":"https:\/\/bibliotecas.aeqb.edu.pt\/index.php?rest_route=\/wp\/v2\/pages\/1040\/revisions"}],"predecessor-version":[{"id":1120,"href":"https:\/\/bibliotecas.aeqb.edu.pt\/index.php?rest_route=\/wp\/v2\/pages\/1040\/revisions\/1120"}],"wp:attachment":[{"href":"https:\/\/bibliotecas.aeqb.edu.pt\/index.php?rest_route=%2Fwp%2Fv2%2Fmedia&parent=1040"}],"curies":[{"name":"wp","href":"https:\/\/api.w.org\/{rel}","templated":true}]}}