{"id":1051,"date":"2023-11-07T15:23:23","date_gmt":"2023-11-07T15:23:23","guid":{"rendered":"https:\/\/bibliotecas.aeqb.edu.pt\/?page_id=1051"},"modified":"2023-11-08T10:45:24","modified_gmt":"2023-11-08T10:45:24","slug":"a-descoberta-da-be","status":"publish","type":"page","link":"https:\/\/bibliotecas.aeqb.edu.pt\/?page_id=1051","title":{"rendered":"\u00c0 descoberta da BE"},"content":{"rendered":"\n<h4 class=\"wp-block-heading has-text-align-right\">1.\u00ba e 5.\u00ba ANO<\/h4>\n\n\n\n<p class=\"has-text-align-right\"><strong>Sess\u00e3o de 60 minutos<\/strong><\/p>\n\n\n\n<div style=\"height:20px\" aria-hidden=\"true\" class=\"wp-block-spacer\"><\/div>\n\n\n\n<h3 class=\"wp-block-heading\">1.\u00ba Ano<\/h3>\n\n\n\n<div class=\"wp-block-media-text has-media-on-the-right is-stacked-on-mobile\" style=\"grid-template-columns:auto 20%\"><div class=\"wp-block-media-text__content\">\n<p>Sess\u00e3o de trabalho para desenvolvimento de compet\u00eancias em literacia da leitura e utiliza\u00e7\u00e3o da Biblioteca.<\/p>\n\n\n\n<p>Com visita \u00e0 Biblioteca e 1.\u00aa requisi\u00e7\u00e3o domicili\u00e1ria.<\/p>\n<\/div><figure class=\"wp-block-media-text__media\"><img fetchpriority=\"high\" decoding=\"async\" width=\"500\" height=\"500\" src=\"https:\/\/bibliotecas.aeqb.edu.pt\/wp-content\/uploads\/2023\/11\/A-descoberta-da-Biblioteca.png\" alt=\"\" class=\"wp-image-1052 size-full\" srcset=\"https:\/\/bibliotecas.aeqb.edu.pt\/wp-content\/uploads\/2023\/11\/A-descoberta-da-Biblioteca.png 500w, https:\/\/bibliotecas.aeqb.edu.pt\/wp-content\/uploads\/2023\/11\/A-descoberta-da-Biblioteca-300x300.png 300w, https:\/\/bibliotecas.aeqb.edu.pt\/wp-content\/uploads\/2023\/11\/A-descoberta-da-Biblioteca-150x150.png 150w, https:\/\/bibliotecas.aeqb.edu.pt\/wp-content\/uploads\/2023\/11\/A-descoberta-da-Biblioteca-75x75.png 75w\" sizes=\"(max-width: 500px) 100vw, 500px\" \/><\/figure><\/div>\n\n\n\n<div style=\"height:20px\" aria-hidden=\"true\" class=\"wp-block-spacer\"><\/div>\n\n\n\n<h3 class=\"wp-block-heading\">5.\u00ba Ano<\/h3>\n\n\n\n<div class=\"wp-block-media-text is-stacked-on-mobile\" style=\"grid-template-columns:20% auto\"><figure class=\"wp-block-media-text__media\"><img fetchpriority=\"high\" decoding=\"async\" width=\"500\" height=\"500\" src=\"https:\/\/bibliotecas.aeqb.edu.pt\/wp-content\/uploads\/2023\/11\/A-descoberta-da-Biblioteca.png\" alt=\"\" class=\"wp-image-1052 size-full\" srcset=\"https:\/\/bibliotecas.aeqb.edu.pt\/wp-content\/uploads\/2023\/11\/A-descoberta-da-Biblioteca.png 500w, https:\/\/bibliotecas.aeqb.edu.pt\/wp-content\/uploads\/2023\/11\/A-descoberta-da-Biblioteca-300x300.png 300w, https:\/\/bibliotecas.aeqb.edu.pt\/wp-content\/uploads\/2023\/11\/A-descoberta-da-Biblioteca-150x150.png 150w, https:\/\/bibliotecas.aeqb.edu.pt\/wp-content\/uploads\/2023\/11\/A-descoberta-da-Biblioteca-75x75.png 75w\" sizes=\"(max-width: 500px) 100vw, 500px\" \/><\/figure><div class=\"wp-block-media-text__content\">\n<p>Visita guiada \u00e0 Biblioteca Escolar para conhecimento do espa\u00e7o, recursos e equipamentos e respetivas regras de utiliza\u00e7\u00e3o.<\/p>\n<\/div><\/div>\n","protected":false},"excerpt":{"rendered":"<p>1.\u00ba e 5.\u00ba ANO Sess\u00e3o de 60 minutos 1.\u00ba Ano Sess\u00e3o de trabalho para desenvolvimento de compet\u00eancias em literacia da leitura e utiliza\u00e7\u00e3o da Biblioteca. Com visita \u00e0 Biblioteca e 1.\u00aa requisi\u00e7\u00e3o domicili\u00e1ria. 5.\u00ba Ano Visita guiada \u00e0 Biblioteca Escolar para conhecimento do espa\u00e7o, recursos e equipamentos e respetivas regras de utiliza\u00e7\u00e3o.<\/p>\n","protected":false},"author":4,"featured_media":0,"parent":0,"menu_order":0,"comment_status":"closed","ping_status":"closed","template":"","meta":{"footnotes":""},"class_list":["post-1051","page","type-page","status-publish","hentry"],"acf":[],"_links":{"self":[{"href":"https:\/\/bibliotecas.aeqb.edu.pt\/index.php?rest_route=\/wp\/v2\/pages\/1051","targetHints":{"allow":["GET"]}}],"collection":[{"href":"https:\/\/bibliotecas.aeqb.edu.pt\/index.php?rest_route=\/wp\/v2\/pages"}],"about":[{"href":"https:\/\/bibliotecas.aeqb.edu.pt\/index.php?rest_route=\/wp\/v2\/types\/page"}],"author":[{"embeddable":true,"href":"https:\/\/bibliotecas.aeqb.edu.pt\/index.php?rest_route=\/wp\/v2\/users\/4"}],"replies":[{"embeddable":true,"href":"https:\/\/bibliotecas.aeqb.edu.pt\/index.php?rest_route=%2Fwp%2Fv2%2Fcomments&post=1051"}],"version-history":[{"count":6,"href":"https:\/\/bibliotecas.aeqb.edu.pt\/index.php?rest_route=\/wp\/v2\/pages\/1051\/revisions"}],"predecessor-version":[{"id":1113,"href":"https:\/\/bibliotecas.aeqb.edu.pt\/index.php?rest_route=\/wp\/v2\/pages\/1051\/revisions\/1113"}],"wp:attachment":[{"href":"https:\/\/bibliotecas.aeqb.edu.pt\/index.php?rest_route=%2Fwp%2Fv2%2Fmedia&parent=1051"}],"curies":[{"name":"wp","href":"https:\/\/api.w.org\/{rel}","templated":true}]}}