{"id":1062,"date":"2023-11-07T15:51:35","date_gmt":"2023-11-07T15:51:35","guid":{"rendered":"https:\/\/bibliotecas.aeqb.edu.pt\/?page_id=1062"},"modified":"2023-11-08T10:31:46","modified_gmt":"2023-11-08T10:31:46","slug":"10-minutos-a-ler","status":"publish","type":"page","link":"https:\/\/bibliotecas.aeqb.edu.pt\/?page_id=1062","title":{"rendered":"10 minutos a Ler"},"content":{"rendered":"\n<h4 class=\"wp-block-heading has-text-align-right\">TODOS OS CICLOS<\/h4>\n\n\n\n<p class=\"has-text-align-right\"><strong>Ao longo do ano letivo (diariamente)<\/strong><\/p>\n\n\n\n<div style=\"height:20px\" aria-hidden=\"true\" class=\"wp-block-spacer\"><\/div>\n\n\n\n<h3 class=\"wp-block-heading\">Momento de Leitura<\/h3>\n\n\n\n<div class=\"wp-block-media-text has-media-on-the-right is-stacked-on-mobile\" style=\"grid-template-columns:auto 25%\"><div class=\"wp-block-media-text__content\">\n<p>Programa que visa promover rotinas de leitura, destinando 10 minutos do tempo letivo \u00e0 leitura.<\/p>\n<\/div><figure class=\"wp-block-media-text__media\"><img fetchpriority=\"high\" decoding=\"async\" width=\"500\" height=\"500\" src=\"https:\/\/bibliotecas.aeqb.edu.pt\/wp-content\/uploads\/2023\/11\/10-MINUTOS.png\" alt=\"\" class=\"wp-image-1063 size-full\" srcset=\"https:\/\/bibliotecas.aeqb.edu.pt\/wp-content\/uploads\/2023\/11\/10-MINUTOS.png 500w, https:\/\/bibliotecas.aeqb.edu.pt\/wp-content\/uploads\/2023\/11\/10-MINUTOS-300x300.png 300w, https:\/\/bibliotecas.aeqb.edu.pt\/wp-content\/uploads\/2023\/11\/10-MINUTOS-150x150.png 150w, https:\/\/bibliotecas.aeqb.edu.pt\/wp-content\/uploads\/2023\/11\/10-MINUTOS-75x75.png 75w\" sizes=\"(max-width: 500px) 100vw, 500px\" \/><\/figure><\/div>\n\n\n\n<div style=\"height:20px\" aria-hidden=\"true\" class=\"wp-block-spacer\"><\/div>\n\n\n\n<h3 class=\"wp-block-heading\">Modalidades<\/h3>\n\n\n\n<div style=\"height:20px\" aria-hidden=\"true\" class=\"wp-block-spacer\"><\/div>\n\n\n\n<div class=\"wp-block-columns is-layout-flex wp-container-core-columns-is-layout-9d6595d7 wp-block-columns-is-layout-flex\">\n<div class=\"wp-block-column is-layout-flow wp-block-column-is-layout-flow\" style=\"flex-basis:33.33%\">\n<p><strong>Pr\u00e9-Escolar<\/strong><\/p>\n<\/div>\n\n\n\n<div class=\"wp-block-column is-layout-flow wp-block-column-is-layout-flow\" style=\"flex-basis:66.66%\">\n<p>Momento de 10 minutos de leitura di\u00e1ria em hor\u00e1rio fixo. Textos liter\u00e1rios em formato f\u00edsico ou digital. Sele\u00e7\u00e3o e leitura da<br>responsabilidade da educadora.<\/p>\n<\/div>\n<\/div>\n\n\n\n<div class=\"wp-block-columns is-layout-flex wp-container-core-columns-is-layout-9d6595d7 wp-block-columns-is-layout-flex\">\n<div class=\"wp-block-column is-layout-flow wp-block-column-is-layout-flow\" style=\"flex-basis:33.33%\">\n<p><strong>1.\u00ba Ciclo<\/strong><\/p>\n<\/div>\n\n\n\n<div class=\"wp-block-column is-layout-flow wp-block-column-is-layout-flow\" style=\"flex-basis:66.66%\">\n<p>Momento de 10 minutos de leitura di\u00e1ria em hor\u00e1rio fixo. Textos<br>liter\u00e1rios ou informativos, em formato f\u00edsico ou digital. Sele\u00e7\u00e3o de textos da responsabilidade do docente, mas aberta a sugest\u00f5es dos alunos, e leitura em voz alta realizada pelo(a) docente ou por alunos.<\/p>\n<\/div>\n<\/div>\n\n\n\n<div class=\"wp-block-columns is-layout-flex wp-container-core-columns-is-layout-9d6595d7 wp-block-columns-is-layout-flex\">\n<div class=\"wp-block-column is-layout-flow wp-block-column-is-layout-flow\" style=\"flex-basis:33.33%\">\n<p><strong>2.\u00ba, 3.\u00ba Ciclos e Secund\u00e1rio<\/strong><\/p>\n<\/div>\n\n\n\n<div class=\"wp-block-column is-layout-flow wp-block-column-is-layout-flow\" style=\"flex-basis:66.66%\">\n<p>Momento de 10 minutos de leitura di\u00e1ria em hor\u00e1rio fixo.Textos<br>liter\u00e1rios ou informativos, em formato f\u00edsico oudigital.<br>Sele\u00e7\u00e3o de textos pelos alunos ou por sugest\u00e3o do docente e<br>leitura numa das seguintes modalidades:<\/p>\n\n\n\n<ul class=\"wp-block-list\">\n<li>leitura em voz alta por docente ou aluno;<\/li>\n\n\n\n<li>leitura individual e silenciosa.<\/li>\n<\/ul>\n<\/div>\n<\/div>\n","protected":false},"excerpt":{"rendered":"<p>TODOS OS CICLOS Ao longo do ano letivo (diariamente) Momento de Leitura Programa que visa promover rotinas de leitura, destinando 10 minutos do tempo letivo \u00e0 leitura. Modalidades Pr\u00e9-Escolar Momento de 10 minutos de leitura di\u00e1ria em hor\u00e1rio fixo. Textos liter\u00e1rios em formato f\u00edsico ou digital. Sele\u00e7\u00e3o e leitura daresponsabilidade da educadora. 1.\u00ba Ciclo Momento de 10 minutos de leitura di\u00e1ria em hor\u00e1rio fixo. Textosliter\u00e1rios ou informativos, em formato f\u00edsico ou digital. Sele\u00e7\u00e3o de textos da responsabilidade do docente, mas aberta a sugest\u00f5es dos alunos, e leitura em voz alta realizada pelo(a) docente ou por alunos. 2.\u00ba, 3.\u00ba Ciclos e Secund\u00e1rio Momento de 10 minutos de leitura di\u00e1ria em hor\u00e1rio fixo.Textosliter\u00e1rios ou informativos, em formato f\u00edsico oudigital.Sele\u00e7\u00e3o de textos pelos alunos ou por sugest\u00e3o do docente eleitura numa das seguintes modalidades:<\/p>\n","protected":false},"author":4,"featured_media":0,"parent":0,"menu_order":0,"comment_status":"closed","ping_status":"closed","template":"","meta":{"footnotes":""},"class_list":["post-1062","page","type-page","status-publish","hentry"],"acf":[],"_links":{"self":[{"href":"https:\/\/bibliotecas.aeqb.edu.pt\/index.php?rest_route=\/wp\/v2\/pages\/1062","targetHints":{"allow":["GET"]}}],"collection":[{"href":"https:\/\/bibliotecas.aeqb.edu.pt\/index.php?rest_route=\/wp\/v2\/pages"}],"about":[{"href":"https:\/\/bibliotecas.aeqb.edu.pt\/index.php?rest_route=\/wp\/v2\/types\/page"}],"author":[{"embeddable":true,"href":"https:\/\/bibliotecas.aeqb.edu.pt\/index.php?rest_route=\/wp\/v2\/users\/4"}],"replies":[{"embeddable":true,"href":"https:\/\/bibliotecas.aeqb.edu.pt\/index.php?rest_route=%2Fwp%2Fv2%2Fcomments&post=1062"}],"version-history":[{"count":6,"href":"https:\/\/bibliotecas.aeqb.edu.pt\/index.php?rest_route=\/wp\/v2\/pages\/1062\/revisions"}],"predecessor-version":[{"id":1105,"href":"https:\/\/bibliotecas.aeqb.edu.pt\/index.php?rest_route=\/wp\/v2\/pages\/1062\/revisions\/1105"}],"wp:attachment":[{"href":"https:\/\/bibliotecas.aeqb.edu.pt\/index.php?rest_route=%2Fwp%2Fv2%2Fmedia&parent=1062"}],"curies":[{"name":"wp","href":"https:\/\/api.w.org\/{rel}","templated":true}]}}