{"id":1121,"date":"2023-11-16T10:20:39","date_gmt":"2023-11-16T10:20:39","guid":{"rendered":"https:\/\/bibliotecas.aeqb.edu.pt\/?page_id=1121"},"modified":"2024-07-11T07:16:55","modified_gmt":"2024-07-11T07:16:55","slug":"viagem-pelos-livros","status":"publish","type":"page","link":"https:\/\/bibliotecas.aeqb.edu.pt\/?page_id=1121","title":{"rendered":"Viagem pelos Livros"},"content":{"rendered":"\n<h4 class=\"wp-block-heading has-text-align-right\">2.\u00ba e 3.\u00ba CICLOS \/ SECUND\u00c1RIO<\/h4>\n\n\n\n<p class=\"has-text-align-right\"><strong>Ao longo do ano letivo<\/strong><\/p>\n\n\n\n<div class=\"wp-block-media-text has-media-on-the-right is-stacked-on-mobile\" style=\"grid-template-columns:auto 23%\"><div class=\"wp-block-media-text__content\">\n<p class=\"has-text-align-center\">A VIAGEM PELOS LIVROS \u00e9 uma competi\u00e7\u00e3o entre alunos e turmas que tem por base a leitura aut\u00f3noma.<\/p>\n<\/div><figure class=\"wp-block-media-text__media\"><img fetchpriority=\"high\" decoding=\"async\" width=\"500\" height=\"500\" src=\"https:\/\/bibliotecas.aeqb.edu.pt\/wp-content\/uploads\/2023\/11\/Viagem-pelos-livros.png\" alt=\"\" class=\"wp-image-1122 size-full\" srcset=\"https:\/\/bibliotecas.aeqb.edu.pt\/wp-content\/uploads\/2023\/11\/Viagem-pelos-livros.png 500w, https:\/\/bibliotecas.aeqb.edu.pt\/wp-content\/uploads\/2023\/11\/Viagem-pelos-livros-300x300.png 300w, https:\/\/bibliotecas.aeqb.edu.pt\/wp-content\/uploads\/2023\/11\/Viagem-pelos-livros-150x150.png 150w, https:\/\/bibliotecas.aeqb.edu.pt\/wp-content\/uploads\/2023\/11\/Viagem-pelos-livros-75x75.png 75w\" sizes=\"(max-width: 500px) 100vw, 500px\" \/><\/figure><\/div>\n\n\n\n<h4 class=\"wp-block-heading\">OBJETIVOS<\/h4>\n\n\n\n<p>Este concurso tem como objetivo estimular a leitura aut\u00f3noma, atrav\u00e9s da requisi\u00e7\u00e3o domicili\u00e1ria.<br>No entanto, n\u00e3o se exclui a participa\u00e7\u00e3o dos alunos relativamente a obras abordadas em leitura orientada.<br>A participa\u00e7\u00e3o na atividade \u201cUma viagem pelos livros\u201d est\u00e1 aberta a todos os alunos dos 2.\u00ba e 3.\u00ba Ciclos e Secund\u00e1rio do Agrupamento Queluz-Belas.<br>Em cada turma, o professor de Portugu\u00eas estimular\u00e1 e controlar\u00e1 a participa\u00e7\u00e3o dos alunos.<\/p>\n\n\n\n<div style=\"height:50px\" aria-hidden=\"true\" class=\"wp-block-spacer\"><\/div>\n\n\n\n<h4 class=\"wp-block-heading\">REGULAMENTO<\/h4>\n\n\n\n<p>Cada turma tem um passaporte de leitura que ir\u00e1 sendo preenchido com autocolantes com o nome do aluno leitor.<br>\u00c9 atribu\u00eddo de 1 a 5 autocolantes por obra lida por cada aluno: <\/p>\n\n\n\n<p>Leitura da obra \u2013 1 ponto;<br>Leitura da obra e apresenta\u00e7\u00e3o de trabalho \u2013 3 pontos;<br>Leitura da obra e apresenta\u00e7\u00e3o da obra \u00e0 turma \u2013 5 pontos.<br>Os passaportes est\u00e3o expostos \u00e0 entrada da BE, permitindo verificar a \u201cviagem\u201d de cada turma. Periodicamente, v\u00e3o sendo afixadas classifica\u00e7\u00f5es provis\u00f3rias.<br>\u00c9 obrigat\u00f3ria a leitura da totalidade da obra, mesmo que esta seja composta por diversos contos.<br>Por cada livro lido, o aluno entrega na BE uma ficha de identifica\u00e7\u00e3o do livro assinada pelo professor de Portugu\u00eas. Esta folha \u00e9 fornecida aos alunos pela BE junto com os livros requisitados ou por solicita\u00e7\u00e3o do pr\u00f3prio aluno.<\/p>\n\n\n\n<p>Os trabalhos realizados, independentemente da modalidade, devem ser entregues na Biblioteca Escolar, juntamente com a ficha do livro assinada pelo professor de Portugu\u00eas, em m\u00e3o ou atrav\u00e9s de email, conforme as modalidades.<\/p>\n\n\n\n<p><br><strong>Modalidades<\/strong><br>A. Resumo<br>B. Coment\u00e1rio<br>C .Descri\u00e7\u00e3o da personagem favorita<br>D. Podcast \/ PowerPoint \/ V\u00eddeo promocional<br>E .Passatempo<br>F. Capa alternativa<br>G. Marcador de p\u00e1gina<br>H. Entrevista<\/p>\n\n\n\n<p><br>Ganha a \u201cViagem\u201d o aluno com o maior n\u00famero de obras lidas e todos os pontos obtidos pela turma ser\u00e3o somados \u00e0 pontua\u00e7\u00e3o final da Maratona do Conhecimento.<\/p>\n\n\n\n<p>A data limite para a entrega de trabalhos e fichas de identifica\u00e7\u00e3o do livro \u00e9 30 de maio de 2024.<br>Para as modalidades que exigem o recurso \u00e0s tecnologias, alunos e professores poder\u00e3o recorrer ao apoio da BE.<\/p>\n","protected":false},"excerpt":{"rendered":"<p>2.\u00ba e 3.\u00ba CICLOS \/ SECUND\u00c1RIO Ao longo do ano letivo A VIAGEM PELOS LIVROS \u00e9 uma competi\u00e7\u00e3o entre alunos e turmas que tem por base a leitura aut\u00f3noma. OBJETIVOS Este concurso tem como objetivo estimular a leitura aut\u00f3noma, atrav\u00e9s da requisi\u00e7\u00e3o domicili\u00e1ria.No entanto, n\u00e3o se exclui a participa\u00e7\u00e3o dos alunos relativamente a obras abordadas em leitura orientada.A participa\u00e7\u00e3o na atividade \u201cUma viagem pelos livros\u201d est\u00e1 aberta a todos os alunos dos 2.\u00ba e 3.\u00ba Ciclos e Secund\u00e1rio do Agrupamento Queluz-Belas.Em cada turma, o professor de Portugu\u00eas estimular\u00e1 e controlar\u00e1 a participa\u00e7\u00e3o dos alunos. REGULAMENTO Cada turma tem um passaporte de leitura que ir\u00e1 sendo preenchido com autocolantes com o nome do aluno leitor.\u00c9 atribu\u00eddo de 1 a 5 autocolantes por obra lida por cada aluno: Leitura da obra \u2013 1 ponto;Leitura da obra e apresenta\u00e7\u00e3o de trabalho \u2013 3 pontos;Leitura da obra e apresenta\u00e7\u00e3o da obra \u00e0 turma \u2013 5 pontos.Os passaportes est\u00e3o expostos \u00e0 entrada da BE, permitindo verificar a \u201cviagem\u201d de cada turma. Periodicamente, v\u00e3o sendo afixadas classifica\u00e7\u00f5es provis\u00f3rias.\u00c9 obrigat\u00f3ria a leitura da totalidade da obra, mesmo que esta seja composta por diversos contos.Por cada livro lido, o aluno entrega na BE uma ficha de identifica\u00e7\u00e3o do livro assinada pelo professor de Portugu\u00eas. Esta folha \u00e9 fornecida aos alunos pela BE junto com os livros requisitados ou por solicita\u00e7\u00e3o do pr\u00f3prio aluno. Os trabalhos realizados, independentemente da modalidade, devem ser entregues na Biblioteca Escolar, juntamente com a ficha do livro assinada pelo professor de Portugu\u00eas, em m\u00e3o ou atrav\u00e9s de email, conforme as modalidades. ModalidadesA. ResumoB. Coment\u00e1rioC .Descri\u00e7\u00e3o da personagem favoritaD. Podcast \/ PowerPoint \/ V\u00eddeo promocionalE .PassatempoF. Capa alternativaG. Marcador de p\u00e1ginaH. Entrevista Ganha a \u201cViagem\u201d o aluno com o maior n\u00famero de obras lidas e todos os pontos obtidos pela turma ser\u00e3o somados \u00e0 pontua\u00e7\u00e3o final da Maratona do Conhecimento. A data limite para a entrega de trabalhos e fichas de identifica\u00e7\u00e3o do livro \u00e9 30 de maio de 2024.Para as modalidades que exigem o recurso \u00e0s tecnologias, alunos e professores poder\u00e3o recorrer ao apoio da BE.<\/p>\n","protected":false},"author":4,"featured_media":0,"parent":0,"menu_order":0,"comment_status":"closed","ping_status":"closed","template":"","meta":{"footnotes":""},"class_list":["post-1121","page","type-page","status-publish","hentry"],"acf":[],"_links":{"self":[{"href":"https:\/\/bibliotecas.aeqb.edu.pt\/index.php?rest_route=\/wp\/v2\/pages\/1121","targetHints":{"allow":["GET"]}}],"collection":[{"href":"https:\/\/bibliotecas.aeqb.edu.pt\/index.php?rest_route=\/wp\/v2\/pages"}],"about":[{"href":"https:\/\/bibliotecas.aeqb.edu.pt\/index.php?rest_route=\/wp\/v2\/types\/page"}],"author":[{"embeddable":true,"href":"https:\/\/bibliotecas.aeqb.edu.pt\/index.php?rest_route=\/wp\/v2\/users\/4"}],"replies":[{"embeddable":true,"href":"https:\/\/bibliotecas.aeqb.edu.pt\/index.php?rest_route=%2Fwp%2Fv2%2Fcomments&post=1121"}],"version-history":[{"count":11,"href":"https:\/\/bibliotecas.aeqb.edu.pt\/index.php?rest_route=\/wp\/v2\/pages\/1121\/revisions"}],"predecessor-version":[{"id":2529,"href":"https:\/\/bibliotecas.aeqb.edu.pt\/index.php?rest_route=\/wp\/v2\/pages\/1121\/revisions\/2529"}],"wp:attachment":[{"href":"https:\/\/bibliotecas.aeqb.edu.pt\/index.php?rest_route=%2Fwp%2Fv2%2Fmedia&parent=1121"}],"curies":[{"name":"wp","href":"https:\/\/api.w.org\/{rel}","templated":true}]}}