{"id":1127,"date":"2023-11-08T12:16:11","date_gmt":"2023-11-08T12:16:11","guid":{"rendered":"https:\/\/bibliotecas.aeqb.edu.pt\/?page_id=1127"},"modified":"2025-09-23T10:11:55","modified_gmt":"2025-09-23T10:11:55","slug":"newton-gostava-de-ler","status":"publish","type":"page","link":"https:\/\/bibliotecas.aeqb.edu.pt\/?page_id=1127","title":{"rendered":"Newton Gostava de Ler"},"content":{"rendered":"\n<h4 class=\"wp-block-heading has-text-align-right\">TODOS OS CICLOS<\/h4>\n\n\n\n<p class=\"has-text-align-right\"><strong>1 sess\u00e3o de 100 minutos<\/strong><\/p>\n\n\n\n<div style=\"height:20px\" aria-hidden=\"true\" class=\"wp-block-spacer\"><\/div>\n\n\n\n<h3 class=\"wp-block-heading\">Execu\u00e7\u00e3o<\/h3>\n\n\n\n<div class=\"wp-block-media-text has-media-on-the-right is-stacked-on-mobile\" style=\"grid-template-columns:auto 21%\"><div class=\"wp-block-media-text__content\">\n<p>Momento de leitura\/filme com a obra liter\u00e1ria selecionada (Prof. Bibliotec\u00e1rio ou convidados).<br>Realiza\u00e7\u00e3o das experi\u00eancias cient\u00edficas.<br>Explora\u00e7\u00e3o dos conte\u00fados cient\u00edficos subjacentes (parceria entre o PB e o docente do grupo\/turma).<\/p>\n<\/div><figure class=\"wp-block-media-text__media\"><img fetchpriority=\"high\" decoding=\"async\" width=\"469\" height=\"265\" src=\"https:\/\/bibliotecas.aeqb.edu.pt\/wp-content\/uploads\/2023\/11\/Logoapche.jpg\" alt=\"\" class=\"wp-image-1028 size-full\" srcset=\"https:\/\/bibliotecas.aeqb.edu.pt\/wp-content\/uploads\/2023\/11\/Logoapche.jpg 469w, https:\/\/bibliotecas.aeqb.edu.pt\/wp-content\/uploads\/2023\/11\/Logoapche-300x170.jpg 300w\" sizes=\"(max-width: 469px) 100vw, 469px\" \/><\/figure><\/div>\n\n\n\n<h3 class=\"wp-block-heading\">M\u00f3dulos<\/h3>\n\n\n<div class=\"wp-block-image\">\n<figure class=\"aligncenter size-full is-resized\"><img decoding=\"async\" width=\"693\" height=\"318\" src=\"https:\/\/bibliotecas.aeqb.edu.pt\/wp-content\/uploads\/2025\/09\/Captura-de-ecra-2025-09-23-111100.png\" alt=\"\" class=\"wp-image-3031\" style=\"width:617px;height:auto\" srcset=\"https:\/\/bibliotecas.aeqb.edu.pt\/wp-content\/uploads\/2025\/09\/Captura-de-ecra-2025-09-23-111100.png 693w, https:\/\/bibliotecas.aeqb.edu.pt\/wp-content\/uploads\/2025\/09\/Captura-de-ecra-2025-09-23-111100-300x138.png 300w\" sizes=\"(max-width: 693px) 100vw, 693px\" \/><\/figure>\n<\/div>","protected":false},"excerpt":{"rendered":"<p>TODOS OS CICLOS 1 sess\u00e3o de 100 minutos Execu\u00e7\u00e3o Momento de leitura\/filme com a obra liter\u00e1ria selecionada (Prof. Bibliotec\u00e1rio ou convidados).Realiza\u00e7\u00e3o das experi\u00eancias cient\u00edficas.Explora\u00e7\u00e3o dos conte\u00fados cient\u00edficos subjacentes (parceria entre o PB e o docente do grupo\/turma). M\u00f3dulos<\/p>\n","protected":false},"author":4,"featured_media":0,"parent":0,"menu_order":0,"comment_status":"closed","ping_status":"closed","template":"","meta":{"footnotes":""},"class_list":["post-1127","page","type-page","status-publish","hentry"],"acf":[],"_links":{"self":[{"href":"https:\/\/bibliotecas.aeqb.edu.pt\/index.php?rest_route=\/wp\/v2\/pages\/1127","targetHints":{"allow":["GET"]}}],"collection":[{"href":"https:\/\/bibliotecas.aeqb.edu.pt\/index.php?rest_route=\/wp\/v2\/pages"}],"about":[{"href":"https:\/\/bibliotecas.aeqb.edu.pt\/index.php?rest_route=\/wp\/v2\/types\/page"}],"author":[{"embeddable":true,"href":"https:\/\/bibliotecas.aeqb.edu.pt\/index.php?rest_route=\/wp\/v2\/users\/4"}],"replies":[{"embeddable":true,"href":"https:\/\/bibliotecas.aeqb.edu.pt\/index.php?rest_route=%2Fwp%2Fv2%2Fcomments&post=1127"}],"version-history":[{"count":5,"href":"https:\/\/bibliotecas.aeqb.edu.pt\/index.php?rest_route=\/wp\/v2\/pages\/1127\/revisions"}],"predecessor-version":[{"id":3032,"href":"https:\/\/bibliotecas.aeqb.edu.pt\/index.php?rest_route=\/wp\/v2\/pages\/1127\/revisions\/3032"}],"wp:attachment":[{"href":"https:\/\/bibliotecas.aeqb.edu.pt\/index.php?rest_route=%2Fwp%2Fv2%2Fmedia&parent=1127"}],"curies":[{"name":"wp","href":"https:\/\/api.w.org\/{rel}","templated":true}]}}