{"id":1134,"date":"2023-11-08T12:27:45","date_gmt":"2023-11-08T12:27:45","guid":{"rendered":"https:\/\/bibliotecas.aeqb.edu.pt\/?page_id=1134"},"modified":"2024-07-11T08:18:52","modified_gmt":"2024-07-11T08:18:52","slug":"miudos-a-votos","status":"publish","type":"page","link":"https:\/\/bibliotecas.aeqb.edu.pt\/?page_id=1134","title":{"rendered":"Mi\u00fados a Votos 23-24"},"content":{"rendered":"\n<h3 class=\"wp-block-heading\">Os livros que v\u00e3o a votos j\u00e1 s\u00e3o conhecidos<\/h3>\n\n\n\n<p>[04.12.2023]<\/p>\n\n\n\n<div class=\"wp-block-media-text is-stacked-on-mobile\" style=\"grid-template-columns:30% auto\"><figure class=\"wp-block-media-text__media\"><img fetchpriority=\"high\" decoding=\"async\" width=\"496\" height=\"510\" src=\"https:\/\/bibliotecas.aeqb.edu.pt\/wp-content\/uploads\/2023\/11\/Captura-de-ecra-2023-11-08-122019.png\" alt=\"\" class=\"wp-image-1135 size-full\" srcset=\"https:\/\/bibliotecas.aeqb.edu.pt\/wp-content\/uploads\/2023\/11\/Captura-de-ecra-2023-11-08-122019.png 496w, https:\/\/bibliotecas.aeqb.edu.pt\/wp-content\/uploads\/2023\/11\/Captura-de-ecra-2023-11-08-122019-292x300.png 292w\" sizes=\"(max-width: 496px) 100vw, 496px\" \/><\/figure><div class=\"wp-block-media-text__content\">\n<p>J\u00e1 foram apurados os livros candidatos da oitava edi\u00e7\u00e3o da iniciativa&nbsp;Mi\u00fados a votos.<\/p>\n\n\n\n<p>Este ano,&nbsp;<strong>34&nbsp;662 alunos<\/strong>, do 1.\u00ba ciclo ao ensino secund\u00e1rio, participaram numa das etapas mais importantes deste projeto, ao nomearem o seu livro preferido.<\/p>\n\n\n\n<p>No 1\u00ba, 2\u00ba e 3\u00ba ciclos foram selecionados os 20 livros mais votados. No ensino secund\u00e1rio, como as propostas foram em menor n\u00famero, integram a lista os 10 livros com mais nomea\u00e7\u00f5es.<\/p>\n\n\n\n<p>A&nbsp;<strong>campanha eleitoral<\/strong>&nbsp;decorrer\u00e1 entre&nbsp;<strong>22 de janeiro e 6 de mar\u00e7o<\/strong>, per\u00edodo em que os partid\u00e1rios de cada livro poder\u00e3o defender as suas ideias publicamente, procurando angariar votos para o seu candidato. A&nbsp;<strong>elei\u00e7\u00e3o<\/strong>&nbsp;ter\u00e1 lugar no dia&nbsp;<strong>8 de mar\u00e7o<\/strong>&nbsp;de 2024.<\/p>\n<\/div><\/div>\n\n\n\n<div style=\"height:40px\" aria-hidden=\"true\" class=\"wp-block-spacer\"><\/div>\n\n\n\n<div class=\"wp-block-columns is-layout-flex wp-container-core-columns-is-layout-9d6595d7 wp-block-columns-is-layout-flex\">\n<div class=\"wp-block-column is-layout-flow wp-block-column-is-layout-flow\">\n<h4 class=\"wp-block-heading has-text-align-center\">Consulta aqui as listas dos livros candidatos:<\/h4>\n<\/div>\n<\/div>\n\n\n\n<div class=\"wp-block-columns is-layout-flex wp-container-core-columns-is-layout-9d6595d7 wp-block-columns-is-layout-flex\">\n<div class=\"wp-block-column is-layout-flow wp-block-column-is-layout-flow\">\n<p class=\"has-text-align-center\"><strong><a href=\"https:\/\/www.rbe.mec.pt\/np4\/%7B$clientServletPath%7D\/?newsId=1194&amp;fileName=Livros_escolhidos.jpg\">1.\u00ba Ciclo<\/a><\/strong><\/p>\n<\/div>\n\n\n\n<div class=\"wp-block-column is-layout-flow wp-block-column-is-layout-flow\">\n<p class=\"has-text-align-center\"><strong><a href=\"https:\/\/www.rbe.mec.pt\/np4\/%7B$clientServletPath%7D\/?newsId=1194&amp;fileName=Livros_escolhidos2.jpg\">2.\u00ba Ciclo<\/a><\/strong><\/p>\n<\/div>\n\n\n\n<div class=\"wp-block-column is-layout-flow wp-block-column-is-layout-flow\">\n<p class=\"has-text-align-center\"><strong><a href=\"https:\/\/www.rbe.mec.pt\/np4\/%7B$clientServletPath%7D\/?newsId=1194&amp;fileName=Livros_escolhidos3.jpg\">3.\u00ba Ciclo<\/a><\/strong><\/p>\n<\/div>\n\n\n\n<div class=\"wp-block-column is-layout-flow wp-block-column-is-layout-flow\">\n<p class=\"has-text-align-center\"><strong><a href=\"https:\/\/www.rbe.mec.pt\/np4\/%7B$clientServletPath%7D\/?newsId=1194&amp;fileName=Livros_escolhidos4.jpg\">Secund\u00e1rio<\/a><\/strong><\/p>\n<\/div>\n<\/div>\n\n\n\n<div style=\"height:45px\" aria-hidden=\"true\" class=\"wp-block-spacer\"><\/div>\n\n\n\n<h3 class=\"wp-block-heading\">Lan\u00e7amento<\/h3>\n\n\n\n<p>[22.09.2023]<\/p>\n\n\n\n<p>A Rede de Bibliotecas Escolares e a&nbsp;<a href=\"https:\/\/visao.sapo.pt\/visaojunior\/\">VIS\u00c3O J\u00fanior<\/a>&nbsp;organizam, pelo s\u00e9timo ano consecutivo, a elei\u00e7\u00e3o dos livros preferidos das crian\u00e7as e dos jovens portugueses, atrav\u00e9s da iniciativa \u201cMi\u00fados a Votos\u201d que promove a leitura e o desenvolvimento de compet\u00eancias de cidadania ativa.&nbsp;<\/p>\n\n\n\n<p>Os alunos do 1.\u00ba ao 12.\u00ba ano de escolaridade podem votar no seu livro preferido, replicando os procedimentos e as normas de uma elei\u00e7\u00e3o real.<\/p>\n\n\n\n<p>O regulamento e demais documentos de suporte relativos \u00e0 edi\u00e7\u00e3o deste ano podem ser consultados no site da <a href=\"https:\/\/www.rbe.mec.pt\/np4\/MiudosaVotos.html\">RBE<\/a>.&nbsp;<\/p>\n\n\n\n<figure class=\"wp-block-image size-large\"><img decoding=\"async\" width=\"1024\" height=\"724\" src=\"https:\/\/bibliotecas.aeqb.edu.pt\/wp-content\/uploads\/2023\/11\/1._Calend_rio-1024x724.png\" alt=\"\" class=\"wp-image-1136\" srcset=\"https:\/\/bibliotecas.aeqb.edu.pt\/wp-content\/uploads\/2023\/11\/1._Calend_rio-1024x724.png 1024w, https:\/\/bibliotecas.aeqb.edu.pt\/wp-content\/uploads\/2023\/11\/1._Calend_rio-300x212.png 300w, https:\/\/bibliotecas.aeqb.edu.pt\/wp-content\/uploads\/2023\/11\/1._Calend_rio-768x543.png 768w, https:\/\/bibliotecas.aeqb.edu.pt\/wp-content\/uploads\/2023\/11\/1._Calend_rio-1536x1086.png 1536w, https:\/\/bibliotecas.aeqb.edu.pt\/wp-content\/uploads\/2023\/11\/1._Calend_rio-2048x1448.png 2048w, https:\/\/bibliotecas.aeqb.edu.pt\/wp-content\/uploads\/2023\/11\/1._Calend_rio-1140x806.png 1140w\" sizes=\"(max-width: 1024px) 100vw, 1024px\" \/><\/figure>\n","protected":false},"excerpt":{"rendered":"<p>Os livros que v\u00e3o a votos j\u00e1 s\u00e3o conhecidos [04.12.2023] J\u00e1 foram apurados os livros candidatos da oitava edi\u00e7\u00e3o da iniciativa&nbsp;Mi\u00fados a votos. Este ano,&nbsp;34&nbsp;662 alunos, do 1.\u00ba ciclo ao ensino secund\u00e1rio, participaram numa das etapas mais importantes deste projeto, ao nomearem o seu livro preferido. No 1\u00ba, 2\u00ba e 3\u00ba ciclos foram selecionados os 20 livros mais votados. No ensino secund\u00e1rio, como as propostas foram em menor n\u00famero, integram a lista os 10 livros com mais nomea\u00e7\u00f5es. A&nbsp;campanha eleitoral&nbsp;decorrer\u00e1 entre&nbsp;22 de janeiro e 6 de mar\u00e7o, per\u00edodo em que os partid\u00e1rios de cada livro poder\u00e3o defender as suas ideias publicamente, procurando angariar votos para o seu candidato. A&nbsp;elei\u00e7\u00e3o&nbsp;ter\u00e1 lugar no dia&nbsp;8 de mar\u00e7o&nbsp;de 2024. Consulta aqui as listas dos livros candidatos: 1.\u00ba Ciclo 2.\u00ba Ciclo 3.\u00ba Ciclo Secund\u00e1rio Lan\u00e7amento [22.09.2023] A Rede de Bibliotecas Escolares e a&nbsp;VIS\u00c3O J\u00fanior&nbsp;organizam, pelo s\u00e9timo ano consecutivo, a elei\u00e7\u00e3o dos livros preferidos das crian\u00e7as e dos jovens portugueses, atrav\u00e9s da iniciativa \u201cMi\u00fados a Votos\u201d que promove a leitura e o desenvolvimento de compet\u00eancias de cidadania ativa.&nbsp; Os alunos do 1.\u00ba ao 12.\u00ba ano de escolaridade podem votar no seu livro preferido, replicando os procedimentos e as normas de uma elei\u00e7\u00e3o real. O regulamento e demais documentos de suporte relativos \u00e0 edi\u00e7\u00e3o deste ano podem ser consultados no site da RBE.&nbsp;<\/p>\n","protected":false},"author":4,"featured_media":0,"parent":0,"menu_order":0,"comment_status":"closed","ping_status":"closed","template":"","meta":{"footnotes":""},"class_list":["post-1134","page","type-page","status-publish","hentry"],"acf":[],"_links":{"self":[{"href":"https:\/\/bibliotecas.aeqb.edu.pt\/index.php?rest_route=\/wp\/v2\/pages\/1134","targetHints":{"allow":["GET"]}}],"collection":[{"href":"https:\/\/bibliotecas.aeqb.edu.pt\/index.php?rest_route=\/wp\/v2\/pages"}],"about":[{"href":"https:\/\/bibliotecas.aeqb.edu.pt\/index.php?rest_route=\/wp\/v2\/types\/page"}],"author":[{"embeddable":true,"href":"https:\/\/bibliotecas.aeqb.edu.pt\/index.php?rest_route=\/wp\/v2\/users\/4"}],"replies":[{"embeddable":true,"href":"https:\/\/bibliotecas.aeqb.edu.pt\/index.php?rest_route=%2Fwp%2Fv2%2Fcomments&post=1134"}],"version-history":[{"count":11,"href":"https:\/\/bibliotecas.aeqb.edu.pt\/index.php?rest_route=\/wp\/v2\/pages\/1134\/revisions"}],"predecessor-version":[{"id":2566,"href":"https:\/\/bibliotecas.aeqb.edu.pt\/index.php?rest_route=\/wp\/v2\/pages\/1134\/revisions\/2566"}],"wp:attachment":[{"href":"https:\/\/bibliotecas.aeqb.edu.pt\/index.php?rest_route=%2Fwp%2Fv2%2Fmedia&parent=1134"}],"curies":[{"name":"wp","href":"https:\/\/api.w.org\/{rel}","templated":true}]}}