{"id":1148,"date":"2023-11-08T13:39:46","date_gmt":"2023-11-08T13:39:46","guid":{"rendered":"https:\/\/bibliotecas.aeqb.edu.pt\/?page_id=1148"},"modified":"2025-10-07T09:33:51","modified_gmt":"2025-10-07T09:33:51","slug":"mes-internacional-da-biblioteca-escolar","status":"publish","type":"page","link":"https:\/\/bibliotecas.aeqb.edu.pt\/?page_id=1148","title":{"rendered":"M\u00eas Internacional da Biblioteca Escolar"},"content":{"rendered":"\n<h4 class=\"wp-block-heading has-text-align-right\">TODOS OS CICLOS<\/h4>\n\n\n\n<p class=\"has-text-align-right\"><strong>outubro<\/strong><\/p>\n\n\n\n<div class=\"wp-block-media-text is-stacked-on-mobile is-vertically-aligned-center\" style=\"grid-template-columns:40% auto\"><figure class=\"wp-block-media-text__media\"><img fetchpriority=\"high\" decoding=\"async\" width=\"724\" height=\"1024\" src=\"https:\/\/bibliotecas.aeqb.edu.pt\/wp-content\/uploads\/2025\/10\/MIBE-2025-724x1024.png\" alt=\"\" class=\"wp-image-3058 size-full\" srcset=\"https:\/\/bibliotecas.aeqb.edu.pt\/wp-content\/uploads\/2025\/10\/MIBE-2025-724x1024.png 724w, https:\/\/bibliotecas.aeqb.edu.pt\/wp-content\/uploads\/2025\/10\/MIBE-2025-212x300.png 212w, https:\/\/bibliotecas.aeqb.edu.pt\/wp-content\/uploads\/2025\/10\/MIBE-2025-768x1086.png 768w, https:\/\/bibliotecas.aeqb.edu.pt\/wp-content\/uploads\/2025\/10\/MIBE-2025-1086x1536.png 1086w, https:\/\/bibliotecas.aeqb.edu.pt\/wp-content\/uploads\/2025\/10\/MIBE-2025.png 1414w\" sizes=\"(max-width: 724px) 100vw, 724px\" \/><\/figure><div class=\"wp-block-media-text__content\">\n<p><strong>Atividades envolvendo todos os estabelecimentos de ensino e todos os ciclos em simult\u00e2neo.<\/strong><br><\/p>\n\n\n\n<p>Outubro \u00e9 o M\u00eas Internacional da Biblioteca Escolar (MIBE), uma celebra\u00e7\u00e3o anual das bibliotecas escolares em todo o mundo, uma oportunidade para darem a conhecer o trabalho que desenvolvem e mostrarem que n\u00e3o s\u00e3o apenas um servi\u00e7o, mas um centro nevr\u00e1lgico vital nas escolas. A chamada \u00e0<br>a\u00e7\u00e3o \u00e9 da IASL (International Association of School Librarianship). <\/p>\n\n\n\n<p>Em&nbsp;<strong>Portugal<\/strong>, o Dia da Biblioteca Escolar assinala-se na quarta segunda-feira do m\u00eas de outubro, em 2025, dia&nbsp;<strong>27\/10<\/strong>.<\/p>\n\n\n\n<p>O mote para este ano \u00e9:&nbsp;<strong><strong>Para al\u00e9m das estantes: IA, bibliotecas e o futuro das hist\u00f3rias<\/strong><\/strong><\/p>\n\n\n\n<p>As <strong>Bibliotecas Escolares do AEQB<\/strong> comemoram este m\u00eas com diversas <a href=\"https:\/\/www.rbe.mec.pt\/np4\/MIBE.html\">atividades<\/a>, palestras, exposi\u00e7\u00f5es e outras surpresas para festejar este espa\u00e7o que tanto significa para todos n\u00f3s.<\/p>\n<\/div><\/div>\n","protected":false},"excerpt":{"rendered":"<p>TODOS OS CICLOS outubro Atividades envolvendo todos os estabelecimentos de ensino e todos os ciclos em simult\u00e2neo. Outubro \u00e9 o M\u00eas Internacional da Biblioteca Escolar (MIBE), uma celebra\u00e7\u00e3o anual das bibliotecas escolares em todo o mundo, uma oportunidade para darem a conhecer o trabalho que desenvolvem e mostrarem que n\u00e3o s\u00e3o apenas um servi\u00e7o, mas um centro nevr\u00e1lgico vital nas escolas. A chamada \u00e0a\u00e7\u00e3o \u00e9 da IASL (International Association of School Librarianship). Em&nbsp;Portugal, o Dia da Biblioteca Escolar assinala-se na quarta segunda-feira do m\u00eas de outubro, em 2025, dia&nbsp;27\/10. O mote para este ano \u00e9:&nbsp;Para al\u00e9m das estantes: IA, bibliotecas e o futuro das hist\u00f3rias As Bibliotecas Escolares do AEQB comemoram este m\u00eas com diversas atividades, palestras, exposi\u00e7\u00f5es e outras surpresas para festejar este espa\u00e7o que tanto significa para todos n\u00f3s.<\/p>\n","protected":false},"author":4,"featured_media":0,"parent":0,"menu_order":0,"comment_status":"closed","ping_status":"closed","template":"","meta":{"footnotes":""},"class_list":["post-1148","page","type-page","status-publish","hentry"],"acf":[],"_links":{"self":[{"href":"https:\/\/bibliotecas.aeqb.edu.pt\/index.php?rest_route=\/wp\/v2\/pages\/1148","targetHints":{"allow":["GET"]}}],"collection":[{"href":"https:\/\/bibliotecas.aeqb.edu.pt\/index.php?rest_route=\/wp\/v2\/pages"}],"about":[{"href":"https:\/\/bibliotecas.aeqb.edu.pt\/index.php?rest_route=\/wp\/v2\/types\/page"}],"author":[{"embeddable":true,"href":"https:\/\/bibliotecas.aeqb.edu.pt\/index.php?rest_route=\/wp\/v2\/users\/4"}],"replies":[{"embeddable":true,"href":"https:\/\/bibliotecas.aeqb.edu.pt\/index.php?rest_route=%2Fwp%2Fv2%2Fcomments&post=1148"}],"version-history":[{"count":12,"href":"https:\/\/bibliotecas.aeqb.edu.pt\/index.php?rest_route=\/wp\/v2\/pages\/1148\/revisions"}],"predecessor-version":[{"id":3061,"href":"https:\/\/bibliotecas.aeqb.edu.pt\/index.php?rest_route=\/wp\/v2\/pages\/1148\/revisions\/3061"}],"wp:attachment":[{"href":"https:\/\/bibliotecas.aeqb.edu.pt\/index.php?rest_route=%2Fwp%2Fv2%2Fmedia&parent=1148"}],"curies":[{"name":"wp","href":"https:\/\/api.w.org\/{rel}","templated":true}]}}