{"id":1222,"date":"2023-11-16T09:58:07","date_gmt":"2023-11-16T09:58:07","guid":{"rendered":"https:\/\/bibliotecas.aeqb.edu.pt\/?page_id=1222"},"modified":"2024-07-11T07:24:09","modified_gmt":"2024-07-11T07:24:09","slug":"clubes-de-leitura","status":"publish","type":"page","link":"https:\/\/bibliotecas.aeqb.edu.pt\/?page_id=1222","title":{"rendered":"Clubes de Leitura"},"content":{"rendered":"\n<h4 class=\"wp-block-heading has-text-align-right\">2.\u00ba, 3.\u00ba Ciclos e Secund\u00e1rio<\/h4>\n\n\n\n<p class=\"has-text-align-right\"><strong>Ao longo do ano letivo<\/strong><\/p>\n\n\n\n<div style=\"height:50px\" aria-hidden=\"true\" class=\"wp-block-spacer\"><\/div>\n\n\n\n<p>Os Clubes de Leitura t\u00eam como objetivo motivar os alunos para a leitura recreativa, tornando-a numa atividade de car\u00e1cter social e comunicacional, de forma a promover a partilhas das emo\u00e7\u00f5es e rea\u00e7\u00f5es despertadas pelas obras lidas.<\/p>\n\n\n\n<div style=\"height:30px\" aria-hidden=\"true\" class=\"wp-block-spacer\"><\/div>\n\n\n\n<div class=\"wp-block-columns is-layout-flex wp-container-core-columns-is-layout-9d6595d7 wp-block-columns-is-layout-flex\">\n<div class=\"wp-block-column is-layout-flow wp-block-column-is-layout-flow\">\n<figure class=\"wp-block-image size-large\"><img fetchpriority=\"high\" decoding=\"async\" width=\"1024\" height=\"1024\" src=\"https:\/\/bibliotecas.aeqb.edu.pt\/wp-content\/uploads\/2023\/11\/400183652_122115382298086142_4153736118747091047_n-1024x1024.jpg\" alt=\"\" class=\"wp-image-1223\" srcset=\"https:\/\/bibliotecas.aeqb.edu.pt\/wp-content\/uploads\/2023\/11\/400183652_122115382298086142_4153736118747091047_n-1024x1024.jpg 1024w, https:\/\/bibliotecas.aeqb.edu.pt\/wp-content\/uploads\/2023\/11\/400183652_122115382298086142_4153736118747091047_n-300x300.jpg 300w, https:\/\/bibliotecas.aeqb.edu.pt\/wp-content\/uploads\/2023\/11\/400183652_122115382298086142_4153736118747091047_n-150x150.jpg 150w, https:\/\/bibliotecas.aeqb.edu.pt\/wp-content\/uploads\/2023\/11\/400183652_122115382298086142_4153736118747091047_n-768x768.jpg 768w, https:\/\/bibliotecas.aeqb.edu.pt\/wp-content\/uploads\/2023\/11\/400183652_122115382298086142_4153736118747091047_n-75x75.jpg 75w, https:\/\/bibliotecas.aeqb.edu.pt\/wp-content\/uploads\/2023\/11\/400183652_122115382298086142_4153736118747091047_n.jpg 1080w\" sizes=\"(max-width: 1024px) 100vw, 1024px\" \/><\/figure>\n<\/div>\n\n\n\n<div class=\"wp-block-column is-layout-flow wp-block-column-is-layout-flow\">\n<figure class=\"wp-block-image size-large\"><img decoding=\"async\" width=\"1024\" height=\"1024\" src=\"https:\/\/bibliotecas.aeqb.edu.pt\/wp-content\/uploads\/2023\/11\/400217996_122115382262086142_1378443107593821752_n-1024x1024.jpg\" alt=\"\" class=\"wp-image-1224\" srcset=\"https:\/\/bibliotecas.aeqb.edu.pt\/wp-content\/uploads\/2023\/11\/400217996_122115382262086142_1378443107593821752_n-1024x1024.jpg 1024w, https:\/\/bibliotecas.aeqb.edu.pt\/wp-content\/uploads\/2023\/11\/400217996_122115382262086142_1378443107593821752_n-300x300.jpg 300w, https:\/\/bibliotecas.aeqb.edu.pt\/wp-content\/uploads\/2023\/11\/400217996_122115382262086142_1378443107593821752_n-150x150.jpg 150w, https:\/\/bibliotecas.aeqb.edu.pt\/wp-content\/uploads\/2023\/11\/400217996_122115382262086142_1378443107593821752_n-768x768.jpg 768w, https:\/\/bibliotecas.aeqb.edu.pt\/wp-content\/uploads\/2023\/11\/400217996_122115382262086142_1378443107593821752_n-75x75.jpg 75w, https:\/\/bibliotecas.aeqb.edu.pt\/wp-content\/uploads\/2023\/11\/400217996_122115382262086142_1378443107593821752_n.jpg 1080w\" sizes=\"(max-width: 1024px) 100vw, 1024px\" \/><\/figure>\n<\/div>\n<\/div>\n","protected":false},"excerpt":{"rendered":"<p>2.\u00ba, 3.\u00ba Ciclos e Secund\u00e1rio Ao longo do ano letivo Os Clubes de Leitura t\u00eam como objetivo motivar os alunos para a leitura recreativa, tornando-a numa atividade de car\u00e1cter social e comunicacional, de forma a promover a partilhas das emo\u00e7\u00f5es e rea\u00e7\u00f5es despertadas pelas obras lidas.<\/p>\n","protected":false},"author":4,"featured_media":0,"parent":0,"menu_order":0,"comment_status":"closed","ping_status":"closed","template":"","meta":{"footnotes":""},"class_list":["post-1222","page","type-page","status-publish","hentry"],"acf":[],"_links":{"self":[{"href":"https:\/\/bibliotecas.aeqb.edu.pt\/index.php?rest_route=\/wp\/v2\/pages\/1222","targetHints":{"allow":["GET"]}}],"collection":[{"href":"https:\/\/bibliotecas.aeqb.edu.pt\/index.php?rest_route=\/wp\/v2\/pages"}],"about":[{"href":"https:\/\/bibliotecas.aeqb.edu.pt\/index.php?rest_route=\/wp\/v2\/types\/page"}],"author":[{"embeddable":true,"href":"https:\/\/bibliotecas.aeqb.edu.pt\/index.php?rest_route=\/wp\/v2\/users\/4"}],"replies":[{"embeddable":true,"href":"https:\/\/bibliotecas.aeqb.edu.pt\/index.php?rest_route=%2Fwp%2Fv2%2Fcomments&post=1222"}],"version-history":[{"count":4,"href":"https:\/\/bibliotecas.aeqb.edu.pt\/index.php?rest_route=\/wp\/v2\/pages\/1222\/revisions"}],"predecessor-version":[{"id":2534,"href":"https:\/\/bibliotecas.aeqb.edu.pt\/index.php?rest_route=\/wp\/v2\/pages\/1222\/revisions\/2534"}],"wp:attachment":[{"href":"https:\/\/bibliotecas.aeqb.edu.pt\/index.php?rest_route=%2Fwp%2Fv2%2Fmedia&parent=1222"}],"curies":[{"name":"wp","href":"https:\/\/api.w.org\/{rel}","templated":true}]}}