{"id":1241,"date":"2023-11-16T11:03:38","date_gmt":"2023-11-16T11:03:38","guid":{"rendered":"https:\/\/bibliotecas.aeqb.edu.pt\/?page_id=1241"},"modified":"2024-07-11T07:28:03","modified_gmt":"2024-07-11T07:28:03","slug":"vamos-ler-em-voz-alta","status":"publish","type":"page","link":"https:\/\/bibliotecas.aeqb.edu.pt\/?page_id=1241","title":{"rendered":"Vamos ler em voz alta"},"content":{"rendered":"\n<h4 class=\"wp-block-heading has-text-align-right\">TODOS OS CICLOS<\/h4>\n\n\n\n<p class=\"has-text-align-right\"><strong>1 sess\u00e3o de 50 minutos<\/strong><\/p>\n\n\n\n<p>Esta atividade pretende ser um espa\u00e7o de partilha de saberes e conhecimentos, em que alunos de anos mais avan\u00e7ados leem em voz alta a alunos de anos mais baixos, promovendo aptid\u00f5es sociais e um renovado interesse na leitura.<\/p>\n","protected":false},"excerpt":{"rendered":"<p>TODOS OS CICLOS 1 sess\u00e3o de 50 minutos Esta atividade pretende ser um espa\u00e7o de partilha de saberes e conhecimentos, em que alunos de anos mais avan\u00e7ados leem em voz alta a alunos de anos mais baixos, promovendo aptid\u00f5es sociais e um renovado interesse na leitura.<\/p>\n","protected":false},"author":4,"featured_media":0,"parent":0,"menu_order":0,"comment_status":"closed","ping_status":"closed","template":"","meta":{"footnotes":""},"class_list":["post-1241","page","type-page","status-publish","hentry"],"acf":[],"_links":{"self":[{"href":"https:\/\/bibliotecas.aeqb.edu.pt\/index.php?rest_route=\/wp\/v2\/pages\/1241","targetHints":{"allow":["GET"]}}],"collection":[{"href":"https:\/\/bibliotecas.aeqb.edu.pt\/index.php?rest_route=\/wp\/v2\/pages"}],"about":[{"href":"https:\/\/bibliotecas.aeqb.edu.pt\/index.php?rest_route=\/wp\/v2\/types\/page"}],"author":[{"embeddable":true,"href":"https:\/\/bibliotecas.aeqb.edu.pt\/index.php?rest_route=\/wp\/v2\/users\/4"}],"replies":[{"embeddable":true,"href":"https:\/\/bibliotecas.aeqb.edu.pt\/index.php?rest_route=%2Fwp%2Fv2%2Fcomments&post=1241"}],"version-history":[{"count":3,"href":"https:\/\/bibliotecas.aeqb.edu.pt\/index.php?rest_route=\/wp\/v2\/pages\/1241\/revisions"}],"predecessor-version":[{"id":2538,"href":"https:\/\/bibliotecas.aeqb.edu.pt\/index.php?rest_route=\/wp\/v2\/pages\/1241\/revisions\/2538"}],"wp:attachment":[{"href":"https:\/\/bibliotecas.aeqb.edu.pt\/index.php?rest_route=%2Fwp%2Fv2%2Fmedia&parent=1241"}],"curies":[{"name":"wp","href":"https:\/\/api.w.org\/{rel}","templated":true}]}}