{"id":1248,"date":"2023-11-16T14:30:06","date_gmt":"2023-11-16T14:30:06","guid":{"rendered":"https:\/\/bibliotecas.aeqb.edu.pt\/?page_id=1248"},"modified":"2023-11-16T14:30:27","modified_gmt":"2023-11-16T14:30:27","slug":"todos-juntos","status":"publish","type":"page","link":"https:\/\/bibliotecas.aeqb.edu.pt\/?page_id=1248","title":{"rendered":"Todos Juntos"},"content":{"rendered":"\n<h4 class=\"wp-block-heading has-text-align-right\">Ao longo do ano letivo<\/h4>\n\n\n\n<h5 class=\"wp-block-heading has-text-align-right\">E.B. 2,3 Professor Galopim de Carvalho<\/h5>\n\n\n\n<div style=\"height:50px\" aria-hidden=\"true\" class=\"wp-block-spacer\"><\/div>\n\n\n\n<h4 class=\"wp-block-heading\">Centro de Recursos Educativos<\/h4>\n\n\n\n<div class=\"wp-block-media-text has-media-on-the-right is-stacked-on-mobile\" style=\"grid-template-columns:auto 25%\"><div class=\"wp-block-media-text__content\">\n<ul class=\"wp-block-list\">\n<li>Disponibiliza\u00e7\u00e3o de meios para trabalho com alunos CEI.<\/li>\n\n\n\n<li>Apoio de elemento do CRE no trabalho com os alunos.<\/li>\n<\/ul>\n<\/div><figure class=\"wp-block-media-text__media\"><img decoding=\"async\" width=\"250\" height=\"183\" src=\"https:\/\/bibliotecas.aeqb.edu.pt\/wp-content\/uploads\/2023\/11\/Biblioteca-a-la-CARTE-2023-2024-6.jpg\" alt=\"\" class=\"wp-image-1251 size-full\"\/><\/figure><\/div>\n\n\n\n<h4 class=\"wp-block-heading\">Educa\u00e7\u00e3o Especial<\/h4>\n\n\n\n<ul class=\"wp-block-list\">\n<li>Sele\u00e7\u00e3o dos alunos a participar no projeto.<\/li>\n\n\n\n<li>Apoiar o elemento do CRE no trabalho com os alunos.<\/li>\n<\/ul>\n\n\n\n<div style=\"height:50px\" aria-hidden=\"true\" class=\"wp-block-spacer\"><\/div>\n\n\n\n<h4 class=\"wp-block-heading\">Execu\u00e7\u00e3o<\/h4>\n\n\n\n<ul class=\"wp-block-list\">\n<li>Planifica\u00e7\u00e3o e execu\u00e7\u00e3o de atividades adaptadas aos alunos com utiliza\u00e7\u00e3o de iPads.<\/li>\n\n\n\n<li>Planificar e executar atividades de integra\u00e7\u00e3o dos alunos nas suas turmas.<\/li>\n\n\n\n<li>Planificar e executar atividades de integra\u00e7\u00e3o de alunos na comunidade escolar.<\/li>\n<\/ul>\n","protected":false},"excerpt":{"rendered":"<p>Ao longo do ano letivo E.B. 2,3 Professor Galopim de Carvalho Centro de Recursos Educativos Educa\u00e7\u00e3o Especial Execu\u00e7\u00e3o<\/p>\n","protected":false},"author":4,"featured_media":0,"parent":0,"menu_order":0,"comment_status":"closed","ping_status":"closed","template":"","meta":{"footnotes":""},"class_list":["post-1248","page","type-page","status-publish","hentry"],"acf":[],"_links":{"self":[{"href":"https:\/\/bibliotecas.aeqb.edu.pt\/index.php?rest_route=\/wp\/v2\/pages\/1248","targetHints":{"allow":["GET"]}}],"collection":[{"href":"https:\/\/bibliotecas.aeqb.edu.pt\/index.php?rest_route=\/wp\/v2\/pages"}],"about":[{"href":"https:\/\/bibliotecas.aeqb.edu.pt\/index.php?rest_route=\/wp\/v2\/types\/page"}],"author":[{"embeddable":true,"href":"https:\/\/bibliotecas.aeqb.edu.pt\/index.php?rest_route=\/wp\/v2\/users\/4"}],"replies":[{"embeddable":true,"href":"https:\/\/bibliotecas.aeqb.edu.pt\/index.php?rest_route=%2Fwp%2Fv2%2Fcomments&post=1248"}],"version-history":[{"count":6,"href":"https:\/\/bibliotecas.aeqb.edu.pt\/index.php?rest_route=\/wp\/v2\/pages\/1248\/revisions"}],"predecessor-version":[{"id":1255,"href":"https:\/\/bibliotecas.aeqb.edu.pt\/index.php?rest_route=\/wp\/v2\/pages\/1248\/revisions\/1255"}],"wp:attachment":[{"href":"https:\/\/bibliotecas.aeqb.edu.pt\/index.php?rest_route=%2Fwp%2Fv2%2Fmedia&parent=1248"}],"curies":[{"name":"wp","href":"https:\/\/api.w.org\/{rel}","templated":true}]}}