{"id":1264,"date":"2023-11-16T14:54:58","date_gmt":"2023-11-16T14:54:58","guid":{"rendered":"https:\/\/bibliotecas.aeqb.edu.pt\/?page_id=1264"},"modified":"2024-07-05T15:42:41","modified_gmt":"2024-07-05T15:42:41","slug":"oficinas-pedagogicas","status":"publish","type":"page","link":"https:\/\/bibliotecas.aeqb.edu.pt\/?page_id=1264","title":{"rendered":"Oficinas Pedag\u00f3gicas"},"content":{"rendered":"\n<h4 class=\"wp-block-heading has-text-align-center\">Ao longo do ano letivo<\/h4>\n\n\n\n<div class=\"wp-block-media-text has-media-on-the-right is-stacked-on-mobile\" style=\"grid-template-columns:auto 26%\"><div class=\"wp-block-media-text__content\">\n<h4 class=\"wp-block-heading\">Oficina de Escrita Criativa<\/h4>\n\n\n\n<p>A Oficina de Escrita Criativa tem como objetivo partilhar novas t\u00e9cnicas para tornar a escrita mais apelativa e criativa, explorar diferentes g\u00e9neros e estilos, expandindo horizontes e diferentes formas de express\u00e3o criativa, de forma melhorar a escrita dos nossos alunos.<\/p>\n<\/div><figure class=\"wp-block-media-text__media\"><img fetchpriority=\"high\" decoding=\"async\" width=\"500\" height=\"500\" src=\"https:\/\/bibliotecas.aeqb.edu.pt\/wp-content\/uploads\/2024\/07\/Escrita-Criativa-2.png\" alt=\"\" class=\"wp-image-2461 size-full\" srcset=\"https:\/\/bibliotecas.aeqb.edu.pt\/wp-content\/uploads\/2024\/07\/Escrita-Criativa-2.png 500w, https:\/\/bibliotecas.aeqb.edu.pt\/wp-content\/uploads\/2024\/07\/Escrita-Criativa-2-300x300.png 300w, https:\/\/bibliotecas.aeqb.edu.pt\/wp-content\/uploads\/2024\/07\/Escrita-Criativa-2-150x150.png 150w, https:\/\/bibliotecas.aeqb.edu.pt\/wp-content\/uploads\/2024\/07\/Escrita-Criativa-2-75x75.png 75w\" sizes=\"(max-width: 500px) 100vw, 500px\" \/><\/figure><\/div>\n\n\n\n<div class=\"wp-block-media-text is-stacked-on-mobile\" style=\"grid-template-columns:26% auto\"><figure class=\"wp-block-media-text__media\"><img decoding=\"async\" width=\"500\" height=\"500\" src=\"https:\/\/bibliotecas.aeqb.edu.pt\/wp-content\/uploads\/2024\/07\/oficina-de-artes.png\" alt=\"\" class=\"wp-image-2465 size-full\" srcset=\"https:\/\/bibliotecas.aeqb.edu.pt\/wp-content\/uploads\/2024\/07\/oficina-de-artes.png 500w, https:\/\/bibliotecas.aeqb.edu.pt\/wp-content\/uploads\/2024\/07\/oficina-de-artes-300x300.png 300w, https:\/\/bibliotecas.aeqb.edu.pt\/wp-content\/uploads\/2024\/07\/oficina-de-artes-150x150.png 150w, https:\/\/bibliotecas.aeqb.edu.pt\/wp-content\/uploads\/2024\/07\/oficina-de-artes-75x75.png 75w\" sizes=\"(max-width: 500px) 100vw, 500px\" \/><\/figure><div class=\"wp-block-media-text__content\">\n<h4 class=\"wp-block-heading\">Oficina de Artes<\/h4>\n\n\n\n<p>A Oficina de Artes tem como objetivo permitir aos alunos experimentar novas t\u00e9cnicas art\u00edsticas, explorando diferentes estilos art\u00edsticos, de forma a expandir os seus horizontes art\u00edsticos e incentivar a utiliza\u00e7\u00e3o de diferentes formas de express\u00e3o criativa.<\/p>\n<\/div><\/div>\n\n\n\n<div class=\"wp-block-media-text has-media-on-the-right is-stacked-on-mobile\" style=\"grid-template-columns:auto 26%\"><div class=\"wp-block-media-text__content\">\n<h4 class=\"wp-block-heading\">Oficina Musical<\/h4>\n\n\n\n<p>Na Oficina Musical, pretende-se desenvolver o gosto pela m\u00fasica, aperfei\u00e7oar o conhecimento musical de forma pr\u00e1tica e efetiva, tocar, compor, cantar, improvisar e explorar os instrumentos musicais, explorando o som e a imagina\u00e7\u00e3o de forma l\u00fadica e divertida.<\/p>\n<\/div><figure class=\"wp-block-media-text__media\"><img decoding=\"async\" width=\"500\" height=\"500\" src=\"https:\/\/bibliotecas.aeqb.edu.pt\/wp-content\/uploads\/2024\/07\/musica.png\" alt=\"\" class=\"wp-image-2467 size-full\" srcset=\"https:\/\/bibliotecas.aeqb.edu.pt\/wp-content\/uploads\/2024\/07\/musica.png 500w, https:\/\/bibliotecas.aeqb.edu.pt\/wp-content\/uploads\/2024\/07\/musica-300x300.png 300w, https:\/\/bibliotecas.aeqb.edu.pt\/wp-content\/uploads\/2024\/07\/musica-150x150.png 150w, https:\/\/bibliotecas.aeqb.edu.pt\/wp-content\/uploads\/2024\/07\/musica-75x75.png 75w\" sizes=\"(max-width: 500px) 100vw, 500px\" \/><\/figure><\/div>\n","protected":false},"excerpt":{"rendered":"<p>Ao longo do ano letivo Oficina de Escrita Criativa A Oficina de Escrita Criativa tem como objetivo partilhar novas t\u00e9cnicas para tornar a escrita mais apelativa e criativa, explorar diferentes g\u00e9neros e estilos, expandindo horizontes e diferentes formas de express\u00e3o criativa, de forma melhorar a escrita dos nossos alunos. Oficina de Artes A Oficina de Artes tem como objetivo permitir aos alunos experimentar novas t\u00e9cnicas art\u00edsticas, explorando diferentes estilos art\u00edsticos, de forma a expandir os seus horizontes art\u00edsticos e incentivar a utiliza\u00e7\u00e3o de diferentes formas de express\u00e3o criativa. Oficina Musical Na Oficina Musical, pretende-se desenvolver o gosto pela m\u00fasica, aperfei\u00e7oar o conhecimento musical de forma pr\u00e1tica e efetiva, tocar, compor, cantar, improvisar e explorar os instrumentos musicais, explorando o som e a imagina\u00e7\u00e3o de forma l\u00fadica e divertida.<\/p>\n","protected":false},"author":4,"featured_media":0,"parent":0,"menu_order":0,"comment_status":"closed","ping_status":"closed","template":"","meta":{"footnotes":""},"class_list":["post-1264","page","type-page","status-publish","hentry"],"acf":[],"_links":{"self":[{"href":"https:\/\/bibliotecas.aeqb.edu.pt\/index.php?rest_route=\/wp\/v2\/pages\/1264","targetHints":{"allow":["GET"]}}],"collection":[{"href":"https:\/\/bibliotecas.aeqb.edu.pt\/index.php?rest_route=\/wp\/v2\/pages"}],"about":[{"href":"https:\/\/bibliotecas.aeqb.edu.pt\/index.php?rest_route=\/wp\/v2\/types\/page"}],"author":[{"embeddable":true,"href":"https:\/\/bibliotecas.aeqb.edu.pt\/index.php?rest_route=\/wp\/v2\/users\/4"}],"replies":[{"embeddable":true,"href":"https:\/\/bibliotecas.aeqb.edu.pt\/index.php?rest_route=%2Fwp%2Fv2%2Fcomments&post=1264"}],"version-history":[{"count":6,"href":"https:\/\/bibliotecas.aeqb.edu.pt\/index.php?rest_route=\/wp\/v2\/pages\/1264\/revisions"}],"predecessor-version":[{"id":2469,"href":"https:\/\/bibliotecas.aeqb.edu.pt\/index.php?rest_route=\/wp\/v2\/pages\/1264\/revisions\/2469"}],"wp:attachment":[{"href":"https:\/\/bibliotecas.aeqb.edu.pt\/index.php?rest_route=%2Fwp%2Fv2%2Fmedia&parent=1264"}],"curies":[{"name":"wp","href":"https:\/\/api.w.org\/{rel}","templated":true}]}}