{"id":1268,"date":"2023-11-16T15:16:54","date_gmt":"2023-11-16T15:16:54","guid":{"rendered":"https:\/\/bibliotecas.aeqb.edu.pt\/?page_id=1268"},"modified":"2023-11-16T15:19:08","modified_gmt":"2023-11-16T15:19:08","slug":"concurso-de-leitura-em-voz-alta","status":"publish","type":"page","link":"https:\/\/bibliotecas.aeqb.edu.pt\/?page_id=1268","title":{"rendered":"Concurso de leitura em voz alta"},"content":{"rendered":"\n<h4 class=\"wp-block-heading has-text-align-right\">2.\u00ba SEMESTRE<\/h4>\n\n\n\n<div style=\"height:50px\" aria-hidden=\"true\" class=\"wp-block-spacer\"><\/div>\n\n\n\n<p><strong>O Concurso de Leitura em Voz Alta pretende estimular o gosto pela leitura em voz alta e, ao mesmo tempo, promover h\u00e1bitos de leitura na comunidade.<\/strong><\/p>\n\n\n\n<div style=\"height:50px\" aria-hidden=\"true\" class=\"wp-block-spacer\"><\/div>\n\n\n\n<h4 class=\"wp-block-heading\">Destinat\u00e1rios<\/h4>\n\n\n\n<p>S\u00e3o destinat\u00e1rios do Concurso de Leitura em Voz Alta todos os alunos inscritos do 5.\u00ba at\u00e9 ao 12.\u00ba ano.<\/p>\n\n\n\n<div style=\"height:50px\" aria-hidden=\"true\" class=\"wp-block-spacer\"><\/div>\n\n\n\n<h4 class=\"wp-block-heading\">Leitura<\/h4>\n\n\n\n<p>A escolha dos g\u00e9neros e dos textos liter\u00e1rios a apresentar \u00e9 livre.<\/p>\n\n\n\n<div style=\"height:50px\" aria-hidden=\"true\" class=\"wp-block-spacer\"><\/div>\n\n\n\n<h4 class=\"wp-block-heading\">Crit\u00e9rios de Avalia\u00e7\u00e3o<\/h4>\n\n\n\n<p>As leituras ser\u00e3o avaliadas por um j\u00fari de tr\u00eas elementos, com os seguintes crit\u00e9rios:<\/p>\n\n\n\n<ul class=\"wp-block-list\">\n<li>Leitura<\/li>\n\n\n\n<li>Dic\u00e7\u00e3o<\/li>\n\n\n\n<li>Flu\u00eancia<\/li>\n\n\n\n<li>Ritmo<\/li>\n\n\n\n<li>Inten\u00e7\u00e3o<\/li>\n<\/ul>\n\n\n\n<p>Em caso de empate, o j\u00fari elaborar\u00e1 um gui\u00e3o de perguntas sobre o texto escolhido, que ter\u00e1 como \u00fanico crit\u00e9rio a compreens\u00e3o do texto por parte do leitor.<\/p>\n","protected":false},"excerpt":{"rendered":"<p>2.\u00ba SEMESTRE O Concurso de Leitura em Voz Alta pretende estimular o gosto pela leitura em voz alta e, ao mesmo tempo, promover h\u00e1bitos de leitura na comunidade. Destinat\u00e1rios S\u00e3o destinat\u00e1rios do Concurso de Leitura em Voz Alta todos os alunos inscritos do 5.\u00ba at\u00e9 ao 12.\u00ba ano. Leitura A escolha dos g\u00e9neros e dos textos liter\u00e1rios a apresentar \u00e9 livre. Crit\u00e9rios de Avalia\u00e7\u00e3o As leituras ser\u00e3o avaliadas por um j\u00fari de tr\u00eas elementos, com os seguintes crit\u00e9rios: Em caso de empate, o j\u00fari elaborar\u00e1 um gui\u00e3o de perguntas sobre o texto escolhido, que ter\u00e1 como \u00fanico crit\u00e9rio a compreens\u00e3o do texto por parte do leitor.<\/p>\n","protected":false},"author":4,"featured_media":0,"parent":0,"menu_order":0,"comment_status":"closed","ping_status":"closed","template":"","meta":{"footnotes":""},"class_list":["post-1268","page","type-page","status-publish","hentry"],"acf":[],"_links":{"self":[{"href":"https:\/\/bibliotecas.aeqb.edu.pt\/index.php?rest_route=\/wp\/v2\/pages\/1268","targetHints":{"allow":["GET"]}}],"collection":[{"href":"https:\/\/bibliotecas.aeqb.edu.pt\/index.php?rest_route=\/wp\/v2\/pages"}],"about":[{"href":"https:\/\/bibliotecas.aeqb.edu.pt\/index.php?rest_route=\/wp\/v2\/types\/page"}],"author":[{"embeddable":true,"href":"https:\/\/bibliotecas.aeqb.edu.pt\/index.php?rest_route=\/wp\/v2\/users\/4"}],"replies":[{"embeddable":true,"href":"https:\/\/bibliotecas.aeqb.edu.pt\/index.php?rest_route=%2Fwp%2Fv2%2Fcomments&post=1268"}],"version-history":[{"count":3,"href":"https:\/\/bibliotecas.aeqb.edu.pt\/index.php?rest_route=\/wp\/v2\/pages\/1268\/revisions"}],"predecessor-version":[{"id":1272,"href":"https:\/\/bibliotecas.aeqb.edu.pt\/index.php?rest_route=\/wp\/v2\/pages\/1268\/revisions\/1272"}],"wp:attachment":[{"href":"https:\/\/bibliotecas.aeqb.edu.pt\/index.php?rest_route=%2Fwp%2Fv2%2Fmedia&parent=1268"}],"curies":[{"name":"wp","href":"https:\/\/api.w.org\/{rel}","templated":true}]}}