{"id":1273,"date":"2023-11-17T11:23:03","date_gmt":"2023-11-17T11:23:03","guid":{"rendered":"https:\/\/bibliotecas.aeqb.edu.pt\/?page_id=1273"},"modified":"2024-07-11T07:33:17","modified_gmt":"2024-07-11T07:33:17","slug":"a-poesia-passa-por-aqui","status":"publish","type":"page","link":"https:\/\/bibliotecas.aeqb.edu.pt\/?page_id=1273","title":{"rendered":"As palavras ganham cor"},"content":{"rendered":"\n<h4 class=\"wp-block-heading has-text-align-right\">2.\u00ba, 3.\u00ba Ciclos e Secund\u00e1rio<\/h4>\n\n\n\n<p class=\"has-text-align-right\"><strong>Ao longo do ano letivo<\/strong><\/p>\n\n\n\n<div class=\"wp-block-media-text has-media-on-the-right is-stacked-on-mobile\" style=\"grid-template-columns:auto 34%\"><div class=\"wp-block-media-text__content\">\n<p>As Palavras Ganham Cor \u00e9 um projeto que pretende demonstrar a liga\u00e7\u00e3o do texto com formas de arte visual.<br>Este projeto ter\u00e1 duas modalidades:<br><strong>Biblioteca<\/strong>: Mensalmente ser\u00e3o apresentados diferentes excertos de diferentes tipos de texto, pedindo aos nossos alunos que criem arte visual a partir da palavra escrita.<br><strong>Alunos<\/strong>: Caber\u00e1 ao aluno a escolha do texto a partir do qual criar\u00e1 a sua arte.<\/p>\n<\/div><figure class=\"wp-block-media-text__media\"><img fetchpriority=\"high\" decoding=\"async\" width=\"500\" height=\"500\" src=\"https:\/\/bibliotecas.aeqb.edu.pt\/wp-content\/uploads\/2024\/07\/As-palavras-ganham-cor.png\" alt=\"\" class=\"wp-image-2541 size-full\" srcset=\"https:\/\/bibliotecas.aeqb.edu.pt\/wp-content\/uploads\/2024\/07\/As-palavras-ganham-cor.png 500w, https:\/\/bibliotecas.aeqb.edu.pt\/wp-content\/uploads\/2024\/07\/As-palavras-ganham-cor-300x300.png 300w, https:\/\/bibliotecas.aeqb.edu.pt\/wp-content\/uploads\/2024\/07\/As-palavras-ganham-cor-150x150.png 150w, https:\/\/bibliotecas.aeqb.edu.pt\/wp-content\/uploads\/2024\/07\/As-palavras-ganham-cor-75x75.png 75w\" sizes=\"(max-width: 500px) 100vw, 500px\" \/><\/figure><\/div>\n\n\n\n<p>Da simples ilustra\u00e7\u00e3o ao cartaz, das esculturas \u00e0s instala\u00e7\u00f5es, ser\u00e1 pedido aos alunos novas cria\u00e7\u00f5es que sejam inovadoras na forma com que nos fazem olhar para a palavra.<\/p>\n","protected":false},"excerpt":{"rendered":"<p>2.\u00ba, 3.\u00ba Ciclos e Secund\u00e1rio Ao longo do ano letivo As Palavras Ganham Cor \u00e9 um projeto que pretende demonstrar a liga\u00e7\u00e3o do texto com formas de arte visual.Este projeto ter\u00e1 duas modalidades:Biblioteca: Mensalmente ser\u00e3o apresentados diferentes excertos de diferentes tipos de texto, pedindo aos nossos alunos que criem arte visual a partir da palavra escrita.Alunos: Caber\u00e1 ao aluno a escolha do texto a partir do qual criar\u00e1 a sua arte. Da simples ilustra\u00e7\u00e3o ao cartaz, das esculturas \u00e0s instala\u00e7\u00f5es, ser\u00e1 pedido aos alunos novas cria\u00e7\u00f5es que sejam inovadoras na forma com que nos fazem olhar para a palavra.<\/p>\n","protected":false},"author":4,"featured_media":0,"parent":0,"menu_order":0,"comment_status":"closed","ping_status":"closed","template":"","meta":{"footnotes":""},"class_list":["post-1273","page","type-page","status-publish","hentry"],"acf":[],"_links":{"self":[{"href":"https:\/\/bibliotecas.aeqb.edu.pt\/index.php?rest_route=\/wp\/v2\/pages\/1273","targetHints":{"allow":["GET"]}}],"collection":[{"href":"https:\/\/bibliotecas.aeqb.edu.pt\/index.php?rest_route=\/wp\/v2\/pages"}],"about":[{"href":"https:\/\/bibliotecas.aeqb.edu.pt\/index.php?rest_route=\/wp\/v2\/types\/page"}],"author":[{"embeddable":true,"href":"https:\/\/bibliotecas.aeqb.edu.pt\/index.php?rest_route=\/wp\/v2\/users\/4"}],"replies":[{"embeddable":true,"href":"https:\/\/bibliotecas.aeqb.edu.pt\/index.php?rest_route=%2Fwp%2Fv2%2Fcomments&post=1273"}],"version-history":[{"count":4,"href":"https:\/\/bibliotecas.aeqb.edu.pt\/index.php?rest_route=\/wp\/v2\/pages\/1273\/revisions"}],"predecessor-version":[{"id":2542,"href":"https:\/\/bibliotecas.aeqb.edu.pt\/index.php?rest_route=\/wp\/v2\/pages\/1273\/revisions\/2542"}],"wp:attachment":[{"href":"https:\/\/bibliotecas.aeqb.edu.pt\/index.php?rest_route=%2Fwp%2Fv2%2Fmedia&parent=1273"}],"curies":[{"name":"wp","href":"https:\/\/api.w.org\/{rel}","templated":true}]}}