{"id":1492,"date":"2023-12-14T11:15:43","date_gmt":"2023-12-14T11:15:43","guid":{"rendered":"https:\/\/bibliotecas.aeqb.edu.pt\/?page_id=1492"},"modified":"2023-12-14T11:18:13","modified_gmt":"2023-12-14T11:18:13","slug":"aler-mais-e-melhor","status":"publish","type":"page","link":"https:\/\/bibliotecas.aeqb.edu.pt\/?page_id=1492","title":{"rendered":"aLer mais e melhor"},"content":{"rendered":"\n<div class=\"wp-block-media-text is-stacked-on-mobile\" style=\"grid-template-columns:24% auto\"><figure class=\"wp-block-media-text__media\"><img fetchpriority=\"high\" decoding=\"async\" width=\"906\" height=\"1024\" src=\"https:\/\/bibliotecas.aeqb.edu.pt\/wp-content\/uploads\/2023\/12\/aler-1-906x1024.png\" alt=\"\" class=\"wp-image-1495 size-full\" srcset=\"https:\/\/bibliotecas.aeqb.edu.pt\/wp-content\/uploads\/2023\/12\/aler-1-906x1024.png 906w, https:\/\/bibliotecas.aeqb.edu.pt\/wp-content\/uploads\/2023\/12\/aler-1-265x300.png 265w, https:\/\/bibliotecas.aeqb.edu.pt\/wp-content\/uploads\/2023\/12\/aler-1-768x868.png 768w, https:\/\/bibliotecas.aeqb.edu.pt\/wp-content\/uploads\/2023\/12\/aler-1-1359x1536.png 1359w, https:\/\/bibliotecas.aeqb.edu.pt\/wp-content\/uploads\/2023\/12\/aler-1-1812x2048.png 1812w, https:\/\/bibliotecas.aeqb.edu.pt\/wp-content\/uploads\/2023\/12\/aler-1-1140x1289.png 1140w\" sizes=\"(max-width: 906px) 100vw, 906px\" \/><\/figure><div class=\"wp-block-media-text__content\">\n<p>O Agrupamento de Escolas Queluz-Belas integrou com orgulho o projeto <em><strong>escola a ler mais<\/strong><\/em> durante os anos letivos 2020\/2023. A partir deste ano, continuaremos a ser uma escola <strong><em>a ler mais e melhor<\/em><\/strong>, integrando esta nova proposta da RBE, dinamizando atividades que proporcionam o acesso ao saber, a estrutura\u00e7\u00e3o do pensamento e a melhoria da compreens\u00e3o e da express\u00e3o escrita e oral, assumindo tamb\u00e9m que a leitura \u00e9 uma saud\u00e1vel forma de lazer, associada ao desenvolvimento da curiosidade e de uma atitude cr\u00edtica fundamentada.<\/p>\n<\/div><\/div>\n\n\n\n<div style=\"height:100px\" aria-hidden=\"true\" class=\"wp-block-spacer\"><\/div>\n\n\n\n<h3 class=\"wp-block-heading\"><strong>Objetivo<\/strong><\/h3>\n\n\n\n<p>Apoiar o desenvolvimento, em cada agrupamento\/ escola n\u00e3o agrupada, de um programa de leitura que conduza, de forma consolidada, ao aumento dos h\u00e1bitos de leitura e \u00e0 melhoria das compet\u00eancias de compreens\u00e3o e express\u00e3o nas modalidades oral, escrita e multimodal.<\/p>\n\n\n\n<div style=\"height:56px\" aria-hidden=\"true\" class=\"wp-block-spacer\"><\/div>\n\n\n\n<h3 class=\"wp-block-heading\"><strong>Princ\u00edpios gerais<\/strong><\/h3>\n\n\n\n<p>Uma escola&nbsp;<em><mark style=\"background-color:rgba(0, 0, 0, 0)\" class=\"has-inline-color has-black-color\">aLer mais e melhor<\/mark><\/em>\u2026<\/p>\n\n\n\n<ul class=\"wp-block-list\">\n<li>reconhece que a leitura suporta todas as aprendizagens e \u00e9 imprescind\u00edvel ao sucesso pessoal e escolar dos seus alunos;<\/li>\n\n\n\n<li>assume que a promo\u00e7\u00e3o do gosto pela leitura e o desenvolvimento das compet\u00eancias leitoras s\u00e3o da responsabilidade de toda a comunidade;<\/li>\n\n\n\n<li>desenha um programa de leitura para o agrupamento\/ escola n\u00e3o agrupada, como estrat\u00e9gia basilar do seu projeto educativo;<\/li>\n\n\n\n<li>monitoriza sistematicamente o seu trabalho no \u00e2mbito da promo\u00e7\u00e3o da leitura e os respetivos impactos.<\/li>\n<\/ul>\n\n\n\n<p><\/p>\n","protected":false},"excerpt":{"rendered":"<p>O Agrupamento de Escolas Queluz-Belas integrou com orgulho o projeto escola a ler mais durante os anos letivos 2020\/2023. A partir deste ano, continuaremos a ser uma escola a ler mais e melhor, integrando esta nova proposta da RBE, dinamizando atividades que proporcionam o acesso ao saber, a estrutura\u00e7\u00e3o do pensamento e a melhoria da compreens\u00e3o e da express\u00e3o escrita e oral, assumindo tamb\u00e9m que a leitura \u00e9 uma saud\u00e1vel forma de lazer, associada ao desenvolvimento da curiosidade e de uma atitude cr\u00edtica fundamentada. Objetivo Apoiar o desenvolvimento, em cada agrupamento\/ escola n\u00e3o agrupada, de um programa de leitura que conduza, de forma consolidada, ao aumento dos h\u00e1bitos de leitura e \u00e0 melhoria das compet\u00eancias de compreens\u00e3o e express\u00e3o nas modalidades oral, escrita e multimodal. Princ\u00edpios gerais Uma escola&nbsp;aLer mais e melhor\u2026<\/p>\n","protected":false},"author":4,"featured_media":0,"parent":0,"menu_order":0,"comment_status":"closed","ping_status":"closed","template":"","meta":{"footnotes":""},"class_list":["post-1492","page","type-page","status-publish","hentry"],"acf":[],"_links":{"self":[{"href":"https:\/\/bibliotecas.aeqb.edu.pt\/index.php?rest_route=\/wp\/v2\/pages\/1492","targetHints":{"allow":["GET"]}}],"collection":[{"href":"https:\/\/bibliotecas.aeqb.edu.pt\/index.php?rest_route=\/wp\/v2\/pages"}],"about":[{"href":"https:\/\/bibliotecas.aeqb.edu.pt\/index.php?rest_route=\/wp\/v2\/types\/page"}],"author":[{"embeddable":true,"href":"https:\/\/bibliotecas.aeqb.edu.pt\/index.php?rest_route=\/wp\/v2\/users\/4"}],"replies":[{"embeddable":true,"href":"https:\/\/bibliotecas.aeqb.edu.pt\/index.php?rest_route=%2Fwp%2Fv2%2Fcomments&post=1492"}],"version-history":[{"count":9,"href":"https:\/\/bibliotecas.aeqb.edu.pt\/index.php?rest_route=\/wp\/v2\/pages\/1492\/revisions"}],"predecessor-version":[{"id":1505,"href":"https:\/\/bibliotecas.aeqb.edu.pt\/index.php?rest_route=\/wp\/v2\/pages\/1492\/revisions\/1505"}],"wp:attachment":[{"href":"https:\/\/bibliotecas.aeqb.edu.pt\/index.php?rest_route=%2Fwp%2Fv2%2Fmedia&parent=1492"}],"curies":[{"name":"wp","href":"https:\/\/api.w.org\/{rel}","templated":true}]}}