{"id":162,"date":"2022-08-09T15:32:45","date_gmt":"2022-08-09T15:32:45","guid":{"rendered":"https:\/\/bibliotecas.espan.edu.pt\/?page_id=162"},"modified":"2024-02-15T20:19:36","modified_gmt":"2024-02-15T20:19:36","slug":"avaliacao","status":"publish","type":"page","link":"https:\/\/bibliotecas.aeqb.edu.pt\/?page_id=162","title":{"rendered":"Avalia\u00e7\u00e3o"},"content":{"rendered":"\n<p>Os alunos Monitores recebem uma avalia\u00e7\u00e3o qualitativa trimestral e essa avalia\u00e7\u00e3o \u00e9 entregue aos DT que a registam no impresso para os EE, tal como a nota de qualquer disciplina.<\/p>\n\n\n\n<p><strong>Crit\u00e9rios de Avalia\u00e7\u00e3o<\/strong><br>&#8211; Assidu\u00eddade<br>&#8211; Rigor e acertividade no cumprimento das fun\u00e7\u00f5es de monitor<br>&#8211; Autonomia<br>&#8211; Relacionamento interpessoal<br>&#8211; Esp\u00edrito de iniciativa<\/p>\n\n\n\n<p><strong>Formaliza\u00e7\u00e3o da avalia\u00e7\u00e3o<\/strong>:<br><em>Autoavalia\u00e7\u00e3o<\/em>&nbsp;&#8211; Os monitores preenchem um registo de autoavalia\u00e7\u00e3o na \u00faltima semana de cada per\u00edodo letivo.<br><em>Reuni\u00f5es de avalia\u00e7\u00e3o<\/em>&nbsp;&#8211; \u00c9 realizada uma reuni\u00e3o de avalia\u00e7\u00e3o por per\u00edodo. \u00c9 sempre no \u00faltimo dia de aulas e todos os alunos monitores est\u00e3o dispensados das aulas nesse dia. Nessa reuni\u00e3o \u00e9 comunicada publicamente a avalia\u00e7\u00e3o de cada Monitor e todos s\u00e3o ouvidos sobre a avalia\u00e7\u00e3o da Biblioteca.<br><em>Certifica\u00e7\u00e3o<\/em>&nbsp;&#8211; No final do ano letivo cada Monitor recebe um certificado com o n\u00famero de horas de trabalho realizadas durante o ano e com a avalia\u00e7\u00e3o final obtida.<\/p>\n\n\n\n<p><strong>Efeitos da Avalia\u00e7\u00e3o<\/strong>:<br>S\u00f3 os Monitores com avalia\u00e7\u00e3o positiva podem permanecer no cargo. Caso a avalia\u00e7\u00e3o seja negativa, os alunos, os EE e os DT s\u00e3o informados do seu afastamento de fun\u00e7\u00f5es.<br>S\u00f3 os Monitores com avalia\u00e7\u00e3o de Muito Bom \u00e9 que podem ser chefes de equipa no projeto\u00a0<em>PS no CRE<\/em>.<br>Os alunos que acompanham a equipa das Bibliotecas Escolares em atividades no exterior s\u00e3o, sempre que poss\u00edvel, selecionados entre os que t\u00eam avalia\u00e7\u00e3o Muito Bom.<\/p>\n","protected":false},"excerpt":{"rendered":"<p>Os alunos Monitores recebem uma avalia\u00e7\u00e3o qualitativa trimestral e essa avalia\u00e7\u00e3o \u00e9 entregue aos DT que a registam no impresso para os EE, tal como a nota de qualquer disciplina. Crit\u00e9rios de Avalia\u00e7\u00e3o&#8211; Assidu\u00eddade&#8211; Rigor e acertividade no cumprimento das fun\u00e7\u00f5es de monitor&#8211; Autonomia&#8211; Relacionamento interpessoal&#8211; Esp\u00edrito de iniciativa Formaliza\u00e7\u00e3o da avalia\u00e7\u00e3o:Autoavalia\u00e7\u00e3o&nbsp;&#8211; Os monitores preenchem um registo de autoavalia\u00e7\u00e3o na \u00faltima semana de cada per\u00edodo letivo.Reuni\u00f5es de avalia\u00e7\u00e3o&nbsp;&#8211; \u00c9 realizada uma reuni\u00e3o de avalia\u00e7\u00e3o por per\u00edodo. \u00c9 sempre no \u00faltimo dia de aulas e todos os alunos monitores est\u00e3o dispensados das aulas nesse dia. Nessa reuni\u00e3o \u00e9 comunicada publicamente a avalia\u00e7\u00e3o de cada Monitor e todos s\u00e3o ouvidos sobre a avalia\u00e7\u00e3o da Biblioteca.Certifica\u00e7\u00e3o&nbsp;&#8211; No final do ano letivo cada Monitor recebe um certificado com o n\u00famero de horas de trabalho realizadas durante o ano e com a avalia\u00e7\u00e3o final obtida. Efeitos da Avalia\u00e7\u00e3o:S\u00f3 os Monitores com avalia\u00e7\u00e3o positiva podem permanecer no cargo. Caso a avalia\u00e7\u00e3o seja negativa, os alunos, os EE e os DT s\u00e3o informados do seu afastamento de fun\u00e7\u00f5es.S\u00f3 os Monitores com avalia\u00e7\u00e3o de Muito Bom \u00e9 que podem ser chefes de equipa no projeto\u00a0PS no CRE.Os alunos que acompanham a equipa das Bibliotecas Escolares em atividades no exterior s\u00e3o, sempre que poss\u00edvel, selecionados entre os que t\u00eam avalia\u00e7\u00e3o Muito Bom.<\/p>\n","protected":false},"author":4,"featured_media":0,"parent":55,"menu_order":0,"comment_status":"closed","ping_status":"closed","template":"","meta":{"footnotes":""},"class_list":["post-162","page","type-page","status-publish","hentry"],"acf":[],"_links":{"self":[{"href":"https:\/\/bibliotecas.aeqb.edu.pt\/index.php?rest_route=\/wp\/v2\/pages\/162","targetHints":{"allow":["GET"]}}],"collection":[{"href":"https:\/\/bibliotecas.aeqb.edu.pt\/index.php?rest_route=\/wp\/v2\/pages"}],"about":[{"href":"https:\/\/bibliotecas.aeqb.edu.pt\/index.php?rest_route=\/wp\/v2\/types\/page"}],"author":[{"embeddable":true,"href":"https:\/\/bibliotecas.aeqb.edu.pt\/index.php?rest_route=\/wp\/v2\/users\/4"}],"replies":[{"embeddable":true,"href":"https:\/\/bibliotecas.aeqb.edu.pt\/index.php?rest_route=%2Fwp%2Fv2%2Fcomments&post=162"}],"version-history":[{"count":2,"href":"https:\/\/bibliotecas.aeqb.edu.pt\/index.php?rest_route=\/wp\/v2\/pages\/162\/revisions"}],"predecessor-version":[{"id":1880,"href":"https:\/\/bibliotecas.aeqb.edu.pt\/index.php?rest_route=\/wp\/v2\/pages\/162\/revisions\/1880"}],"up":[{"embeddable":true,"href":"https:\/\/bibliotecas.aeqb.edu.pt\/index.php?rest_route=\/wp\/v2\/pages\/55"}],"wp:attachment":[{"href":"https:\/\/bibliotecas.aeqb.edu.pt\/index.php?rest_route=%2Fwp%2Fv2%2Fmedia&parent=162"}],"curies":[{"name":"wp","href":"https:\/\/api.w.org\/{rel}","templated":true}]}}