{"id":164,"date":"2022-08-09T15:34:54","date_gmt":"2022-08-09T15:34:54","guid":{"rendered":"https:\/\/bibliotecas.espan.edu.pt\/?page_id=164"},"modified":"2024-02-15T20:18:50","modified_gmt":"2024-02-15T20:18:50","slug":"formacao","status":"publish","type":"page","link":"https:\/\/bibliotecas.aeqb.edu.pt\/?page_id=164","title":{"rendered":"Forma\u00e7\u00e3o"},"content":{"rendered":"\n<div class=\"wp-block-media-text is-stacked-on-mobile\" style=\"grid-template-columns:35% auto\"><figure class=\"wp-block-media-text__media\"><img fetchpriority=\"high\" decoding=\"async\" width=\"1024\" height=\"682\" src=\"https:\/\/bibliotecas.aeqb.edu.pt\/wp-content\/uploads\/2022\/08\/IMG_1775-1024x682.jpg\" alt=\"\" class=\"wp-image-165 size-full\" srcset=\"https:\/\/bibliotecas.aeqb.edu.pt\/wp-content\/uploads\/2022\/08\/IMG_1775-1024x682.jpg 1024w, https:\/\/bibliotecas.aeqb.edu.pt\/wp-content\/uploads\/2022\/08\/IMG_1775-300x200.jpg 300w, https:\/\/bibliotecas.aeqb.edu.pt\/wp-content\/uploads\/2022\/08\/IMG_1775-768x512.jpg 768w, https:\/\/bibliotecas.aeqb.edu.pt\/wp-content\/uploads\/2022\/08\/IMG_1775-1536x1023.jpg 1536w, https:\/\/bibliotecas.aeqb.edu.pt\/wp-content\/uploads\/2022\/08\/IMG_1775-570x380.jpg 570w, https:\/\/bibliotecas.aeqb.edu.pt\/wp-content\/uploads\/2022\/08\/IMG_1775-380x254.jpg 380w, https:\/\/bibliotecas.aeqb.edu.pt\/wp-content\/uploads\/2022\/08\/IMG_1775-285x190.jpg 285w, https:\/\/bibliotecas.aeqb.edu.pt\/wp-content\/uploads\/2022\/08\/IMG_1775.jpg 1600w\" sizes=\"(max-width: 1024px) 100vw, 1024px\" \/><\/figure><div class=\"wp-block-media-text__content\">\n<p>Todos os Monitores das Bibliotecas Escolares passam por um curso de Forma\u00e7\u00e3o de Monitores constitu\u00eddo por 7 M\u00f3dulos de forma\u00e7\u00e3o a que correspondem 7 momentos de avalia\u00e7\u00e3o. A forma\u00e7\u00e3o de cada novo Monitor \u00e9 acompanhada por um Monitor mais experiente que \u00e9 tamb\u00e9m o respons\u00e1vel pela sua avalia\u00e7\u00e3o.<\/p>\n<\/div><\/div>\n\n\n\n<p><\/p>\n\n\n\n<p><\/p>\n\n\n\n<div class=\"wp-block-columns is-layout-flex wp-container-core-columns-is-layout-9d6595d7 wp-block-columns-is-layout-flex\">\n<div class=\"wp-block-column is-layout-flow wp-block-column-is-layout-flow\">\n<p><strong>M\u00f3dulo 1: Conhecer a Biblioteca Escolar<\/strong><br>Conceito de Biblioteca<br>Miss\u00e3o da Biblioteca Escolar<br>\u00c1reas funcionais da Biblioteca Escolar<\/p>\n\n\n\n<p><strong>M\u00f3dulo 2: Regras gerais de funcionamento da Biblioteca Escolar<\/strong><br>Regras de acesso \u00e0 Biblioteca Escolar<br>Regras de utiliza\u00e7\u00e3o das diferentes \u00e1reas funcionais<br>Regras de utiliza\u00e7\u00e3o dos equipamentos<\/p>\n\n\n\n<p><strong>M\u00f3dulo 3: Miss\u00e3o do Monitor<\/strong><br>Miss\u00e3o dos Monitores<br>Comportamento assertivos<br>Comportamentos a evitar<\/p>\n\n\n\n<p><strong>M\u00f3dulo 4: Fun\u00e7\u00f5es do Monitor<\/strong><br>Fun\u00e7\u00f5es dos Monitores na rece\u00e7\u00e3o<br>Fun\u00e7\u00f5es do Monitores na \u00e1rea inform\u00e1tica<br>Fun\u00e7\u00f5es dos Monitores na \u00e1rea de leitura<\/p>\n<\/div>\n\n\n\n<div class=\"wp-block-column is-layout-flow wp-block-column-is-layout-flow\">\n<p><strong>M\u00f3dulo 5: Preenchimento do Registo de Entradas<\/strong><br>Registos de entradas<br>Registo de empr\u00e9stimos internos, para a sala de aula e para outras escolas<br>Registo de Arruma\u00e7\u00e3o<br>Agenda da Biblioteca Escolar<\/p>\n\n\n\n<p><strong>M\u00f3dulo 6: Pesquisa no Cat\u00e1logo<\/strong><br>Conceito de Cat\u00e1logo<br>Pesquisa simples<br>Pesquisa booliana<br>Localiza\u00e7\u00e3o de documentos pela cota<\/p>\n\n\n\n<p><strong>M\u00f3dulo 7: M\u00f3dulo de Empr\u00e9stimos<\/strong><br>Cria\u00e7\u00e3o de cart\u00e3o de leitor<br>Registo de empr\u00e9stimo<br>Registo de devolu\u00e7\u00e3o<br>Listagem de livros em atraso<\/p>\n<\/div>\n<\/div>\n\n\n\n<p>Todos os M\u00f3dulos do curso t\u00eam uma componente te\u00f3rica seguida de um quiz de avalia\u00e7\u00e3o. Os Monitores em forma\u00e7\u00e3o t\u00eam acesso ao curso nos iPad. <\/p>\n\n\n\n<p>As tarefas previstas s\u00e3o efetuadas sob a supervis\u00e3o de um Monitor mais experiente ou de uma Assistente Operacional.<br>Os M\u00f3dulos 5, 6 e 7 t\u00eam uma componente pr\u00e1tica com avalia\u00e7\u00e3o de desempenho acompanhada pelo Monitor respons\u00e1vel pela forma\u00e7\u00e3o do colega.<\/p>\n\n\n\n<p><br>A nota obtida na Forma\u00e7\u00e3o \u00e9 tida em conta na avalia\u00e7\u00e3o final do per\u00edodo em que foi realizada.<\/p>\n","protected":false},"excerpt":{"rendered":"<p>Todos os Monitores das Bibliotecas Escolares passam por um curso de Forma\u00e7\u00e3o de Monitores constitu\u00eddo por 7 M\u00f3dulos de forma\u00e7\u00e3o a que correspondem 7 momentos de avalia\u00e7\u00e3o. A forma\u00e7\u00e3o de cada novo Monitor \u00e9 acompanhada por um Monitor mais experiente que \u00e9 tamb\u00e9m o respons\u00e1vel pela sua avalia\u00e7\u00e3o. M\u00f3dulo 1: Conhecer a Biblioteca EscolarConceito de BibliotecaMiss\u00e3o da Biblioteca Escolar\u00c1reas funcionais da Biblioteca Escolar M\u00f3dulo 2: Regras gerais de funcionamento da Biblioteca EscolarRegras de acesso \u00e0 Biblioteca EscolarRegras de utiliza\u00e7\u00e3o das diferentes \u00e1reas funcionaisRegras de utiliza\u00e7\u00e3o dos equipamentos M\u00f3dulo 3: Miss\u00e3o do MonitorMiss\u00e3o dos MonitoresComportamento assertivosComportamentos a evitar M\u00f3dulo 4: Fun\u00e7\u00f5es do MonitorFun\u00e7\u00f5es dos Monitores na rece\u00e7\u00e3oFun\u00e7\u00f5es do Monitores na \u00e1rea inform\u00e1ticaFun\u00e7\u00f5es dos Monitores na \u00e1rea de leitura M\u00f3dulo 5: Preenchimento do Registo de EntradasRegistos de entradasRegisto de empr\u00e9stimos internos, para a sala de aula e para outras escolasRegisto de Arruma\u00e7\u00e3oAgenda da Biblioteca Escolar M\u00f3dulo 6: Pesquisa no Cat\u00e1logoConceito de Cat\u00e1logoPesquisa simplesPesquisa boolianaLocaliza\u00e7\u00e3o de documentos pela cota M\u00f3dulo 7: M\u00f3dulo de Empr\u00e9stimosCria\u00e7\u00e3o de cart\u00e3o de leitorRegisto de empr\u00e9stimoRegisto de devolu\u00e7\u00e3oListagem de livros em atraso Todos os M\u00f3dulos do curso t\u00eam uma componente te\u00f3rica seguida de um quiz de avalia\u00e7\u00e3o. Os Monitores em forma\u00e7\u00e3o t\u00eam acesso ao curso nos iPad. As tarefas previstas s\u00e3o efetuadas sob a supervis\u00e3o de um Monitor mais experiente ou de uma Assistente Operacional.Os M\u00f3dulos 5, 6 e 7 t\u00eam uma componente pr\u00e1tica com avalia\u00e7\u00e3o de desempenho acompanhada pelo Monitor respons\u00e1vel pela forma\u00e7\u00e3o do colega. A nota obtida na Forma\u00e7\u00e3o \u00e9 tida em conta na avalia\u00e7\u00e3o final do per\u00edodo em que foi realizada.<\/p>\n","protected":false},"author":4,"featured_media":0,"parent":55,"menu_order":0,"comment_status":"closed","ping_status":"closed","template":"","meta":{"footnotes":""},"class_list":["post-164","page","type-page","status-publish","hentry"],"acf":[],"_links":{"self":[{"href":"https:\/\/bibliotecas.aeqb.edu.pt\/index.php?rest_route=\/wp\/v2\/pages\/164","targetHints":{"allow":["GET"]}}],"collection":[{"href":"https:\/\/bibliotecas.aeqb.edu.pt\/index.php?rest_route=\/wp\/v2\/pages"}],"about":[{"href":"https:\/\/bibliotecas.aeqb.edu.pt\/index.php?rest_route=\/wp\/v2\/types\/page"}],"author":[{"embeddable":true,"href":"https:\/\/bibliotecas.aeqb.edu.pt\/index.php?rest_route=\/wp\/v2\/users\/4"}],"replies":[{"embeddable":true,"href":"https:\/\/bibliotecas.aeqb.edu.pt\/index.php?rest_route=%2Fwp%2Fv2%2Fcomments&post=164"}],"version-history":[{"count":6,"href":"https:\/\/bibliotecas.aeqb.edu.pt\/index.php?rest_route=\/wp\/v2\/pages\/164\/revisions"}],"predecessor-version":[{"id":1879,"href":"https:\/\/bibliotecas.aeqb.edu.pt\/index.php?rest_route=\/wp\/v2\/pages\/164\/revisions\/1879"}],"up":[{"embeddable":true,"href":"https:\/\/bibliotecas.aeqb.edu.pt\/index.php?rest_route=\/wp\/v2\/pages\/55"}],"wp:attachment":[{"href":"https:\/\/bibliotecas.aeqb.edu.pt\/index.php?rest_route=%2Fwp%2Fv2%2Fmedia&parent=164"}],"curies":[{"name":"wp","href":"https:\/\/api.w.org\/{rel}","templated":true}]}}