{"id":1841,"date":"2024-02-14T15:26:11","date_gmt":"2024-02-14T15:26:11","guid":{"rendered":"https:\/\/bibliotecas.aeqb.edu.pt\/?page_id=1841"},"modified":"2024-02-14T15:49:24","modified_gmt":"2024-02-14T15:49:24","slug":"seguranca-digital","status":"publish","type":"page","link":"https:\/\/bibliotecas.aeqb.edu.pt\/?page_id=1841","title":{"rendered":"Seguran\u00e7a Digital"},"content":{"rendered":"\n<div class=\"wp-block-columns is-layout-flex wp-container-core-columns-is-layout-9d6595d7 wp-block-columns-is-layout-flex\">\n<div class=\"wp-block-column is-layout-flow wp-block-column-is-layout-flow\"><div class=\"wp-block-image\">\n<figure class=\"aligncenter size-full\"><a href=\"https:\/\/www.internetsegura.pt\/\" target=\"_blank\" rel=\"noreferrer noopener\"><img fetchpriority=\"high\" decoding=\"async\" width=\"800\" height=\"602\" src=\"https:\/\/bibliotecas.aeqb.edu.pt\/wp-content\/uploads\/2024\/02\/Inteligencia_Artificial___o_que_e-10.jpg\" alt=\"\" class=\"wp-image-1842\" srcset=\"https:\/\/bibliotecas.aeqb.edu.pt\/wp-content\/uploads\/2024\/02\/Inteligencia_Artificial___o_que_e-10.jpg 800w, https:\/\/bibliotecas.aeqb.edu.pt\/wp-content\/uploads\/2024\/02\/Inteligencia_Artificial___o_que_e-10-300x226.jpg 300w, https:\/\/bibliotecas.aeqb.edu.pt\/wp-content\/uploads\/2024\/02\/Inteligencia_Artificial___o_que_e-10-768x578.jpg 768w\" sizes=\"(max-width: 800px) 100vw, 800px\" \/><\/a><figcaption class=\"wp-element-caption\"><strong>CENTRO INTERNET SEGURA<\/strong><br>O Centro Internet Segura, tem como miss\u00e3o a promo\u00e7\u00e3o do uso respons\u00e1vel, consciente e saud\u00e1vel da Internet.<\/figcaption><\/figure>\n<\/div><\/div>\n\n\n\n<div class=\"wp-block-column is-layout-flow wp-block-column-is-layout-flow\"><div class=\"wp-block-image\">\n<figure class=\"aligncenter size-full\"><img decoding=\"async\" width=\"800\" height=\"602\" src=\"https:\/\/bibliotecas.aeqb.edu.pt\/wp-content\/uploads\/2024\/02\/Inteligencia_Artificial___o_que_e-11.jpg\" alt=\"\" class=\"wp-image-1845\" srcset=\"https:\/\/bibliotecas.aeqb.edu.pt\/wp-content\/uploads\/2024\/02\/Inteligencia_Artificial___o_que_e-11.jpg 800w, https:\/\/bibliotecas.aeqb.edu.pt\/wp-content\/uploads\/2024\/02\/Inteligencia_Artificial___o_que_e-11-300x226.jpg 300w, https:\/\/bibliotecas.aeqb.edu.pt\/wp-content\/uploads\/2024\/02\/Inteligencia_Artificial___o_que_e-11-768x578.jpg 768w\" sizes=\"(max-width: 800px) 100vw, 800px\" \/><figcaption class=\"wp-element-caption\"><strong>ESCOLA SEM BULLYING<br>ESCOLA SEM VIOL\u00caNCIA<\/strong><br>Esta iniciativa, destinada a toda a comunidade educativa, configura-se como um instrumento de sensibiliza\u00e7\u00e3o, preven\u00e7\u00e3o e interven\u00e7\u00e3o, tendo como principal objetivo a progressiva erradica\u00e7\u00e3o destes fen\u00f3menos<\/figcaption><\/figure>\n<\/div><\/div>\n\n\n\n<div class=\"wp-block-column is-layout-flow wp-block-column-is-layout-flow\"><div class=\"wp-block-image\">\n<figure class=\"aligncenter size-full\"><a href=\"https:\/\/www.seguranet.pt\/\" target=\"_blank\" rel=\"noreferrer noopener\"><img decoding=\"async\" width=\"800\" height=\"602\" src=\"https:\/\/bibliotecas.aeqb.edu.pt\/wp-content\/uploads\/2024\/02\/Inteligencia_Artificial___o_que_e-12.jpg\" alt=\"\" class=\"wp-image-1848\" srcset=\"https:\/\/bibliotecas.aeqb.edu.pt\/wp-content\/uploads\/2024\/02\/Inteligencia_Artificial___o_que_e-12.jpg 800w, https:\/\/bibliotecas.aeqb.edu.pt\/wp-content\/uploads\/2024\/02\/Inteligencia_Artificial___o_que_e-12-300x226.jpg 300w, https:\/\/bibliotecas.aeqb.edu.pt\/wp-content\/uploads\/2024\/02\/Inteligencia_Artificial___o_que_e-12-768x578.jpg 768w\" sizes=\"(max-width: 800px) 100vw, 800px\" \/><\/a><figcaption class=\"wp-element-caption\"><strong>SEGURANET<\/strong><br>O SeguraNet tem como miss\u00e3o promover a Educa\u00e7\u00e3o para a Cidadania Digital.<\/figcaption><\/figure>\n<\/div><\/div>\n\n\n\n<div class=\"wp-block-column is-layout-flow wp-block-column-is-layout-flow\"><div class=\"wp-block-image\">\n<figure class=\"aligncenter size-full\"><a href=\"https:\/\/cctic.ese.ipsantarem.pt\/jogos\/\" target=\"_blank\" rel=\"noreferrer noopener\"><img loading=\"lazy\" decoding=\"async\" width=\"800\" height=\"602\" src=\"https:\/\/bibliotecas.aeqb.edu.pt\/wp-content\/uploads\/2024\/02\/Inteligencia_Artificial___o_que_e-13.jpg\" alt=\"\" class=\"wp-image-1849\" srcset=\"https:\/\/bibliotecas.aeqb.edu.pt\/wp-content\/uploads\/2024\/02\/Inteligencia_Artificial___o_que_e-13.jpg 800w, https:\/\/bibliotecas.aeqb.edu.pt\/wp-content\/uploads\/2024\/02\/Inteligencia_Artificial___o_que_e-13-300x226.jpg 300w, https:\/\/bibliotecas.aeqb.edu.pt\/wp-content\/uploads\/2024\/02\/Inteligencia_Artificial___o_que_e-13-768x578.jpg 768w\" sizes=\"(max-width: 800px) 100vw, 800px\" \/><\/a><figcaption class=\"wp-element-caption\"><strong>JOGOS SEGURANET<\/strong><br>Jogos SeguraNet para promover a Cidadania Digital e a Educa\u00e7\u00e3o para os M\u00e9dia nas Escolas.<\/figcaption><\/figure>\n<\/div><\/div>\n<\/div>\n\n\n\n<div class=\"wp-block-columns is-layout-flex wp-container-core-columns-is-layout-9d6595d7 wp-block-columns-is-layout-flex\">\n<div class=\"wp-block-column is-layout-flow wp-block-column-is-layout-flow\"><div class=\"wp-block-image\">\n<figure class=\"aligncenter size-full\"><a href=\"https:\/\/www.dge.mec.pt\/academia-digital-para-pais-4a-edicao\" target=\"_blank\" rel=\"noreferrer noopener\"><img loading=\"lazy\" decoding=\"async\" width=\"800\" height=\"602\" src=\"https:\/\/bibliotecas.aeqb.edu.pt\/wp-content\/uploads\/2024\/02\/Inteligencia_Artificial___o_que_e-14.jpg\" alt=\"\" class=\"wp-image-1851\" srcset=\"https:\/\/bibliotecas.aeqb.edu.pt\/wp-content\/uploads\/2024\/02\/Inteligencia_Artificial___o_que_e-14.jpg 800w, https:\/\/bibliotecas.aeqb.edu.pt\/wp-content\/uploads\/2024\/02\/Inteligencia_Artificial___o_que_e-14-300x226.jpg 300w, https:\/\/bibliotecas.aeqb.edu.pt\/wp-content\/uploads\/2024\/02\/Inteligencia_Artificial___o_que_e-14-768x578.jpg 768w\" sizes=\"(max-width: 800px) 100vw, 800px\" \/><\/a><figcaption class=\"wp-element-caption\"><strong>ACADEMIA DIGITAL PARA PAIS<\/strong><br>Este programa permite aos pais e encarregados de educa\u00e7\u00e3o, de crian\u00e7as e jovens do Ensino B\u00e1sico e Secund\u00e1rio, de frequentar a\u00e7\u00f5es de forma\u00e7\u00e3o promotoras de compet\u00eancias digitais.<\/figcaption><\/figure>\n<\/div><\/div>\n\n\n\n<div class=\"wp-block-column is-layout-flow wp-block-column-is-layout-flow\"><div class=\"wp-block-image\">\n<figure class=\"aligncenter size-full\"><a href=\"https:\/\/fundacao.altice.pt\/tecnologia\/comunicar-seguranca\" target=\"_blank\" rel=\"noreferrer noopener\"><img loading=\"lazy\" decoding=\"async\" width=\"800\" height=\"602\" src=\"https:\/\/bibliotecas.aeqb.edu.pt\/wp-content\/uploads\/2024\/02\/Inteligencia_Artificial___o_que_e-15.jpg\" alt=\"\" class=\"wp-image-1852\" srcset=\"https:\/\/bibliotecas.aeqb.edu.pt\/wp-content\/uploads\/2024\/02\/Inteligencia_Artificial___o_que_e-15.jpg 800w, https:\/\/bibliotecas.aeqb.edu.pt\/wp-content\/uploads\/2024\/02\/Inteligencia_Artificial___o_que_e-15-300x226.jpg 300w, https:\/\/bibliotecas.aeqb.edu.pt\/wp-content\/uploads\/2024\/02\/Inteligencia_Artificial___o_que_e-15-768x578.jpg 768w\" sizes=\"(max-width: 800px) 100vw, 800px\" \/><\/a><figcaption class=\"wp-element-caption\"><strong>COMUNICAR EM SEGURAN\u00c7A<\/strong><br>Programa de sensibiliza\u00e7\u00e3o para a utiliza\u00e7\u00e3o respons\u00e1vel das telecomunica\u00e7\u00f5es.<\/figcaption><\/figure>\n<\/div><\/div>\n\n\n\n<div class=\"wp-block-column is-layout-flow wp-block-column-is-layout-flow\"><\/div>\n\n\n\n<div class=\"wp-block-column is-layout-flow wp-block-column-is-layout-flow\"><\/div>\n<\/div>\n","protected":false},"excerpt":{"rendered":"","protected":false},"author":4,"featured_media":0,"parent":0,"menu_order":0,"comment_status":"closed","ping_status":"closed","template":"","meta":{"footnotes":""},"class_list":["post-1841","page","type-page","status-publish","hentry"],"acf":[],"_links":{"self":[{"href":"https:\/\/bibliotecas.aeqb.edu.pt\/index.php?rest_route=\/wp\/v2\/pages\/1841","targetHints":{"allow":["GET"]}}],"collection":[{"href":"https:\/\/bibliotecas.aeqb.edu.pt\/index.php?rest_route=\/wp\/v2\/pages"}],"about":[{"href":"https:\/\/bibliotecas.aeqb.edu.pt\/index.php?rest_route=\/wp\/v2\/types\/page"}],"author":[{"embeddable":true,"href":"https:\/\/bibliotecas.aeqb.edu.pt\/index.php?rest_route=\/wp\/v2\/users\/4"}],"replies":[{"embeddable":true,"href":"https:\/\/bibliotecas.aeqb.edu.pt\/index.php?rest_route=%2Fwp%2Fv2%2Fcomments&post=1841"}],"version-history":[{"count":3,"href":"https:\/\/bibliotecas.aeqb.edu.pt\/index.php?rest_route=\/wp\/v2\/pages\/1841\/revisions"}],"predecessor-version":[{"id":1853,"href":"https:\/\/bibliotecas.aeqb.edu.pt\/index.php?rest_route=\/wp\/v2\/pages\/1841\/revisions\/1853"}],"wp:attachment":[{"href":"https:\/\/bibliotecas.aeqb.edu.pt\/index.php?rest_route=%2Fwp%2Fv2%2Fmedia&parent=1841"}],"curies":[{"name":"wp","href":"https:\/\/api.w.org\/{rel}","templated":true}]}}