{"id":2423,"date":"2024-07-05T13:27:16","date_gmt":"2024-07-05T13:27:16","guid":{"rendered":"https:\/\/bibliotecas.aeqb.edu.pt\/?page_id=2423"},"modified":"2026-04-08T13:15:42","modified_gmt":"2026-04-08T13:15:42","slug":"pergunta-ao-dr-google","status":"publish","type":"page","link":"https:\/\/bibliotecas.aeqb.edu.pt\/?page_id=2423","title":{"rendered":"A pergunta do m\u00eas"},"content":{"rendered":"\n<div class=\"wp-block-media-text has-media-on-the-right is-stacked-on-mobile\" style=\"grid-template-columns:auto 31%\"><div class=\"wp-block-media-text__content\">\n<p>Achas que \u00e9s o melhor a fazer pesquisa na Web?<\/p>\n\n\n\n<p>Sabes usar termos de pesquisa para obter informa\u00e7\u00e3o mais espec\u00edfica? Sabes que ferramentas deves usar para encontrar a resposta correta para qualquer pergunta?<\/p>\n<\/div><figure class=\"wp-block-media-text__media\"><img fetchpriority=\"high\" decoding=\"async\" width=\"500\" height=\"169\" src=\"https:\/\/bibliotecas.aeqb.edu.pt\/wp-content\/uploads\/2024\/07\/pergunta-Dr.-Google-1.png\" alt=\"\" class=\"wp-image-2430 size-full\" srcset=\"https:\/\/bibliotecas.aeqb.edu.pt\/wp-content\/uploads\/2024\/07\/pergunta-Dr.-Google-1.png 500w, https:\/\/bibliotecas.aeqb.edu.pt\/wp-content\/uploads\/2024\/07\/pergunta-Dr.-Google-1-300x101.png 300w\" sizes=\"(max-width: 500px) 100vw, 500px\" \/><\/figure><\/div>\n\n\n\n<div style=\"height:40px\" aria-hidden=\"true\" class=\"wp-block-spacer\"><\/div>\n\n\n\n<h2 class=\"wp-block-heading has-text-align-center has-luminous-vivid-orange-color has-text-color has-link-color wp-elements-11c770fe8b6b525e7d5e0be1d20a7e3a\"><strong>A pergunta de abril:<\/strong><\/h2>\n\n\n\n<div style=\"height:21px\" aria-hidden=\"true\" class=\"wp-block-spacer\"><\/div>\n\n\n\n<h3 class=\"wp-block-heading has-text-align-center has-black-color has-text-color has-link-color wp-elements-47848de2e791afdcc46e4a25106d47cf\"><strong><strong><strong><strong>Ao pesquisar sobre o 25 de Abril, descobri que uma das can\u00e7\u00f5es-senha foi interpretada por um cantor que representou Portugal num festival internacional em 1974. Esse festival teve lugar num pa\u00eds cuja capital \u00e9 tamb\u00e9m sede de v\u00e1rias institui\u00e7\u00f5es europeias.<\/strong><\/strong><\/strong><\/strong><\/h3>\n\n\n\n<div style=\"height:14px\" aria-hidden=\"true\" class=\"wp-block-spacer\"><\/div>\n\n\n\n<h2 class=\"wp-block-heading has-text-align-center has-black-color has-text-color has-link-color wp-elements-c2eef5f54fee9af190bba63ab985ee50\"><strong><strong><strong><strong><strong><strong><strong><strong><strong>Qual \u00e9 o nome dessa cidade?<\/strong><\/strong><\/strong><\/strong><\/strong><\/strong><\/strong><\/strong><\/strong><\/h2>\n\n\n\n<p class=\"has-text-align-center\"><\/p>\n\n\n\n<div style=\"height:57px\" aria-hidden=\"true\" class=\"wp-block-spacer\"><\/div>\n\n\n\n<h3 class=\"wp-block-heading has-text-align-center\"><strong>Coloca aqui a tua resposta:<\/strong><\/h3>\n\n\n\n<center><iframe src=\"https:\/\/docs.google.com\/forms\/d\/e\/1FAIpQLSd3ZLdhgn3HmxRBllXBgv9ssgBADiAZql1Js5R43g7pvuG8Lg\/viewform?embedded=true\" width=\"640\" height=\"1454\" frameborder=\"0\" marginheight=\"0\" marginwidth=\"0\">A carregar\u2026<\/iframe><\/center>\n\n\n\n<p><\/p>\n","protected":false},"excerpt":{"rendered":"<p>Achas que \u00e9s o melhor a fazer pesquisa na Web? Sabes usar termos de pesquisa para obter informa\u00e7\u00e3o mais espec\u00edfica? Sabes que ferramentas deves usar para encontrar a resposta correta para qualquer pergunta? A pergunta de abril: Ao pesquisar sobre o 25 de Abril, descobri que uma das can\u00e7\u00f5es-senha foi interpretada por um cantor que representou Portugal num festival internacional em 1974. Esse festival teve lugar num pa\u00eds cuja capital \u00e9 tamb\u00e9m sede de v\u00e1rias institui\u00e7\u00f5es europeias. Qual \u00e9 o nome dessa cidade? Coloca aqui a tua resposta: A carregar\u2026<\/p>\n","protected":false},"author":4,"featured_media":0,"parent":0,"menu_order":0,"comment_status":"closed","ping_status":"closed","template":"","meta":{"footnotes":""},"class_list":["post-2423","page","type-page","status-publish","hentry"],"acf":[],"_links":{"self":[{"href":"https:\/\/bibliotecas.aeqb.edu.pt\/index.php?rest_route=\/wp\/v2\/pages\/2423","targetHints":{"allow":["GET"]}}],"collection":[{"href":"https:\/\/bibliotecas.aeqb.edu.pt\/index.php?rest_route=\/wp\/v2\/pages"}],"about":[{"href":"https:\/\/bibliotecas.aeqb.edu.pt\/index.php?rest_route=\/wp\/v2\/types\/page"}],"author":[{"embeddable":true,"href":"https:\/\/bibliotecas.aeqb.edu.pt\/index.php?rest_route=\/wp\/v2\/users\/4"}],"replies":[{"embeddable":true,"href":"https:\/\/bibliotecas.aeqb.edu.pt\/index.php?rest_route=%2Fwp%2Fv2%2Fcomments&post=2423"}],"version-history":[{"count":41,"href":"https:\/\/bibliotecas.aeqb.edu.pt\/index.php?rest_route=\/wp\/v2\/pages\/2423\/revisions"}],"predecessor-version":[{"id":3260,"href":"https:\/\/bibliotecas.aeqb.edu.pt\/index.php?rest_route=\/wp\/v2\/pages\/2423\/revisions\/3260"}],"wp:attachment":[{"href":"https:\/\/bibliotecas.aeqb.edu.pt\/index.php?rest_route=%2Fwp%2Fv2%2Fmedia&parent=2423"}],"curies":[{"name":"wp","href":"https:\/\/api.w.org\/{rel}","templated":true}]}}