{"id":2470,"date":"2024-07-05T15:46:02","date_gmt":"2024-07-05T15:46:02","guid":{"rendered":"https:\/\/bibliotecas.aeqb.edu.pt\/?page_id=2470"},"modified":"2024-07-11T07:07:42","modified_gmt":"2024-07-11T07:07:42","slug":"desafios","status":"publish","type":"page","link":"https:\/\/bibliotecas.aeqb.edu.pt\/?page_id=2470","title":{"rendered":"Desafios"},"content":{"rendered":"\n<h4 class=\"wp-block-heading has-text-align-right\">2.\u00ba, 3.\u00ba Ciclos e Secund\u00e1rio<\/h4>\n\n\n\n<p class=\"has-text-align-right\"><strong>Mensalmente<\/strong><\/p>\n\n\n\n<div style=\"height:30px\" aria-hidden=\"true\" class=\"wp-block-spacer\"><\/div>\n\n\n\n<div class=\"wp-block-media-text has-media-on-the-right is-stacked-on-mobile\" style=\"grid-template-columns:auto 23%\"><div class=\"wp-block-media-text__content\">\n<p>Os desafios est\u00e3o de volta para mais um ano repleto de quest\u00f5es, tarefas e atividades que desafiar\u00e3o a imagina\u00e7\u00e3o e criatividade dos nossos alunos.<\/p>\n\n\n\n<p>Todos os meses um novo desafio aguarda os nossos alunos nas Bibliotecas Escolares da EBPGC e da ESPAN.<\/p>\n<\/div><figure class=\"wp-block-media-text__media\"><img fetchpriority=\"high\" decoding=\"async\" width=\"500\" height=\"500\" src=\"https:\/\/bibliotecas.aeqb.edu.pt\/wp-content\/uploads\/2024\/07\/Desafios.png\" alt=\"\" class=\"wp-image-2471 size-full\" srcset=\"https:\/\/bibliotecas.aeqb.edu.pt\/wp-content\/uploads\/2024\/07\/Desafios.png 500w, https:\/\/bibliotecas.aeqb.edu.pt\/wp-content\/uploads\/2024\/07\/Desafios-300x300.png 300w, https:\/\/bibliotecas.aeqb.edu.pt\/wp-content\/uploads\/2024\/07\/Desafios-150x150.png 150w, https:\/\/bibliotecas.aeqb.edu.pt\/wp-content\/uploads\/2024\/07\/Desafios-75x75.png 75w\" sizes=\"(max-width: 500px) 100vw, 500px\" \/><\/figure><\/div>\n\n\n\n<p>No final de cada m\u00eas ser\u00e3o contabilizadas todas as participa\u00e7\u00f5es, sendo atribu\u00eddos os pontos de turma para a Maratona do Conhecimento. Alguns dos desafios poder\u00e3o ter pontua\u00e7\u00e3o extra atribu\u00edda pela qualidade ou tipo de desafio.<\/p>\n\n\n\n<p>Todos os meses ser\u00e3o afixados os totais relativos \u00e0 participa\u00e7\u00e3o nos desafios e, dependendo do desafio, o quadro dos vencedores do mesmo.<\/p>\n\n\n\n<p>Existir\u00e3o tamb\u00e9m desafios extra, subordinados a celebra\u00e7\u00f5es e eventos, para al\u00e9m da nova modalidade de desafios de turma, que seguir\u00e3o o mesmo conjunto de regras dos desafios individuais.<\/p>\n","protected":false},"excerpt":{"rendered":"<p>2.\u00ba, 3.\u00ba Ciclos e Secund\u00e1rio Mensalmente Os desafios est\u00e3o de volta para mais um ano repleto de quest\u00f5es, tarefas e atividades que desafiar\u00e3o a imagina\u00e7\u00e3o e criatividade dos nossos alunos. Todos os meses um novo desafio aguarda os nossos alunos nas Bibliotecas Escolares da EBPGC e da ESPAN. No final de cada m\u00eas ser\u00e3o contabilizadas todas as participa\u00e7\u00f5es, sendo atribu\u00eddos os pontos de turma para a Maratona do Conhecimento. Alguns dos desafios poder\u00e3o ter pontua\u00e7\u00e3o extra atribu\u00edda pela qualidade ou tipo de desafio. Todos os meses ser\u00e3o afixados os totais relativos \u00e0 participa\u00e7\u00e3o nos desafios e, dependendo do desafio, o quadro dos vencedores do mesmo. Existir\u00e3o tamb\u00e9m desafios extra, subordinados a celebra\u00e7\u00f5es e eventos, para al\u00e9m da nova modalidade de desafios de turma, que seguir\u00e3o o mesmo conjunto de regras dos desafios individuais.<\/p>\n","protected":false},"author":4,"featured_media":0,"parent":0,"menu_order":0,"comment_status":"closed","ping_status":"closed","template":"","meta":{"footnotes":""},"class_list":["post-2470","page","type-page","status-publish","hentry"],"acf":[],"_links":{"self":[{"href":"https:\/\/bibliotecas.aeqb.edu.pt\/index.php?rest_route=\/wp\/v2\/pages\/2470","targetHints":{"allow":["GET"]}}],"collection":[{"href":"https:\/\/bibliotecas.aeqb.edu.pt\/index.php?rest_route=\/wp\/v2\/pages"}],"about":[{"href":"https:\/\/bibliotecas.aeqb.edu.pt\/index.php?rest_route=\/wp\/v2\/types\/page"}],"author":[{"embeddable":true,"href":"https:\/\/bibliotecas.aeqb.edu.pt\/index.php?rest_route=\/wp\/v2\/users\/4"}],"replies":[{"embeddable":true,"href":"https:\/\/bibliotecas.aeqb.edu.pt\/index.php?rest_route=%2Fwp%2Fv2%2Fcomments&post=2470"}],"version-history":[{"count":2,"href":"https:\/\/bibliotecas.aeqb.edu.pt\/index.php?rest_route=\/wp\/v2\/pages\/2470\/revisions"}],"predecessor-version":[{"id":2526,"href":"https:\/\/bibliotecas.aeqb.edu.pt\/index.php?rest_route=\/wp\/v2\/pages\/2470\/revisions\/2526"}],"wp:attachment":[{"href":"https:\/\/bibliotecas.aeqb.edu.pt\/index.php?rest_route=%2Fwp%2Fv2%2Fmedia&parent=2470"}],"curies":[{"name":"wp","href":"https:\/\/api.w.org\/{rel}","templated":true}]}}