{"id":2474,"date":"2024-07-05T15:50:25","date_gmt":"2024-07-05T15:50:25","guid":{"rendered":"https:\/\/bibliotecas.aeqb.edu.pt\/?page_id=2474"},"modified":"2024-07-11T07:04:02","modified_gmt":"2024-07-11T07:04:02","slug":"uma-cabeca-cheia-de-perguntas","status":"publish","type":"page","link":"https:\/\/bibliotecas.aeqb.edu.pt\/?page_id=2474","title":{"rendered":"Uma cabe\u00e7a cheia de perguntas"},"content":{"rendered":"\n<h4 class=\"wp-block-heading has-text-align-right\">2.\u00ba, 3.\u00ba Ciclos e Secund\u00e1rio<\/h4>\n\n\n\n<p class=\"has-text-align-right\"><strong>Ao longo do ano letivo<\/strong><\/p>\n\n\n\n<div style=\"height:30px\" aria-hidden=\"true\" class=\"wp-block-spacer\"><\/div>\n\n\n\n<div class=\"wp-block-media-text has-media-on-the-right is-stacked-on-mobile\" style=\"grid-template-columns:auto 30%\"><div class=\"wp-block-media-text__content\">\n<p>Esta atividade permite aos alunos a formula\u00e7\u00e3o de perguntas que queiram ver respondidas (de forma an\u00f3nima), sobre qualquer tema.<\/p>\n\n\n\n<p>Atrav\u00e9s de um formul\u00e1rio criado para esta atividade, que estar\u00e1 dispon\u00edvel na recep\u00e7\u00e3o das Bibliotecas Escolares, os alunos poder\u00e3o escrever uma pergunta sobre qualquer tema \u00e0 sua escolha, de forma an\u00f3nima.<\/p>\n<\/div><figure class=\"wp-block-media-text__media\"><img fetchpriority=\"high\" decoding=\"async\" width=\"500\" height=\"500\" src=\"https:\/\/bibliotecas.aeqb.edu.pt\/wp-content\/uploads\/2024\/07\/Uma-cabeca-cheia-de-perguntas.png\" alt=\"\" class=\"wp-image-2475 size-full\" srcset=\"https:\/\/bibliotecas.aeqb.edu.pt\/wp-content\/uploads\/2024\/07\/Uma-cabeca-cheia-de-perguntas.png 500w, https:\/\/bibliotecas.aeqb.edu.pt\/wp-content\/uploads\/2024\/07\/Uma-cabeca-cheia-de-perguntas-300x300.png 300w, https:\/\/bibliotecas.aeqb.edu.pt\/wp-content\/uploads\/2024\/07\/Uma-cabeca-cheia-de-perguntas-150x150.png 150w, https:\/\/bibliotecas.aeqb.edu.pt\/wp-content\/uploads\/2024\/07\/Uma-cabeca-cheia-de-perguntas-75x75.png 75w\" sizes=\"(max-width: 500px) 100vw, 500px\" \/><\/figure><\/div>\n\n\n\n<p>Depois de preenchido, esse formul\u00e1rio ser\u00e1 depositado numa caixa selada, garantindo o anonimato do aluno.<\/p>\n\n\n\n<p>Quinzenalmente, a caixa ser\u00e1 esvaziada e as perguntas colocadas ser\u00e3o selecionadas por import\u00e2ncia ou interesse do tema abordado.<\/p>\n\n\n\n<p>As perguntas ser\u00e3o ent\u00e3o respondidas por um dos elementos da equipa das Bibliotecas Escolares, tendo em aten\u00e7\u00e3o o car\u00e1ter pedag\u00f3gico das mesmas.<\/p>\n\n\n\n<p>As perguntas e as respostas ser\u00e3o ent\u00e3o afixadas num espa\u00e7o criado para o efeito dentro da Biblioteca Escolar, para que todos as possam consultar.<\/p>\n","protected":false},"excerpt":{"rendered":"<p>2.\u00ba, 3.\u00ba Ciclos e Secund\u00e1rio Ao longo do ano letivo Esta atividade permite aos alunos a formula\u00e7\u00e3o de perguntas que queiram ver respondidas (de forma an\u00f3nima), sobre qualquer tema. Atrav\u00e9s de um formul\u00e1rio criado para esta atividade, que estar\u00e1 dispon\u00edvel na recep\u00e7\u00e3o das Bibliotecas Escolares, os alunos poder\u00e3o escrever uma pergunta sobre qualquer tema \u00e0 sua escolha, de forma an\u00f3nima. Depois de preenchido, esse formul\u00e1rio ser\u00e1 depositado numa caixa selada, garantindo o anonimato do aluno. Quinzenalmente, a caixa ser\u00e1 esvaziada e as perguntas colocadas ser\u00e3o selecionadas por import\u00e2ncia ou interesse do tema abordado. As perguntas ser\u00e3o ent\u00e3o respondidas por um dos elementos da equipa das Bibliotecas Escolares, tendo em aten\u00e7\u00e3o o car\u00e1ter pedag\u00f3gico das mesmas. As perguntas e as respostas ser\u00e3o ent\u00e3o afixadas num espa\u00e7o criado para o efeito dentro da Biblioteca Escolar, para que todos as possam consultar.<\/p>\n","protected":false},"author":4,"featured_media":0,"parent":0,"menu_order":0,"comment_status":"closed","ping_status":"closed","template":"","meta":{"footnotes":""},"class_list":["post-2474","page","type-page","status-publish","hentry"],"acf":[],"_links":{"self":[{"href":"https:\/\/bibliotecas.aeqb.edu.pt\/index.php?rest_route=\/wp\/v2\/pages\/2474","targetHints":{"allow":["GET"]}}],"collection":[{"href":"https:\/\/bibliotecas.aeqb.edu.pt\/index.php?rest_route=\/wp\/v2\/pages"}],"about":[{"href":"https:\/\/bibliotecas.aeqb.edu.pt\/index.php?rest_route=\/wp\/v2\/types\/page"}],"author":[{"embeddable":true,"href":"https:\/\/bibliotecas.aeqb.edu.pt\/index.php?rest_route=\/wp\/v2\/users\/4"}],"replies":[{"embeddable":true,"href":"https:\/\/bibliotecas.aeqb.edu.pt\/index.php?rest_route=%2Fwp%2Fv2%2Fcomments&post=2474"}],"version-history":[{"count":2,"href":"https:\/\/bibliotecas.aeqb.edu.pt\/index.php?rest_route=\/wp\/v2\/pages\/2474\/revisions"}],"predecessor-version":[{"id":2525,"href":"https:\/\/bibliotecas.aeqb.edu.pt\/index.php?rest_route=\/wp\/v2\/pages\/2474\/revisions\/2525"}],"wp:attachment":[{"href":"https:\/\/bibliotecas.aeqb.edu.pt\/index.php?rest_route=%2Fwp%2Fv2%2Fmedia&parent=2474"}],"curies":[{"name":"wp","href":"https:\/\/api.w.org\/{rel}","templated":true}]}}