{"id":2478,"date":"2024-07-05T15:57:37","date_gmt":"2024-07-05T15:57:37","guid":{"rendered":"https:\/\/bibliotecas.aeqb.edu.pt\/?page_id=2478"},"modified":"2024-07-05T15:57:38","modified_gmt":"2024-07-05T15:57:38","slug":"menu-kids","status":"publish","type":"page","link":"https:\/\/bibliotecas.aeqb.edu.pt\/?page_id=2478","title":{"rendered":"Menu Kids"},"content":{"rendered":"\n<div class=\"wp-block-media-text has-media-on-the-right is-stacked-on-mobile\" style=\"grid-template-columns:auto 37%\"><div class=\"wp-block-media-text__content\">\n<p>Sess\u00f5es de leitura para alunos do pr\u00e9-escolar, dividida na leitura do conto, explora\u00e7\u00e3o do mesmo e elabora\u00e7\u00e3o de um trabalho pr\u00e1tico realizado a partir do tema principal do conto. Para al\u00e9m desta atividade, s\u00e3o apresentadas propostas de trabalhos a desenvolver pelos alunos de forma aut\u00f3noma ou acompanhados pelos educadores.<\/p>\n<\/div><figure class=\"wp-block-media-text__media\"><img fetchpriority=\"high\" decoding=\"async\" width=\"500\" height=\"500\" src=\"https:\/\/bibliotecas.aeqb.edu.pt\/wp-content\/uploads\/2024\/07\/menu-Kids.png\" alt=\"\" class=\"wp-image-2479 size-full\" srcset=\"https:\/\/bibliotecas.aeqb.edu.pt\/wp-content\/uploads\/2024\/07\/menu-Kids.png 500w, https:\/\/bibliotecas.aeqb.edu.pt\/wp-content\/uploads\/2024\/07\/menu-Kids-300x300.png 300w, https:\/\/bibliotecas.aeqb.edu.pt\/wp-content\/uploads\/2024\/07\/menu-Kids-150x150.png 150w, https:\/\/bibliotecas.aeqb.edu.pt\/wp-content\/uploads\/2024\/07\/menu-Kids-75x75.png 75w\" sizes=\"(max-width: 500px) 100vw, 500px\" \/><\/figure><\/div>\n","protected":false},"excerpt":{"rendered":"<p>Sess\u00f5es de leitura para alunos do pr\u00e9-escolar, dividida na leitura do conto, explora\u00e7\u00e3o do mesmo e elabora\u00e7\u00e3o de um trabalho pr\u00e1tico realizado a partir do tema principal do conto. Para al\u00e9m desta atividade, s\u00e3o apresentadas propostas de trabalhos a desenvolver pelos alunos de forma aut\u00f3noma ou acompanhados pelos educadores.<\/p>\n","protected":false},"author":4,"featured_media":0,"parent":0,"menu_order":0,"comment_status":"closed","ping_status":"closed","template":"","meta":{"footnotes":""},"class_list":["post-2478","page","type-page","status-publish","hentry"],"acf":[],"_links":{"self":[{"href":"https:\/\/bibliotecas.aeqb.edu.pt\/index.php?rest_route=\/wp\/v2\/pages\/2478","targetHints":{"allow":["GET"]}}],"collection":[{"href":"https:\/\/bibliotecas.aeqb.edu.pt\/index.php?rest_route=\/wp\/v2\/pages"}],"about":[{"href":"https:\/\/bibliotecas.aeqb.edu.pt\/index.php?rest_route=\/wp\/v2\/types\/page"}],"author":[{"embeddable":true,"href":"https:\/\/bibliotecas.aeqb.edu.pt\/index.php?rest_route=\/wp\/v2\/users\/4"}],"replies":[{"embeddable":true,"href":"https:\/\/bibliotecas.aeqb.edu.pt\/index.php?rest_route=%2Fwp%2Fv2%2Fcomments&post=2478"}],"version-history":[{"count":1,"href":"https:\/\/bibliotecas.aeqb.edu.pt\/index.php?rest_route=\/wp\/v2\/pages\/2478\/revisions"}],"predecessor-version":[{"id":2480,"href":"https:\/\/bibliotecas.aeqb.edu.pt\/index.php?rest_route=\/wp\/v2\/pages\/2478\/revisions\/2480"}],"wp:attachment":[{"href":"https:\/\/bibliotecas.aeqb.edu.pt\/index.php?rest_route=%2Fwp%2Fv2%2Fmedia&parent=2478"}],"curies":[{"name":"wp","href":"https:\/\/api.w.org\/{rel}","templated":true}]}}