{"id":2491,"date":"2024-07-10T14:13:49","date_gmt":"2024-07-10T14:13:49","guid":{"rendered":"https:\/\/bibliotecas.aeqb.edu.pt\/?page_id=2491"},"modified":"2024-07-11T07:01:30","modified_gmt":"2024-07-11T07:01:30","slug":"a-escola-com-vida","status":"publish","type":"page","link":"https:\/\/bibliotecas.aeqb.edu.pt\/?page_id=2491","title":{"rendered":"A escola Com Vida"},"content":{"rendered":"\n<h4 class=\"wp-block-heading has-text-align-right\">TODOS OS CICLOS<\/h4>\n\n\n\n<p class=\"has-text-align-right\"><strong>Ao longo do ano letivo<\/strong><\/p>\n\n\n\n<div style=\"height:30px\" aria-hidden=\"true\" class=\"wp-block-spacer\"><\/div>\n\n\n\n<p>As escolas ganham vida com a presen\u00e7a de convidados especiais.<\/p>\n\n\n\n<p>Em cada ano letivo, pedimos aos docentes a sugest\u00e3o de autores, outros profissionais ou institui\u00e7\u00f5es a convidar para o seu estabelecimento de ensino e a sugest\u00e3o das obras a abordar ou trabalhos a preparar com as turmas \/grupos no \u00e2mbito dessa visita. As Bibliotecas Escolares preparam a visita, elaboram programas e cartazes (ou outras formas de divulga\u00e7\u00e3o), para al\u00e9m da publicar trabalhos e not\u00edcias do evento.<\/p>\n","protected":false},"excerpt":{"rendered":"<p>TODOS OS CICLOS Ao longo do ano letivo As escolas ganham vida com a presen\u00e7a de convidados especiais. Em cada ano letivo, pedimos aos docentes a sugest\u00e3o de autores, outros profissionais ou institui\u00e7\u00f5es a convidar para o seu estabelecimento de ensino e a sugest\u00e3o das obras a abordar ou trabalhos a preparar com as turmas \/grupos no \u00e2mbito dessa visita. As Bibliotecas Escolares preparam a visita, elaboram programas e cartazes (ou outras formas de divulga\u00e7\u00e3o), para al\u00e9m da publicar trabalhos e not\u00edcias do evento.<\/p>\n","protected":false},"author":4,"featured_media":0,"parent":0,"menu_order":0,"comment_status":"closed","ping_status":"closed","template":"","meta":{"footnotes":""},"class_list":["post-2491","page","type-page","status-publish","hentry"],"acf":[],"_links":{"self":[{"href":"https:\/\/bibliotecas.aeqb.edu.pt\/index.php?rest_route=\/wp\/v2\/pages\/2491","targetHints":{"allow":["GET"]}}],"collection":[{"href":"https:\/\/bibliotecas.aeqb.edu.pt\/index.php?rest_route=\/wp\/v2\/pages"}],"about":[{"href":"https:\/\/bibliotecas.aeqb.edu.pt\/index.php?rest_route=\/wp\/v2\/types\/page"}],"author":[{"embeddable":true,"href":"https:\/\/bibliotecas.aeqb.edu.pt\/index.php?rest_route=\/wp\/v2\/users\/4"}],"replies":[{"embeddable":true,"href":"https:\/\/bibliotecas.aeqb.edu.pt\/index.php?rest_route=%2Fwp%2Fv2%2Fcomments&post=2491"}],"version-history":[{"count":3,"href":"https:\/\/bibliotecas.aeqb.edu.pt\/index.php?rest_route=\/wp\/v2\/pages\/2491\/revisions"}],"predecessor-version":[{"id":2522,"href":"https:\/\/bibliotecas.aeqb.edu.pt\/index.php?rest_route=\/wp\/v2\/pages\/2491\/revisions\/2522"}],"wp:attachment":[{"href":"https:\/\/bibliotecas.aeqb.edu.pt\/index.php?rest_route=%2Fwp%2Fv2%2Fmedia&parent=2491"}],"curies":[{"name":"wp","href":"https:\/\/api.w.org\/{rel}","templated":true}]}}