{"id":2494,"date":"2024-07-10T14:26:20","date_gmt":"2024-07-10T14:26:20","guid":{"rendered":"https:\/\/bibliotecas.aeqb.edu.pt\/?page_id=2494"},"modified":"2024-07-11T06:59:34","modified_gmt":"2024-07-11T06:59:34","slug":"ilustrarte","status":"publish","type":"page","link":"https:\/\/bibliotecas.aeqb.edu.pt\/?page_id=2494","title":{"rendered":"Ilustr&#8217;ARTE"},"content":{"rendered":"\n<h4 class=\"wp-block-heading has-text-align-right\">PR\u00c9-ESCOLAR e 1.\u00ba CICLO<\/h4>\n\n\n\n<p class=\"has-text-align-right\"><strong>1 sess\u00e3o de 50 minutos<\/strong><\/p>\n\n\n\n<div style=\"height:30px\" aria-hidden=\"true\" class=\"wp-block-spacer\"><\/div>\n\n\n\n<div class=\"wp-block-media-text has-media-on-the-right is-stacked-on-mobile\" style=\"grid-template-columns:auto 29%\"><div class=\"wp-block-media-text__content\">\n<p>Esta atividade pretende que os nossos alunos reconhe\u00e7am a import\u00e2ncia da ilustra\u00e7\u00e3o nos livros e na leitura, para al\u00e9m de reconhecerem o trabalho do ilustrador.<\/p>\n<\/div><figure class=\"wp-block-media-text__media\"><img fetchpriority=\"high\" decoding=\"async\" width=\"500\" height=\"146\" src=\"https:\/\/bibliotecas.aeqb.edu.pt\/wp-content\/uploads\/2024\/07\/ilustrarte-Copia.png\" alt=\"\" class=\"wp-image-2498 size-full\" srcset=\"https:\/\/bibliotecas.aeqb.edu.pt\/wp-content\/uploads\/2024\/07\/ilustrarte-Copia.png 500w, https:\/\/bibliotecas.aeqb.edu.pt\/wp-content\/uploads\/2024\/07\/ilustrarte-Copia-300x88.png 300w\" sizes=\"(max-width: 500px) 100vw, 500px\" \/><\/figure><\/div>\n\n\n\n<div style=\"height:30px\" aria-hidden=\"true\" class=\"wp-block-spacer\"><\/div>\n\n\n\n<p>Numa primeira fase, os alunos ser\u00e3o questionados sobre v\u00e1rios aspetos da ilustra\u00e7\u00e3o e a import\u00e2ncia da mesma para eles. Segue-se a explica\u00e7\u00e3o mais espec\u00edfica sobre o que s\u00e3o as Ilustra\u00e7\u00f5es e o papel do ilustrador nos livros. Termina-se a sess\u00e3o com um jogo de rela\u00e7\u00e3o entre ilustra\u00e7\u00f5es e os respetivos excertos em diferentes livros.<\/p>\n\n\n\n<p>Como atividade complementar, sugere-se a leitura de um excerto de um livro, pedindo aos alunos que ilustrem de forma livre esse texto.<\/p>\n","protected":false},"excerpt":{"rendered":"<p>PR\u00c9-ESCOLAR e 1.\u00ba CICLO 1 sess\u00e3o de 50 minutos Esta atividade pretende que os nossos alunos reconhe\u00e7am a import\u00e2ncia da ilustra\u00e7\u00e3o nos livros e na leitura, para al\u00e9m de reconhecerem o trabalho do ilustrador. Numa primeira fase, os alunos ser\u00e3o questionados sobre v\u00e1rios aspetos da ilustra\u00e7\u00e3o e a import\u00e2ncia da mesma para eles. Segue-se a explica\u00e7\u00e3o mais espec\u00edfica sobre o que s\u00e3o as Ilustra\u00e7\u00f5es e o papel do ilustrador nos livros. Termina-se a sess\u00e3o com um jogo de rela\u00e7\u00e3o entre ilustra\u00e7\u00f5es e os respetivos excertos em diferentes livros. Como atividade complementar, sugere-se a leitura de um excerto de um livro, pedindo aos alunos que ilustrem de forma livre esse texto.<\/p>\n","protected":false},"author":4,"featured_media":0,"parent":0,"menu_order":0,"comment_status":"closed","ping_status":"closed","template":"","meta":{"footnotes":""},"class_list":["post-2494","page","type-page","status-publish","hentry"],"acf":[],"_links":{"self":[{"href":"https:\/\/bibliotecas.aeqb.edu.pt\/index.php?rest_route=\/wp\/v2\/pages\/2494","targetHints":{"allow":["GET"]}}],"collection":[{"href":"https:\/\/bibliotecas.aeqb.edu.pt\/index.php?rest_route=\/wp\/v2\/pages"}],"about":[{"href":"https:\/\/bibliotecas.aeqb.edu.pt\/index.php?rest_route=\/wp\/v2\/types\/page"}],"author":[{"embeddable":true,"href":"https:\/\/bibliotecas.aeqb.edu.pt\/index.php?rest_route=\/wp\/v2\/users\/4"}],"replies":[{"embeddable":true,"href":"https:\/\/bibliotecas.aeqb.edu.pt\/index.php?rest_route=%2Fwp%2Fv2%2Fcomments&post=2494"}],"version-history":[{"count":6,"href":"https:\/\/bibliotecas.aeqb.edu.pt\/index.php?rest_route=\/wp\/v2\/pages\/2494\/revisions"}],"predecessor-version":[{"id":2519,"href":"https:\/\/bibliotecas.aeqb.edu.pt\/index.php?rest_route=\/wp\/v2\/pages\/2494\/revisions\/2519"}],"wp:attachment":[{"href":"https:\/\/bibliotecas.aeqb.edu.pt\/index.php?rest_route=%2Fwp%2Fv2%2Fmedia&parent=2494"}],"curies":[{"name":"wp","href":"https:\/\/api.w.org\/{rel}","templated":true}]}}