{"id":2530,"date":"2024-07-11T07:20:51","date_gmt":"2024-07-11T07:20:51","guid":{"rendered":"https:\/\/bibliotecas.aeqb.edu.pt\/?page_id=2530"},"modified":"2026-04-13T11:40:29","modified_gmt":"2026-04-13T11:40:29","slug":"semana-da-leitura-2025","status":"publish","type":"page","link":"https:\/\/bibliotecas.aeqb.edu.pt\/?page_id=2530","title":{"rendered":"Semana da Leitura 2026"},"content":{"rendered":"\n<h4 class=\"wp-block-heading has-text-align-center\">Ler Liga-nos<\/h4>\n\n\n\n<h4 class=\"wp-block-heading has-text-align-right\">TODOS OS CICLOS<\/h4>\n\n\n\n<p class=\"has-text-align-right\"><strong>13 a 17 de abril<\/strong><\/p>\n\n\n\n<div style=\"height:29px\" aria-hidden=\"true\" class=\"wp-block-spacer\"><\/div>\n\n\n\n<div class=\"wp-block-media-text is-stacked-on-mobile\"><figure class=\"wp-block-media-text__media\"><img fetchpriority=\"high\" decoding=\"async\" width=\"724\" height=\"1024\" src=\"https:\/\/bibliotecas.aeqb.edu.pt\/wp-content\/uploads\/2026\/04\/Cartaz-1-Semana-da-Leitura-2026-724x1024.png\" alt=\"\" class=\"wp-image-3267 size-full\" srcset=\"https:\/\/bibliotecas.aeqb.edu.pt\/wp-content\/uploads\/2026\/04\/Cartaz-1-Semana-da-Leitura-2026-724x1024.png 724w, https:\/\/bibliotecas.aeqb.edu.pt\/wp-content\/uploads\/2026\/04\/Cartaz-1-Semana-da-Leitura-2026-212x300.png 212w, https:\/\/bibliotecas.aeqb.edu.pt\/wp-content\/uploads\/2026\/04\/Cartaz-1-Semana-da-Leitura-2026-768x1086.png 768w, https:\/\/bibliotecas.aeqb.edu.pt\/wp-content\/uploads\/2026\/04\/Cartaz-1-Semana-da-Leitura-2026-1086x1536.png 1086w, https:\/\/bibliotecas.aeqb.edu.pt\/wp-content\/uploads\/2026\/04\/Cartaz-1-Semana-da-Leitura-2026-1140x1612.png 1140w, https:\/\/bibliotecas.aeqb.edu.pt\/wp-content\/uploads\/2026\/04\/Cartaz-1-Semana-da-Leitura-2026.png 1414w\" sizes=\"(max-width: 724px) 100vw, 724px\" \/><\/figure><div class=\"wp-block-media-text__content\">\n<p>A Semana da Leitura \u00e9 uma iniciativa que se destina a celebrar e incentivar o prazer de ler, com m\u00faltiplas atividades festivas que promovam a leitura e o encontro entre os livros e os seus leitores, em contexto de sala de aula, nas bibliotecas escolares, nas bibliotecas p\u00fablicas e em outros espa\u00e7os que se disponham a colaborar.<\/p>\n<\/div><\/div>\n\n\n\n<div style=\"height:32px\" aria-hidden=\"true\" class=\"wp-block-spacer\"><\/div>\n\n\n\n<p class=\"has-text-align-center\"><strong>PROPOSTAS DE ATIVIDADES:<\/strong><\/p>\n\n\n\n<div class=\"wp-block-media-text is-stacked-on-mobile\" style=\"grid-template-columns:22% auto\"><figure class=\"wp-block-media-text__media\"><img decoding=\"async\" width=\"724\" height=\"1024\" src=\"https:\/\/bibliotecas.aeqb.edu.pt\/wp-content\/uploads\/2025\/03\/Arvore-dos-Livros-Cartaz-724x1024.jpg\" alt=\"\" class=\"wp-image-2874 size-full\" srcset=\"https:\/\/bibliotecas.aeqb.edu.pt\/wp-content\/uploads\/2025\/03\/Arvore-dos-Livros-Cartaz-724x1024.jpg 724w, https:\/\/bibliotecas.aeqb.edu.pt\/wp-content\/uploads\/2025\/03\/Arvore-dos-Livros-Cartaz-212x300.jpg 212w, https:\/\/bibliotecas.aeqb.edu.pt\/wp-content\/uploads\/2025\/03\/Arvore-dos-Livros-Cartaz-768x1086.jpg 768w, https:\/\/bibliotecas.aeqb.edu.pt\/wp-content\/uploads\/2025\/03\/Arvore-dos-Livros-Cartaz-1087x1536.jpg 1087w, https:\/\/bibliotecas.aeqb.edu.pt\/wp-content\/uploads\/2025\/03\/Arvore-dos-Livros-Cartaz-1449x2048.jpg 1449w, https:\/\/bibliotecas.aeqb.edu.pt\/wp-content\/uploads\/2025\/03\/Arvore-dos-Livros-Cartaz-1140x1612.jpg 1140w, https:\/\/bibliotecas.aeqb.edu.pt\/wp-content\/uploads\/2025\/03\/Arvore-dos-Livros-Cartaz-scaled.jpg 1811w\" sizes=\"(max-width: 724px) 100vw, 724px\" \/><\/figure><div class=\"wp-block-media-text__content\">\n<p>Os alunos escrevem o nome do seu livro favorito, fazem uma capa alternativa, ou d\u00e3o a sua opini\u00e3o sobre o livro numa folha de \u00e1rvore.<\/p>\n<\/div><\/div>\n\n\n\n<div class=\"wp-block-media-text has-media-on-the-right is-stacked-on-mobile\" style=\"grid-template-columns:auto 22%\"><div class=\"wp-block-media-text__content\">\n<p class=\"has-text-align-right\">Quem \u00e9 o\/a melhor leitor\/a da tua escola?<\/p>\n<\/div><figure class=\"wp-block-media-text__media\"><img decoding=\"async\" width=\"724\" height=\"1024\" src=\"https:\/\/bibliotecas.aeqb.edu.pt\/wp-content\/uploads\/2025\/03\/Concurso-de-Leitura-2025-724x1024.jpg\" alt=\"\" class=\"wp-image-2875 size-full\" srcset=\"https:\/\/bibliotecas.aeqb.edu.pt\/wp-content\/uploads\/2025\/03\/Concurso-de-Leitura-2025-724x1024.jpg 724w, https:\/\/bibliotecas.aeqb.edu.pt\/wp-content\/uploads\/2025\/03\/Concurso-de-Leitura-2025-212x300.jpg 212w, https:\/\/bibliotecas.aeqb.edu.pt\/wp-content\/uploads\/2025\/03\/Concurso-de-Leitura-2025-768x1086.jpg 768w, https:\/\/bibliotecas.aeqb.edu.pt\/wp-content\/uploads\/2025\/03\/Concurso-de-Leitura-2025-1087x1536.jpg 1087w, https:\/\/bibliotecas.aeqb.edu.pt\/wp-content\/uploads\/2025\/03\/Concurso-de-Leitura-2025-1449x2048.jpg 1449w, https:\/\/bibliotecas.aeqb.edu.pt\/wp-content\/uploads\/2025\/03\/Concurso-de-Leitura-2025-1140x1612.jpg 1140w, https:\/\/bibliotecas.aeqb.edu.pt\/wp-content\/uploads\/2025\/03\/Concurso-de-Leitura-2025-scaled.jpg 1811w\" sizes=\"(max-width: 724px) 100vw, 724px\" \/><\/figure><\/div>\n\n\n\n<div class=\"wp-block-media-text is-stacked-on-mobile\" style=\"grid-template-columns:22% auto\"><figure class=\"wp-block-media-text__media\"><img loading=\"lazy\" decoding=\"async\" width=\"1024\" height=\"725\" src=\"https:\/\/bibliotecas.aeqb.edu.pt\/wp-content\/uploads\/2025\/03\/das-palavras-se-fez-musica-1024x725.jpg\" alt=\"\" class=\"wp-image-2876 size-full\" srcset=\"https:\/\/bibliotecas.aeqb.edu.pt\/wp-content\/uploads\/2025\/03\/das-palavras-se-fez-musica-1024x725.jpg 1024w, https:\/\/bibliotecas.aeqb.edu.pt\/wp-content\/uploads\/2025\/03\/das-palavras-se-fez-musica-300x212.jpg 300w, https:\/\/bibliotecas.aeqb.edu.pt\/wp-content\/uploads\/2025\/03\/das-palavras-se-fez-musica-768x543.jpg 768w, https:\/\/bibliotecas.aeqb.edu.pt\/wp-content\/uploads\/2025\/03\/das-palavras-se-fez-musica-1536x1087.jpg 1536w, https:\/\/bibliotecas.aeqb.edu.pt\/wp-content\/uploads\/2025\/03\/das-palavras-se-fez-musica-2048x1449.jpg 2048w, https:\/\/bibliotecas.aeqb.edu.pt\/wp-content\/uploads\/2025\/03\/das-palavras-se-fez-musica-1140x807.jpg 1140w\" sizes=\"(max-width: 1024px) 100vw, 1024px\" \/><\/figure><div class=\"wp-block-media-text__content\">\n<p>Os alunos pesquisam poemas que foram musicados, criando apresenta\u00e7\u00f5es sobre os mesmos.<\/p>\n<\/div><\/div>\n\n\n\n<div class=\"wp-block-media-text has-media-on-the-right is-stacked-on-mobile\" style=\"grid-template-columns:auto 22%\"><div class=\"wp-block-media-text__content\">\n<p class=\"has-text-align-right\">Os alunos retiram um poema do BA\u00da DA POESIA e leem-no de modo expressivo no espa\u00e7o da biblioteca.<\/p>\n<\/div><figure class=\"wp-block-media-text__media\"><img loading=\"lazy\" decoding=\"async\" width=\"724\" height=\"1024\" src=\"https:\/\/bibliotecas.aeqb.edu.pt\/wp-content\/uploads\/2025\/03\/O-manto-da-poesia-724x1024.jpg\" alt=\"\" class=\"wp-image-2877 size-full\" srcset=\"https:\/\/bibliotecas.aeqb.edu.pt\/wp-content\/uploads\/2025\/03\/O-manto-da-poesia-724x1024.jpg 724w, https:\/\/bibliotecas.aeqb.edu.pt\/wp-content\/uploads\/2025\/03\/O-manto-da-poesia-212x300.jpg 212w, https:\/\/bibliotecas.aeqb.edu.pt\/wp-content\/uploads\/2025\/03\/O-manto-da-poesia-768x1087.jpg 768w, https:\/\/bibliotecas.aeqb.edu.pt\/wp-content\/uploads\/2025\/03\/O-manto-da-poesia-1086x1536.jpg 1086w, https:\/\/bibliotecas.aeqb.edu.pt\/wp-content\/uploads\/2025\/03\/O-manto-da-poesia-1448x2048.jpg 1448w, https:\/\/bibliotecas.aeqb.edu.pt\/wp-content\/uploads\/2025\/03\/O-manto-da-poesia-1140x1613.jpg 1140w, https:\/\/bibliotecas.aeqb.edu.pt\/wp-content\/uploads\/2025\/03\/O-manto-da-poesia-scaled.jpg 1809w\" sizes=\"(max-width: 724px) 100vw, 724px\" \/><\/figure><\/div>\n\n\n\n<div class=\"wp-block-media-text is-stacked-on-mobile\" style=\"grid-template-columns:22% auto\"><figure class=\"wp-block-media-text__media\"><img loading=\"lazy\" decoding=\"async\" width=\"724\" height=\"1024\" src=\"https:\/\/bibliotecas.aeqb.edu.pt\/wp-content\/uploads\/2025\/03\/microcontos-cartaz-724x1024.jpg\" alt=\"\" class=\"wp-image-2878 size-full\" srcset=\"https:\/\/bibliotecas.aeqb.edu.pt\/wp-content\/uploads\/2025\/03\/microcontos-cartaz-724x1024.jpg 724w, https:\/\/bibliotecas.aeqb.edu.pt\/wp-content\/uploads\/2025\/03\/microcontos-cartaz-212x300.jpg 212w, https:\/\/bibliotecas.aeqb.edu.pt\/wp-content\/uploads\/2025\/03\/microcontos-cartaz-768x1086.jpg 768w, https:\/\/bibliotecas.aeqb.edu.pt\/wp-content\/uploads\/2025\/03\/microcontos-cartaz-1087x1536.jpg 1087w, https:\/\/bibliotecas.aeqb.edu.pt\/wp-content\/uploads\/2025\/03\/microcontos-cartaz-1449x2048.jpg 1449w, https:\/\/bibliotecas.aeqb.edu.pt\/wp-content\/uploads\/2025\/03\/microcontos-cartaz-1140x1612.jpg 1140w, https:\/\/bibliotecas.aeqb.edu.pt\/wp-content\/uploads\/2025\/03\/microcontos-cartaz-scaled.jpg 1811w\" sizes=\"(max-width: 724px) 100vw, 724px\" \/><\/figure><div class=\"wp-block-media-text__content\">\n<p>A partir da escolha de uma foto do <a href=\"https:\/\/www.worldpressphoto.org\/collection\/photo-contest\" target=\"_blank\" rel=\"noreferrer noopener\">WORLD PRESS PHOTO<\/a>, os alunos redigem um microconto, imaginando uma personagem, uma a\u00e7\u00e3o e um lugar. Depois ler o microconto aos colegas, para que estes encontrem a imagem que deu origem ao mesmo.<\/p>\n<\/div><\/div>\n\n\n\n<div class=\"wp-block-media-text has-media-on-the-right is-stacked-on-mobile\" style=\"grid-template-columns:auto 22%\"><div class=\"wp-block-media-text__content\">\n<p class=\"has-text-align-right\">Sempre quiseste escrever um livro, mas achas que d\u00e1 muito trabalho? Ent\u00e3o que tal escreveres um microlivro. Tudo o que precisas est\u00e1 na tua Biblioteca Escolar.<\/p>\n<\/div><figure class=\"wp-block-media-text__media\"><img loading=\"lazy\" decoding=\"async\" width=\"724\" height=\"1024\" src=\"https:\/\/bibliotecas.aeqb.edu.pt\/wp-content\/uploads\/2025\/03\/microlivros-724x1024.jpg\" alt=\"\" class=\"wp-image-2879 size-full\" srcset=\"https:\/\/bibliotecas.aeqb.edu.pt\/wp-content\/uploads\/2025\/03\/microlivros-724x1024.jpg 724w, https:\/\/bibliotecas.aeqb.edu.pt\/wp-content\/uploads\/2025\/03\/microlivros-212x300.jpg 212w, https:\/\/bibliotecas.aeqb.edu.pt\/wp-content\/uploads\/2025\/03\/microlivros-768x1086.jpg 768w, https:\/\/bibliotecas.aeqb.edu.pt\/wp-content\/uploads\/2025\/03\/microlivros-1087x1536.jpg 1087w, https:\/\/bibliotecas.aeqb.edu.pt\/wp-content\/uploads\/2025\/03\/microlivros-1449x2048.jpg 1449w, https:\/\/bibliotecas.aeqb.edu.pt\/wp-content\/uploads\/2025\/03\/microlivros-1140x1612.jpg 1140w, https:\/\/bibliotecas.aeqb.edu.pt\/wp-content\/uploads\/2025\/03\/microlivros-scaled.jpg 1811w\" sizes=\"(max-width: 724px) 100vw, 724px\" \/><\/figure><\/div>\n\n\n\n<div class=\"wp-block-media-text is-stacked-on-mobile\" style=\"grid-template-columns:22% auto\"><figure class=\"wp-block-media-text__media\"><img loading=\"lazy\" decoding=\"async\" width=\"724\" height=\"1024\" src=\"https:\/\/bibliotecas.aeqb.edu.pt\/wp-content\/uploads\/2025\/03\/micropoemas-724x1024.jpg\" alt=\"\" class=\"wp-image-2880 size-full\" srcset=\"https:\/\/bibliotecas.aeqb.edu.pt\/wp-content\/uploads\/2025\/03\/micropoemas-724x1024.jpg 724w, https:\/\/bibliotecas.aeqb.edu.pt\/wp-content\/uploads\/2025\/03\/micropoemas-212x300.jpg 212w, https:\/\/bibliotecas.aeqb.edu.pt\/wp-content\/uploads\/2025\/03\/micropoemas-768x1086.jpg 768w, https:\/\/bibliotecas.aeqb.edu.pt\/wp-content\/uploads\/2025\/03\/micropoemas-1087x1536.jpg 1087w, https:\/\/bibliotecas.aeqb.edu.pt\/wp-content\/uploads\/2025\/03\/micropoemas-1449x2048.jpg 1449w, https:\/\/bibliotecas.aeqb.edu.pt\/wp-content\/uploads\/2025\/03\/micropoemas-1140x1612.jpg 1140w, https:\/\/bibliotecas.aeqb.edu.pt\/wp-content\/uploads\/2025\/03\/micropoemas-scaled.jpg 1811w\" sizes=\"(max-width: 724px) 100vw, 724px\" \/><\/figure><div class=\"wp-block-media-text__content\">\n<p>A partir da M\u00e1quina da Poesia do professor e autor Miguel Horta, vem criar micropoesia.<\/p>\n<\/div><\/div>\n\n\n\n<div class=\"wp-block-media-text has-media-on-the-right is-stacked-on-mobile\" style=\"grid-template-columns:auto 22%\"><div class=\"wp-block-media-text__content\">\n<p class=\"has-text-align-right\">Os alunos distribuem pelos locais que frequentam pequenos excertos de obras liter\u00e1rias, que podem ser trazidas pelos pr\u00f3prios ou selecionadas pela BE.<\/p>\n<\/div><figure class=\"wp-block-media-text__media\"><img loading=\"lazy\" decoding=\"async\" width=\"724\" height=\"1024\" src=\"https:\/\/bibliotecas.aeqb.edu.pt\/wp-content\/uploads\/2025\/03\/palavras-que-passeiam-Cartaz-724x1024.jpg\" alt=\"\" class=\"wp-image-2881 size-full\" srcset=\"https:\/\/bibliotecas.aeqb.edu.pt\/wp-content\/uploads\/2025\/03\/palavras-que-passeiam-Cartaz-724x1024.jpg 724w, https:\/\/bibliotecas.aeqb.edu.pt\/wp-content\/uploads\/2025\/03\/palavras-que-passeiam-Cartaz-212x300.jpg 212w, https:\/\/bibliotecas.aeqb.edu.pt\/wp-content\/uploads\/2025\/03\/palavras-que-passeiam-Cartaz-768x1086.jpg 768w, https:\/\/bibliotecas.aeqb.edu.pt\/wp-content\/uploads\/2025\/03\/palavras-que-passeiam-Cartaz-1087x1536.jpg 1087w, https:\/\/bibliotecas.aeqb.edu.pt\/wp-content\/uploads\/2025\/03\/palavras-que-passeiam-Cartaz-1449x2048.jpg 1449w, https:\/\/bibliotecas.aeqb.edu.pt\/wp-content\/uploads\/2025\/03\/palavras-que-passeiam-Cartaz-1140x1612.jpg 1140w, https:\/\/bibliotecas.aeqb.edu.pt\/wp-content\/uploads\/2025\/03\/palavras-que-passeiam-Cartaz-scaled.jpg 1811w\" sizes=\"(max-width: 724px) 100vw, 724px\" \/><\/figure><\/div>\n\n\n\n<p class=\"has-text-align-center\">e muitas outras atividades.<\/p>\n\n\n\n<p><\/p>\n","protected":false},"excerpt":{"rendered":"<p>Ler Liga-nos TODOS OS CICLOS 13 a 17 de abril A Semana da Leitura \u00e9 uma iniciativa que se destina a celebrar e incentivar o prazer de ler, com m\u00faltiplas atividades festivas que promovam a leitura e o encontro entre os livros e os seus leitores, em contexto de sala de aula, nas bibliotecas escolares, nas bibliotecas p\u00fablicas e em outros espa\u00e7os que se disponham a colaborar. PROPOSTAS DE ATIVIDADES: Os alunos escrevem o nome do seu livro favorito, fazem uma capa alternativa, ou d\u00e3o a sua opini\u00e3o sobre o livro numa folha de \u00e1rvore. Quem \u00e9 o\/a melhor leitor\/a da tua escola? Os alunos pesquisam poemas que foram musicados, criando apresenta\u00e7\u00f5es sobre os mesmos. Os alunos retiram um poema do BA\u00da DA POESIA e leem-no de modo expressivo no espa\u00e7o da biblioteca. A partir da escolha de uma foto do WORLD PRESS PHOTO, os alunos redigem um microconto, imaginando uma personagem, uma a\u00e7\u00e3o e um lugar. Depois ler o microconto aos colegas, para que estes encontrem a imagem que deu origem ao mesmo. Sempre quiseste escrever um livro, mas achas que d\u00e1 muito trabalho? Ent\u00e3o que tal escreveres um microlivro. Tudo o que precisas est\u00e1 na tua Biblioteca Escolar. A partir da M\u00e1quina da Poesia do professor e autor Miguel Horta, vem criar micropoesia. Os alunos distribuem pelos locais que frequentam pequenos excertos de obras liter\u00e1rias, que podem ser trazidas pelos pr\u00f3prios ou selecionadas pela BE. e muitas outras atividades.<\/p>\n","protected":false},"author":4,"featured_media":0,"parent":0,"menu_order":0,"comment_status":"closed","ping_status":"closed","template":"","meta":{"footnotes":""},"class_list":["post-2530","page","type-page","status-publish","hentry"],"acf":[],"_links":{"self":[{"href":"https:\/\/bibliotecas.aeqb.edu.pt\/index.php?rest_route=\/wp\/v2\/pages\/2530","targetHints":{"allow":["GET"]}}],"collection":[{"href":"https:\/\/bibliotecas.aeqb.edu.pt\/index.php?rest_route=\/wp\/v2\/pages"}],"about":[{"href":"https:\/\/bibliotecas.aeqb.edu.pt\/index.php?rest_route=\/wp\/v2\/types\/page"}],"author":[{"embeddable":true,"href":"https:\/\/bibliotecas.aeqb.edu.pt\/index.php?rest_route=\/wp\/v2\/users\/4"}],"replies":[{"embeddable":true,"href":"https:\/\/bibliotecas.aeqb.edu.pt\/index.php?rest_route=%2Fwp%2Fv2%2Fcomments&post=2530"}],"version-history":[{"count":6,"href":"https:\/\/bibliotecas.aeqb.edu.pt\/index.php?rest_route=\/wp\/v2\/pages\/2530\/revisions"}],"predecessor-version":[{"id":3270,"href":"https:\/\/bibliotecas.aeqb.edu.pt\/index.php?rest_route=\/wp\/v2\/pages\/2530\/revisions\/3270"}],"wp:attachment":[{"href":"https:\/\/bibliotecas.aeqb.edu.pt\/index.php?rest_route=%2Fwp%2Fv2%2Fmedia&parent=2530"}],"curies":[{"name":"wp","href":"https:\/\/api.w.org\/{rel}","templated":true}]}}