{"id":2550,"date":"2024-07-11T07:51:18","date_gmt":"2024-07-11T07:51:18","guid":{"rendered":"https:\/\/bibliotecas.aeqb.edu.pt\/?page_id=2550"},"modified":"2024-07-11T07:51:19","modified_gmt":"2024-07-11T07:51:19","slug":"da-informacao-ao-saber","status":"publish","type":"page","link":"https:\/\/bibliotecas.aeqb.edu.pt\/?page_id=2550","title":{"rendered":"Da informa\u00e7\u00e3o ao saber"},"content":{"rendered":"\n<h4 class=\"wp-block-heading has-text-align-right\">2.\u00ba, 3.\u00ba Ciclos e Secund\u00e1rio<\/h4>\n\n\n\n<p class=\"has-text-align-right\"><strong>2 a 3 sess\u00f5es de 50 minutos<\/strong><\/p>\n\n\n\n<div style=\"height:30px\" aria-hidden=\"true\" class=\"wp-block-spacer\"><\/div>\n\n\n\n<div class=\"wp-block-media-text has-media-on-the-right is-stacked-on-mobile\" style=\"grid-template-columns:auto 27%\"><div class=\"wp-block-media-text__content\">\n<p>Estas sess\u00f5es pretendem auxiliar os alunos em atividades que os acompanhar\u00e3o ao longo do seu percurso acad\u00e9mico e da sua vida, explicitando formas e m\u00e9todos para que as possam desempenhar corretamente e sem esfor\u00e7o.<\/p>\n<\/div><figure class=\"wp-block-media-text__media\"><img fetchpriority=\"high\" decoding=\"async\" width=\"500\" height=\"500\" src=\"https:\/\/bibliotecas.aeqb.edu.pt\/wp-content\/uploads\/2024\/07\/Da-Informacao-ao-Saber.png\" alt=\"\" class=\"wp-image-2551 size-full\" srcset=\"https:\/\/bibliotecas.aeqb.edu.pt\/wp-content\/uploads\/2024\/07\/Da-Informacao-ao-Saber.png 500w, https:\/\/bibliotecas.aeqb.edu.pt\/wp-content\/uploads\/2024\/07\/Da-Informacao-ao-Saber-300x300.png 300w, https:\/\/bibliotecas.aeqb.edu.pt\/wp-content\/uploads\/2024\/07\/Da-Informacao-ao-Saber-150x150.png 150w, https:\/\/bibliotecas.aeqb.edu.pt\/wp-content\/uploads\/2024\/07\/Da-Informacao-ao-Saber-75x75.png 75w\" sizes=\"(max-width: 500px) 100vw, 500px\" \/><\/figure><\/div>\n\n\n\n<div class=\"wp-block-columns is-layout-flex wp-container-core-columns-is-layout-9d6595d7 wp-block-columns-is-layout-flex\">\n<div class=\"wp-block-column is-layout-flow wp-block-column-is-layout-flow\">\n<p class=\"has-text-align-center\"><strong>2.\u00ba ciclo<br><\/strong>Como fazer um trabalho<\/p>\n<\/div>\n\n\n\n<div class=\"wp-block-column is-layout-flow wp-block-column-is-layout-flow\">\n<p class=\"has-text-align-center\"><strong>3.\u00ba ciclo<br><\/strong>Como avaliar p\u00e1ginas web<\/p>\n<\/div>\n\n\n\n<div class=\"wp-block-column is-layout-flow wp-block-column-is-layout-flow\">\n<p class=\"has-text-align-center\"><strong>Secund\u00e1rio<\/strong><br>Como fazer um relat\u00f3rio<br>Como fazer um curr\u00edculo<\/p>\n<\/div>\n<\/div>\n","protected":false},"excerpt":{"rendered":"<p>2.\u00ba, 3.\u00ba Ciclos e Secund\u00e1rio 2 a 3 sess\u00f5es de 50 minutos Estas sess\u00f5es pretendem auxiliar os alunos em atividades que os acompanhar\u00e3o ao longo do seu percurso acad\u00e9mico e da sua vida, explicitando formas e m\u00e9todos para que as possam desempenhar corretamente e sem esfor\u00e7o. 2.\u00ba cicloComo fazer um trabalho 3.\u00ba cicloComo avaliar p\u00e1ginas web Secund\u00e1rioComo fazer um relat\u00f3rioComo fazer um curr\u00edculo<\/p>\n","protected":false},"author":4,"featured_media":0,"parent":0,"menu_order":0,"comment_status":"closed","ping_status":"closed","template":"","meta":{"footnotes":""},"class_list":["post-2550","page","type-page","status-publish","hentry"],"acf":[],"_links":{"self":[{"href":"https:\/\/bibliotecas.aeqb.edu.pt\/index.php?rest_route=\/wp\/v2\/pages\/2550","targetHints":{"allow":["GET"]}}],"collection":[{"href":"https:\/\/bibliotecas.aeqb.edu.pt\/index.php?rest_route=\/wp\/v2\/pages"}],"about":[{"href":"https:\/\/bibliotecas.aeqb.edu.pt\/index.php?rest_route=\/wp\/v2\/types\/page"}],"author":[{"embeddable":true,"href":"https:\/\/bibliotecas.aeqb.edu.pt\/index.php?rest_route=\/wp\/v2\/users\/4"}],"replies":[{"embeddable":true,"href":"https:\/\/bibliotecas.aeqb.edu.pt\/index.php?rest_route=%2Fwp%2Fv2%2Fcomments&post=2550"}],"version-history":[{"count":1,"href":"https:\/\/bibliotecas.aeqb.edu.pt\/index.php?rest_route=\/wp\/v2\/pages\/2550\/revisions"}],"predecessor-version":[{"id":2552,"href":"https:\/\/bibliotecas.aeqb.edu.pt\/index.php?rest_route=\/wp\/v2\/pages\/2550\/revisions\/2552"}],"wp:attachment":[{"href":"https:\/\/bibliotecas.aeqb.edu.pt\/index.php?rest_route=%2Fwp%2Fv2%2Fmedia&parent=2550"}],"curies":[{"name":"wp","href":"https:\/\/api.w.org\/{rel}","templated":true}]}}