{"id":2554,"date":"2024-07-11T08:08:15","date_gmt":"2024-07-11T08:08:15","guid":{"rendered":"https:\/\/bibliotecas.aeqb.edu.pt\/?page_id=2554"},"modified":"2024-07-11T08:08:15","modified_gmt":"2024-07-11T08:08:15","slug":"parar-o-odio","status":"publish","type":"page","link":"https:\/\/bibliotecas.aeqb.edu.pt\/?page_id=2554","title":{"rendered":"#parar o \u00f3dio"},"content":{"rendered":"\n<h4 class=\"wp-block-heading has-text-align-right\">2.\u00ba, 3.\u00ba Ciclos e Secund\u00e1rio<\/h4>\n\n\n\n<p class=\"has-text-align-right\"><strong>Ao longo do ano letivo<\/strong><\/p>\n\n\n\n<div style=\"height:30px\" aria-hidden=\"true\" class=\"wp-block-spacer\"><\/div>\n\n\n\n<div class=\"wp-block-media-text has-media-on-the-right is-stacked-on-mobile\" style=\"grid-template-columns:auto 27%\"><div class=\"wp-block-media-text__content\">\n<p>Os desafios de crescer s\u00e3o enormes, principalmente quando o desafio \u00e9 ser um cidad\u00e3o consciente e respeitador dos que<br>nos rodeiam. #parar o \u00f3dio apresenta um conjunto de palestras com temas que for\u00e7am o pensamento cr\u00edtico e incentivam a adotar uma atitude de cidadania e de respeito.<\/p>\n<\/div><figure class=\"wp-block-media-text__media\"><img fetchpriority=\"high\" decoding=\"async\" width=\"500\" height=\"500\" src=\"https:\/\/bibliotecas.aeqb.edu.pt\/wp-content\/uploads\/2024\/07\/pararoodio.png\" alt=\"\" class=\"wp-image-2555 size-full\" srcset=\"https:\/\/bibliotecas.aeqb.edu.pt\/wp-content\/uploads\/2024\/07\/pararoodio.png 500w, https:\/\/bibliotecas.aeqb.edu.pt\/wp-content\/uploads\/2024\/07\/pararoodio-300x300.png 300w, https:\/\/bibliotecas.aeqb.edu.pt\/wp-content\/uploads\/2024\/07\/pararoodio-150x150.png 150w, https:\/\/bibliotecas.aeqb.edu.pt\/wp-content\/uploads\/2024\/07\/pararoodio-75x75.png 75w\" sizes=\"(max-width: 500px) 100vw, 500px\" \/><\/figure><\/div>\n\n\n\n<div class=\"wp-block-columns is-layout-flex wp-container-core-columns-is-layout-9d6595d7 wp-block-columns-is-layout-flex\">\n<div class=\"wp-block-column is-layout-flow wp-block-column-is-layout-flow\">\n<p class=\"has-text-align-center\"><strong>DISCURSO DE \u00d3DIO<br><\/strong>O que \u00e9 discurso de \u00f3dio?<br>Onde se manifesta?<br>Porque devemos combater o discurso de \u00f3dio?<br>O que podemos fazer para o combater?<\/p>\n<\/div>\n\n\n\n<div class=\"wp-block-column is-layout-flow wp-block-column-is-layout-flow\">\n<p class=\"has-text-align-center\"><strong>DISCRIMINA\u00c7\u00c3O<br><\/strong>O que \u00e9 discriminar?<br>Onde se manifesta?<br>Porque devemos combater a discrimina\u00e7\u00e3o?<br>O que podemos fazer para a combater?<\/p>\n<\/div>\n\n\n\n<div class=\"wp-block-column is-layout-flow wp-block-column-is-layout-flow\">\n<p class=\"has-text-align-center\"><strong>BULLYING<\/strong><br>O que \u00e9 o bullying?<br>Tipos de bullying<br>O que leva ao bullying?<br>A v\u00edtima, o agressor e a testemunha.<br>O que podemos fazer para o combater?<\/p>\n<\/div>\n<\/div>\n","protected":false},"excerpt":{"rendered":"<p>2.\u00ba, 3.\u00ba Ciclos e Secund\u00e1rio Ao longo do ano letivo Os desafios de crescer s\u00e3o enormes, principalmente quando o desafio \u00e9 ser um cidad\u00e3o consciente e respeitador dos quenos rodeiam. #parar o \u00f3dio apresenta um conjunto de palestras com temas que for\u00e7am o pensamento cr\u00edtico e incentivam a adotar uma atitude de cidadania e de respeito. DISCURSO DE \u00d3DIOO que \u00e9 discurso de \u00f3dio?Onde se manifesta?Porque devemos combater o discurso de \u00f3dio?O que podemos fazer para o combater? DISCRIMINA\u00c7\u00c3OO que \u00e9 discriminar?Onde se manifesta?Porque devemos combater a discrimina\u00e7\u00e3o?O que podemos fazer para a combater? BULLYINGO que \u00e9 o bullying?Tipos de bullyingO que leva ao bullying?A v\u00edtima, o agressor e a testemunha.O que podemos fazer para o combater?<\/p>\n","protected":false},"author":4,"featured_media":0,"parent":0,"menu_order":0,"comment_status":"closed","ping_status":"closed","template":"","meta":{"footnotes":""},"class_list":["post-2554","page","type-page","status-publish","hentry"],"acf":[],"_links":{"self":[{"href":"https:\/\/bibliotecas.aeqb.edu.pt\/index.php?rest_route=\/wp\/v2\/pages\/2554","targetHints":{"allow":["GET"]}}],"collection":[{"href":"https:\/\/bibliotecas.aeqb.edu.pt\/index.php?rest_route=\/wp\/v2\/pages"}],"about":[{"href":"https:\/\/bibliotecas.aeqb.edu.pt\/index.php?rest_route=\/wp\/v2\/types\/page"}],"author":[{"embeddable":true,"href":"https:\/\/bibliotecas.aeqb.edu.pt\/index.php?rest_route=\/wp\/v2\/users\/4"}],"replies":[{"embeddable":true,"href":"https:\/\/bibliotecas.aeqb.edu.pt\/index.php?rest_route=%2Fwp%2Fv2%2Fcomments&post=2554"}],"version-history":[{"count":1,"href":"https:\/\/bibliotecas.aeqb.edu.pt\/index.php?rest_route=\/wp\/v2\/pages\/2554\/revisions"}],"predecessor-version":[{"id":2556,"href":"https:\/\/bibliotecas.aeqb.edu.pt\/index.php?rest_route=\/wp\/v2\/pages\/2554\/revisions\/2556"}],"wp:attachment":[{"href":"https:\/\/bibliotecas.aeqb.edu.pt\/index.php?rest_route=%2Fwp%2Fv2%2Fmedia&parent=2554"}],"curies":[{"name":"wp","href":"https:\/\/api.w.org\/{rel}","templated":true}]}}