{"id":2567,"date":"2024-07-11T08:24:14","date_gmt":"2024-07-11T08:24:14","guid":{"rendered":"https:\/\/bibliotecas.aeqb.edu.pt\/?page_id=2567"},"modified":"2024-07-11T08:24:14","modified_gmt":"2024-07-11T08:24:14","slug":"miudos-a-votos-24-25","status":"publish","type":"page","link":"https:\/\/bibliotecas.aeqb.edu.pt\/?page_id=2567","title":{"rendered":"Mi\u00fados a Votos 24-25"},"content":{"rendered":"\n<div class=\"wp-block-media-text has-media-on-the-right is-stacked-on-mobile\"><div class=\"wp-block-media-text__content\">\n<p>A Rede de Bibliotecas Escolares e a&nbsp;<a href=\"https:\/\/visao.sapo.pt\/visaojunior\/\">VIS\u00c3O J\u00fanior<\/a>&nbsp;organizam, pelo oitavo ano consecutivo, a elei\u00e7\u00e3o dos livros preferidos das crian\u00e7as e dos jovens portugueses, atrav\u00e9s da iniciativa \u201cMi\u00fados a Votos\u201d que promove a leitura e o desenvolvimento de compet\u00eancias de cidadania ativa.&nbsp;<\/p>\n\n\n\n<p>Os alunos do 1.\u00ba ao 12.\u00ba ano de escolaridade podem votar no seu livro preferido, replicando os procedimentos e as normas de uma elei\u00e7\u00e3o real.<\/p>\n\n\n\n<p>O regulamento e demais documentos de suporte relativos \u00e0 edi\u00e7\u00e3o deste ano podem ser consultados no site da <a href=\"https:\/\/www.rbe.mec.pt\/np4\/MiudosaVotos.html\">RBE<\/a>.&nbsp;<\/p>\n<\/div><figure class=\"wp-block-media-text__media\"><img fetchpriority=\"high\" decoding=\"async\" width=\"496\" height=\"458\" src=\"https:\/\/bibliotecas.aeqb.edu.pt\/wp-content\/uploads\/2024\/07\/Miudos-a-Votos.png\" alt=\"\" class=\"wp-image-2568 size-full\" srcset=\"https:\/\/bibliotecas.aeqb.edu.pt\/wp-content\/uploads\/2024\/07\/Miudos-a-Votos.png 496w, https:\/\/bibliotecas.aeqb.edu.pt\/wp-content\/uploads\/2024\/07\/Miudos-a-Votos-300x277.png 300w\" sizes=\"(max-width: 496px) 100vw, 496px\" \/><\/figure><\/div>\n","protected":false},"excerpt":{"rendered":"<p>A Rede de Bibliotecas Escolares e a&nbsp;VIS\u00c3O J\u00fanior&nbsp;organizam, pelo oitavo ano consecutivo, a elei\u00e7\u00e3o dos livros preferidos das crian\u00e7as e dos jovens portugueses, atrav\u00e9s da iniciativa \u201cMi\u00fados a Votos\u201d que promove a leitura e o desenvolvimento de compet\u00eancias de cidadania ativa.&nbsp; Os alunos do 1.\u00ba ao 12.\u00ba ano de escolaridade podem votar no seu livro preferido, replicando os procedimentos e as normas de uma elei\u00e7\u00e3o real. O regulamento e demais documentos de suporte relativos \u00e0 edi\u00e7\u00e3o deste ano podem ser consultados no site da RBE.&nbsp;<\/p>\n","protected":false},"author":4,"featured_media":0,"parent":0,"menu_order":0,"comment_status":"closed","ping_status":"closed","template":"","meta":{"footnotes":""},"class_list":["post-2567","page","type-page","status-publish","hentry"],"acf":[],"_links":{"self":[{"href":"https:\/\/bibliotecas.aeqb.edu.pt\/index.php?rest_route=\/wp\/v2\/pages\/2567","targetHints":{"allow":["GET"]}}],"collection":[{"href":"https:\/\/bibliotecas.aeqb.edu.pt\/index.php?rest_route=\/wp\/v2\/pages"}],"about":[{"href":"https:\/\/bibliotecas.aeqb.edu.pt\/index.php?rest_route=\/wp\/v2\/types\/page"}],"author":[{"embeddable":true,"href":"https:\/\/bibliotecas.aeqb.edu.pt\/index.php?rest_route=\/wp\/v2\/users\/4"}],"replies":[{"embeddable":true,"href":"https:\/\/bibliotecas.aeqb.edu.pt\/index.php?rest_route=%2Fwp%2Fv2%2Fcomments&post=2567"}],"version-history":[{"count":1,"href":"https:\/\/bibliotecas.aeqb.edu.pt\/index.php?rest_route=\/wp\/v2\/pages\/2567\/revisions"}],"predecessor-version":[{"id":2569,"href":"https:\/\/bibliotecas.aeqb.edu.pt\/index.php?rest_route=\/wp\/v2\/pages\/2567\/revisions\/2569"}],"wp:attachment":[{"href":"https:\/\/bibliotecas.aeqb.edu.pt\/index.php?rest_route=%2Fwp%2Fv2%2Fmedia&parent=2567"}],"curies":[{"name":"wp","href":"https:\/\/api.w.org\/{rel}","templated":true}]}}