{"id":3064,"date":"2025-10-07T11:20:33","date_gmt":"2025-10-07T11:20:33","guid":{"rendered":"https:\/\/bibliotecas.aeqb.edu.pt\/?page_id=3064"},"modified":"2026-04-01T10:21:14","modified_gmt":"2026-04-01T10:21:14","slug":"plano-de-incentivo-a-leitura-2025","status":"publish","type":"page","link":"https:\/\/bibliotecas.aeqb.edu.pt\/?page_id=3064","title":{"rendered":"Plano de Incentivo \u00e0 Leitura 2025"},"content":{"rendered":"\n<h4 class=\"wp-block-heading has-text-align-right\">TODOS OS CICLOS<\/h4>\n\n\n\n<p class=\"has-text-align-right\"><strong>Mensalmente<\/strong><\/p>\n\n\n\n<div style=\"height:30px\" aria-hidden=\"true\" class=\"wp-block-spacer\"><\/div>\n\n\n<div class=\"wp-block-image\">\n<figure class=\"aligncenter size-full\"><img decoding=\"async\" width=\"311\" height=\"134\" src=\"https:\/\/bibliotecas.aeqb.edu.pt\/wp-content\/uploads\/2025\/10\/Logo-PIL25.png\" alt=\"\" class=\"wp-image-3065\" srcset=\"https:\/\/bibliotecas.aeqb.edu.pt\/wp-content\/uploads\/2025\/10\/Logo-PIL25.png 311w, https:\/\/bibliotecas.aeqb.edu.pt\/wp-content\/uploads\/2025\/10\/Logo-PIL25-300x129.png 300w\" sizes=\"(max-width: 311px) 100vw, 311px\" \/><\/figure>\n<\/div>\n\n\n<p>As Bibliotecas Escolares do AEQB v\u00e3o iniciar este ano letivo um novo projeto: o <strong>Plano de Incentivo \u00e0 Leitura 2025 (PIL25)<\/strong>.<\/p>\n\n\n\n<p>O objetivo \u00e9 simples, mas ambicioso: tornar a leitura uma pr\u00e1tica de todos e para todos, dentro e fora da escola. Sabemos que ler n\u00e3o \u00e9 apenas abrir um livro \u2014 \u00e9 tamb\u00e9m descobrir, imaginar, criar, aprender e partilhar. Por isso, queremos que a leitura seja vivida como um momento de prazer, de encontro e de valoriza\u00e7\u00e3o pessoal e comunit\u00e1ria.<\/p>\n\n\n\n<div style=\"height:32px\" aria-hidden=\"true\" class=\"wp-block-spacer\"><\/div>\n\n\n\n<h4 class=\"wp-block-heading\">Consulte as newsletters mensais aqui:<\/h4>\n\n\n\n<div style=\"height:19px\" aria-hidden=\"true\" class=\"wp-block-spacer\"><\/div>\n\n\n\n<figure class=\"wp-block-table is-style-stripes\"><table class=\"has-fixed-layout\"><tbody><tr><td><a href=\"https:\/\/bibliotecas.aeqb.edu.pt\/wp-content\/uploads\/2025\/10\/Newsletter-PIL25-outubro.pdf\" target=\"_blank\" rel=\"noreferrer noopener\"><strong>outubro<\/strong><\/a><\/td><td><strong><a href=\"https:\/\/bibliotecas.aeqb.edu.pt\/wp-content\/uploads\/2026\/01\/PIL25-Newsletter-janeiro.pdf\">janeiro<\/a><\/strong><\/td><td><a href=\"https:\/\/bibliotecas.aeqb.edu.pt\/wp-content\/uploads\/2026\/04\/PIL25-Newsletter-abril.pdf\"><strong>abril<\/strong><\/a><\/td><td><\/td><\/tr><tr><td><strong><a href=\"https:\/\/bibliotecas.aeqb.edu.pt\/wp-content\/uploads\/2025\/11\/PIL25-Newsletter-novembro.pdf\" target=\"_blank\" rel=\"noreferrer noopener\">novembro<\/a><\/strong><\/td><td><a href=\"https:\/\/bibliotecas.aeqb.edu.pt\/wp-content\/uploads\/2026\/01\/PIL25-Newsletter-fevereiro.pdf\"><strong>fevereiro<\/strong><\/a><\/td><td><\/td><td><\/td><\/tr><tr><td><a href=\"https:\/\/bibliotecas.aeqb.edu.pt\/wp-content\/uploads\/2025\/11\/PIL25-Newsletter-dezembro.pdf\"><strong>dezembro<\/strong><\/a><\/td><td><a href=\"https:\/\/bibliotecas.aeqb.edu.pt\/wp-content\/uploads\/2026\/03\/PIL25-Newsletter-marco.pdf\"><strong>mar\u00e7o<\/strong><\/a><\/td><td><\/td><td><\/td><\/tr><\/tbody><\/table><\/figure>\n\n\n\n<p><\/p>\n","protected":false},"excerpt":{"rendered":"<p>TODOS OS CICLOS Mensalmente As Bibliotecas Escolares do AEQB v\u00e3o iniciar este ano letivo um novo projeto: o Plano de Incentivo \u00e0 Leitura 2025 (PIL25). O objetivo \u00e9 simples, mas ambicioso: tornar a leitura uma pr\u00e1tica de todos e para todos, dentro e fora da escola. Sabemos que ler n\u00e3o \u00e9 apenas abrir um livro \u2014 \u00e9 tamb\u00e9m descobrir, imaginar, criar, aprender e partilhar. Por isso, queremos que a leitura seja vivida como um momento de prazer, de encontro e de valoriza\u00e7\u00e3o pessoal e comunit\u00e1ria. Consulte as newsletters mensais aqui: outubro janeiro abril novembro fevereiro dezembro mar\u00e7o<\/p>\n","protected":false},"author":4,"featured_media":0,"parent":0,"menu_order":0,"comment_status":"closed","ping_status":"closed","template":"","meta":{"footnotes":""},"class_list":["post-3064","page","type-page","status-publish","hentry"],"acf":[],"_links":{"self":[{"href":"https:\/\/bibliotecas.aeqb.edu.pt\/index.php?rest_route=\/wp\/v2\/pages\/3064","targetHints":{"allow":["GET"]}}],"collection":[{"href":"https:\/\/bibliotecas.aeqb.edu.pt\/index.php?rest_route=\/wp\/v2\/pages"}],"about":[{"href":"https:\/\/bibliotecas.aeqb.edu.pt\/index.php?rest_route=\/wp\/v2\/types\/page"}],"author":[{"embeddable":true,"href":"https:\/\/bibliotecas.aeqb.edu.pt\/index.php?rest_route=\/wp\/v2\/users\/4"}],"replies":[{"embeddable":true,"href":"https:\/\/bibliotecas.aeqb.edu.pt\/index.php?rest_route=%2Fwp%2Fv2%2Fcomments&post=3064"}],"version-history":[{"count":15,"href":"https:\/\/bibliotecas.aeqb.edu.pt\/index.php?rest_route=\/wp\/v2\/pages\/3064\/revisions"}],"predecessor-version":[{"id":3258,"href":"https:\/\/bibliotecas.aeqb.edu.pt\/index.php?rest_route=\/wp\/v2\/pages\/3064\/revisions\/3258"}],"wp:attachment":[{"href":"https:\/\/bibliotecas.aeqb.edu.pt\/index.php?rest_route=%2Fwp%2Fv2%2Fmedia&parent=3064"}],"curies":[{"name":"wp","href":"https:\/\/api.w.org\/{rel}","templated":true}]}}