{"id":49,"date":"2022-08-09T10:54:55","date_gmt":"2022-08-09T10:54:55","guid":{"rendered":"https:\/\/bibliotecas.espan.edu.pt\/?page_id=49"},"modified":"2025-03-25T14:54:52","modified_gmt":"2025-03-25T14:54:52","slug":"sobre-nos","status":"publish","type":"page","link":"https:\/\/bibliotecas.aeqb.edu.pt\/?page_id=49","title":{"rendered":"Bibliotecas Escolares AEQB"},"content":{"rendered":"<div class=\"wp-block-image\">\n<figure class=\"aligncenter size-full\"><img decoding=\"async\" width=\"100\" height=\"100\" src=\"https:\/\/bibliotecas.aeqb.edu.pt\/wp-content\/uploads\/2025\/03\/Design-sem-nome.jpg\" alt=\"\" class=\"wp-image-2898\" srcset=\"https:\/\/bibliotecas.aeqb.edu.pt\/wp-content\/uploads\/2025\/03\/Design-sem-nome.jpg 100w, https:\/\/bibliotecas.aeqb.edu.pt\/wp-content\/uploads\/2025\/03\/Design-sem-nome-75x75.jpg 75w\" sizes=\"(max-width: 100px) 100vw, 100px\" \/><\/figure>\n<\/div>\n\n\n<p>O Agrupamento de Escolas Queluz-Belas \u00e9 formado por 9 estabelecimentos de ensino, seis deles com Bibliotecas Escolares integradas na Rede Nacional de Bibliotecas Escolares e os restantes tr\u00eas com espa\u00e7os de Biblioteca Escolar devidamente estruturados.<\/p>\n\n\n\n<p>O funcionamento destas bibliotecas e o desenvolvimento das suas atividades \u00e9 assegurado por uma equipa de tr\u00eas professores bibliotec\u00e1rios, quatro docentes, seis assistentes operacionais e cerca de 35 alunos monitores.<\/p>\n","protected":false},"excerpt":{"rendered":"<p>O Agrupamento de Escolas Queluz-Belas \u00e9 formado por 9 estabelecimentos de ensino, seis deles com Bibliotecas Escolares integradas na Rede Nacional de Bibliotecas Escolares e os restantes tr\u00eas com espa\u00e7os de Biblioteca Escolar devidamente estruturados. O funcionamento destas bibliotecas e o desenvolvimento das suas atividades \u00e9 assegurado por uma equipa de tr\u00eas professores bibliotec\u00e1rios, quatro docentes, seis assistentes operacionais e cerca de 35 alunos monitores.<\/p>\n","protected":false},"author":4,"featured_media":0,"parent":0,"menu_order":0,"comment_status":"closed","ping_status":"closed","template":"","meta":{"footnotes":""},"class_list":["post-49","page","type-page","status-publish","hentry"],"acf":[],"_links":{"self":[{"href":"https:\/\/bibliotecas.aeqb.edu.pt\/index.php?rest_route=\/wp\/v2\/pages\/49","targetHints":{"allow":["GET"]}}],"collection":[{"href":"https:\/\/bibliotecas.aeqb.edu.pt\/index.php?rest_route=\/wp\/v2\/pages"}],"about":[{"href":"https:\/\/bibliotecas.aeqb.edu.pt\/index.php?rest_route=\/wp\/v2\/types\/page"}],"author":[{"embeddable":true,"href":"https:\/\/bibliotecas.aeqb.edu.pt\/index.php?rest_route=\/wp\/v2\/users\/4"}],"replies":[{"embeddable":true,"href":"https:\/\/bibliotecas.aeqb.edu.pt\/index.php?rest_route=%2Fwp%2Fv2%2Fcomments&post=49"}],"version-history":[{"count":12,"href":"https:\/\/bibliotecas.aeqb.edu.pt\/index.php?rest_route=\/wp\/v2\/pages\/49\/revisions"}],"predecessor-version":[{"id":2899,"href":"https:\/\/bibliotecas.aeqb.edu.pt\/index.php?rest_route=\/wp\/v2\/pages\/49\/revisions\/2899"}],"wp:attachment":[{"href":"https:\/\/bibliotecas.aeqb.edu.pt\/index.php?rest_route=%2Fwp%2Fv2%2Fmedia&parent=49"}],"curies":[{"name":"wp","href":"https:\/\/api.w.org\/{rel}","templated":true}]}}