{"id":634,"date":"2023-10-26T10:20:53","date_gmt":"2023-10-26T10:20:53","guid":{"rendered":"https:\/\/bibliotecas.aeqb.edu.pt\/?page_id=634"},"modified":"2026-01-15T11:40:56","modified_gmt":"2026-01-15T11:40:56","slug":"equipa-2024-2025","status":"publish","type":"page","link":"https:\/\/bibliotecas.aeqb.edu.pt\/?page_id=634","title":{"rendered":"Equipa 2025\/2026"},"content":{"rendered":"\n<h4 class=\"wp-block-heading\"><strong>Professores bibliotec\u00e1rios<\/strong>:<\/h4>\n\n\n\n<p>Coordenadora: Paula Franco<\/p>\n\n\n\n<p>Professores Bibliotec\u00e1rios: Carla Jer\u00f3nimo e Vitor Ribeiro<br><\/p>\n\n\n\n<p><strong>Equipa docente<\/strong>:<\/p>\n\n\n\n<p>Pedro Ucha<\/p>\n\n\n\n<p><strong>Membro vital\u00edcio<\/strong>:<\/p>\n\n\n\n<p>F\u00e1tima Pina<br><\/p>\n\n\n\n<p><strong>Assistentes operacionais<\/strong>:<\/p>\n\n\n\n<p>Aida Cadime, Anabela Marques, Anabela Veludo, Cl\u00e1udia Carmelo, Helena Raimundo<br><\/p>\n\n\n\n<p><strong>Alunos Monitores<\/strong>:<\/p>\n\n\n\n<p>35<\/p>\n","protected":false},"excerpt":{"rendered":"<p>Professores bibliotec\u00e1rios: Coordenadora: Paula Franco Professores Bibliotec\u00e1rios: Carla Jer\u00f3nimo e Vitor Ribeiro Equipa docente: Pedro Ucha Membro vital\u00edcio: F\u00e1tima Pina Assistentes operacionais: Aida Cadime, Anabela Marques, Anabela Veludo, Cl\u00e1udia Carmelo, Helena Raimundo Alunos Monitores: 35<\/p>\n","protected":false},"author":4,"featured_media":0,"parent":0,"menu_order":0,"comment_status":"closed","ping_status":"closed","template":"","meta":{"footnotes":""},"class_list":["post-634","page","type-page","status-publish","hentry"],"acf":[],"_links":{"self":[{"href":"https:\/\/bibliotecas.aeqb.edu.pt\/index.php?rest_route=\/wp\/v2\/pages\/634","targetHints":{"allow":["GET"]}}],"collection":[{"href":"https:\/\/bibliotecas.aeqb.edu.pt\/index.php?rest_route=\/wp\/v2\/pages"}],"about":[{"href":"https:\/\/bibliotecas.aeqb.edu.pt\/index.php?rest_route=\/wp\/v2\/types\/page"}],"author":[{"embeddable":true,"href":"https:\/\/bibliotecas.aeqb.edu.pt\/index.php?rest_route=\/wp\/v2\/users\/4"}],"replies":[{"embeddable":true,"href":"https:\/\/bibliotecas.aeqb.edu.pt\/index.php?rest_route=%2Fwp%2Fv2%2Fcomments&post=634"}],"version-history":[{"count":10,"href":"https:\/\/bibliotecas.aeqb.edu.pt\/index.php?rest_route=\/wp\/v2\/pages\/634\/revisions"}],"predecessor-version":[{"id":3134,"href":"https:\/\/bibliotecas.aeqb.edu.pt\/index.php?rest_route=\/wp\/v2\/pages\/634\/revisions\/3134"}],"wp:attachment":[{"href":"https:\/\/bibliotecas.aeqb.edu.pt\/index.php?rest_route=%2Fwp%2Fv2%2Fmedia&parent=634"}],"curies":[{"name":"wp","href":"https:\/\/api.w.org\/{rel}","templated":true}]}}