{"id":651,"date":"2023-10-26T17:30:09","date_gmt":"2023-10-26T17:30:09","guid":{"rendered":"https:\/\/bibliotecas.aeqb.edu.pt\/?page_id=651"},"modified":"2023-10-26T17:30:09","modified_gmt":"2023-10-26T17:30:09","slug":"missao","status":"publish","type":"page","link":"https:\/\/bibliotecas.aeqb.edu.pt\/?page_id=651","title":{"rendered":"Miss\u00e3o"},"content":{"rendered":"\n<p>As bibliotecas do nosso agrupamento t\u00eam por miss\u00e3o apoiar o processo de ensino e aprendizagem, promover a leitura, a literacia da informa\u00e7\u00e3o e o gosto pela frequ\u00eancia de bibliotecas ao longo da vida, a fim de formar pensadores cr\u00edticos, cidad\u00e3os respons\u00e1veis, utilizadores efetivos da informa\u00e7\u00e3o, com capacidades de aprendizagem aut\u00f3noma ao longo da vida, numa busca constante da excel\u00eancia dos servi\u00e7os e recursos que oferece. Para isso disponibiliza para toda a comunidade escolar e educativa acesso f\u00edsico e virtual \u00e0 informa\u00e7\u00e3o e a um conjunto de servi\u00e7os, com base na igualdade e liberdade de acesso.<\/p>\n","protected":false},"excerpt":{"rendered":"<p>As bibliotecas do nosso agrupamento t\u00eam por miss\u00e3o apoiar o processo de ensino e aprendizagem, promover a leitura, a literacia da informa\u00e7\u00e3o e o gosto pela frequ\u00eancia de bibliotecas ao longo da vida, a fim de formar pensadores cr\u00edticos, cidad\u00e3os respons\u00e1veis, utilizadores efetivos da informa\u00e7\u00e3o, com capacidades de aprendizagem aut\u00f3noma ao longo da vida, numa busca constante da excel\u00eancia dos servi\u00e7os e recursos que oferece. Para isso disponibiliza para toda a comunidade escolar e educativa acesso f\u00edsico e virtual \u00e0 informa\u00e7\u00e3o e a um conjunto de servi\u00e7os, com base na igualdade e liberdade de acesso.<\/p>\n","protected":false},"author":4,"featured_media":0,"parent":0,"menu_order":0,"comment_status":"closed","ping_status":"closed","template":"","meta":{"footnotes":""},"class_list":["post-651","page","type-page","status-publish","hentry"],"acf":[],"_links":{"self":[{"href":"https:\/\/bibliotecas.aeqb.edu.pt\/index.php?rest_route=\/wp\/v2\/pages\/651","targetHints":{"allow":["GET"]}}],"collection":[{"href":"https:\/\/bibliotecas.aeqb.edu.pt\/index.php?rest_route=\/wp\/v2\/pages"}],"about":[{"href":"https:\/\/bibliotecas.aeqb.edu.pt\/index.php?rest_route=\/wp\/v2\/types\/page"}],"author":[{"embeddable":true,"href":"https:\/\/bibliotecas.aeqb.edu.pt\/index.php?rest_route=\/wp\/v2\/users\/4"}],"replies":[{"embeddable":true,"href":"https:\/\/bibliotecas.aeqb.edu.pt\/index.php?rest_route=%2Fwp%2Fv2%2Fcomments&post=651"}],"version-history":[{"count":1,"href":"https:\/\/bibliotecas.aeqb.edu.pt\/index.php?rest_route=\/wp\/v2\/pages\/651\/revisions"}],"predecessor-version":[{"id":652,"href":"https:\/\/bibliotecas.aeqb.edu.pt\/index.php?rest_route=\/wp\/v2\/pages\/651\/revisions\/652"}],"wp:attachment":[{"href":"https:\/\/bibliotecas.aeqb.edu.pt\/index.php?rest_route=%2Fwp%2Fv2%2Fmedia&parent=651"}],"curies":[{"name":"wp","href":"https:\/\/api.w.org\/{rel}","templated":true}]}}