{"id":79,"date":"2022-08-09T11:11:44","date_gmt":"2022-08-09T11:11:44","guid":{"rendered":"https:\/\/bibliotecas.espan.edu.pt\/?page_id=79"},"modified":"2024-02-15T20:13:19","modified_gmt":"2024-02-15T20:13:19","slug":"recrutamento-monitores","status":"publish","type":"page","link":"https:\/\/bibliotecas.aeqb.edu.pt\/?page_id=79","title":{"rendered":"Recrutamento Monitores"},"content":{"rendered":"\n<p><strong>1.\u00aa Fase<\/strong><br>Antes ainda do in\u00edcio do ano letivo, s\u00e3o convocados todos os Monitores que tenham finalizado o ano anterior com avalia\u00e7\u00e3o positiva.<br>Estes Monitores regressam ao servi\u00e7o no dia da rece\u00e7\u00e3o aos alunos mais novos e marcam o seu hor\u00e1rio de trabalho &#8211; duas horas por semana (dois blocos de 50 minutos que podem ser seguidos ou em dois dias diferentes).<\/p>\n\n\n\n<p><strong>2.\u00aa Fase<\/strong><br>Na primeira quinzena de outubro abrem inscri\u00e7\u00f5es para o recrutamento de novos monitores do 6.\u00ba ao 9.\u00ba Ano. Todos os alunos interessados preenchem um processo de candidatura que \u00e9 assinado pelos Encarregados de Educa\u00e7\u00e3o (EE). De seguida, a equipa das Bibliotecas Escolares recolhe o parecer dos Diretores de Turma (DT) dos candidatos e determina os que passam \u00e0 fase seguinte de sele\u00e7\u00e3o que passa por uma entrevista.<br>A entrevista \u00e9 individual e \u00e9 sempre realizada por um professor bibliotec\u00e1rio.<br>Os alunos que forem selecionados, ap\u00f3s a entrevista, entram imediatamente em fun\u00e7\u00f5es e recebem a sua forma\u00e7\u00e3o em exerc\u00edcio, cumprindo duas horas de trabalho semanal.<\/p>\n\n\n\n<p><strong>3.\u00aa Fase<br><\/strong>Durante o m\u00eas de dezembro abre um per\u00edodo de candidatura especial para &#8220;estagi\u00e1rios&#8221; &#8211; alunos do 5.\u00ba Ano que queiram vir a ser monitores das Bibliotecas Escolares.<br>Estes alunos passam pelo mesmo processo dos colegas &#8211; autoriza\u00e7\u00e3o dos EE, parecer dos DT e entrevista &#8211; e os que s\u00e3o recrutados entram num est\u00e1gio de forma\u00e7\u00e3o em servi\u00e7o cumprindo 1 hora de trabalho semanal at\u00e9 final do ano letivo.<\/p>\n","protected":false},"excerpt":{"rendered":"<p>1.\u00aa FaseAntes ainda do in\u00edcio do ano letivo, s\u00e3o convocados todos os Monitores que tenham finalizado o ano anterior com avalia\u00e7\u00e3o positiva.Estes Monitores regressam ao servi\u00e7o no dia da rece\u00e7\u00e3o aos alunos mais novos e marcam o seu hor\u00e1rio de trabalho &#8211; duas horas por semana (dois blocos de 50 minutos que podem ser seguidos ou em dois dias diferentes). 2.\u00aa FaseNa primeira quinzena de outubro abrem inscri\u00e7\u00f5es para o recrutamento de novos monitores do 6.\u00ba ao 9.\u00ba Ano. Todos os alunos interessados preenchem um processo de candidatura que \u00e9 assinado pelos Encarregados de Educa\u00e7\u00e3o (EE). De seguida, a equipa das Bibliotecas Escolares recolhe o parecer dos Diretores de Turma (DT) dos candidatos e determina os que passam \u00e0 fase seguinte de sele\u00e7\u00e3o que passa por uma entrevista.A entrevista \u00e9 individual e \u00e9 sempre realizada por um professor bibliotec\u00e1rio.Os alunos que forem selecionados, ap\u00f3s a entrevista, entram imediatamente em fun\u00e7\u00f5es e recebem a sua forma\u00e7\u00e3o em exerc\u00edcio, cumprindo duas horas de trabalho semanal. 3.\u00aa FaseDurante o m\u00eas de dezembro abre um per\u00edodo de candidatura especial para &#8220;estagi\u00e1rios&#8221; &#8211; alunos do 5.\u00ba Ano que queiram vir a ser monitores das Bibliotecas Escolares.Estes alunos passam pelo mesmo processo dos colegas &#8211; autoriza\u00e7\u00e3o dos EE, parecer dos DT e entrevista &#8211; e os que s\u00e3o recrutados entram num est\u00e1gio de forma\u00e7\u00e3o em servi\u00e7o cumprindo 1 hora de trabalho semanal at\u00e9 final do ano letivo.<\/p>\n","protected":false},"author":4,"featured_media":0,"parent":55,"menu_order":0,"comment_status":"closed","ping_status":"closed","template":"","meta":{"footnotes":""},"class_list":["post-79","page","type-page","status-publish","hentry"],"acf":[],"_links":{"self":[{"href":"https:\/\/bibliotecas.aeqb.edu.pt\/index.php?rest_route=\/wp\/v2\/pages\/79","targetHints":{"allow":["GET"]}}],"collection":[{"href":"https:\/\/bibliotecas.aeqb.edu.pt\/index.php?rest_route=\/wp\/v2\/pages"}],"about":[{"href":"https:\/\/bibliotecas.aeqb.edu.pt\/index.php?rest_route=\/wp\/v2\/types\/page"}],"author":[{"embeddable":true,"href":"https:\/\/bibliotecas.aeqb.edu.pt\/index.php?rest_route=\/wp\/v2\/users\/4"}],"replies":[{"embeddable":true,"href":"https:\/\/bibliotecas.aeqb.edu.pt\/index.php?rest_route=%2Fwp%2Fv2%2Fcomments&post=79"}],"version-history":[{"count":4,"href":"https:\/\/bibliotecas.aeqb.edu.pt\/index.php?rest_route=\/wp\/v2\/pages\/79\/revisions"}],"predecessor-version":[{"id":1875,"href":"https:\/\/bibliotecas.aeqb.edu.pt\/index.php?rest_route=\/wp\/v2\/pages\/79\/revisions\/1875"}],"up":[{"embeddable":true,"href":"https:\/\/bibliotecas.aeqb.edu.pt\/index.php?rest_route=\/wp\/v2\/pages\/55"}],"wp:attachment":[{"href":"https:\/\/bibliotecas.aeqb.edu.pt\/index.php?rest_route=%2Fwp%2Fv2%2Fmedia&parent=79"}],"curies":[{"name":"wp","href":"https:\/\/api.w.org\/{rel}","templated":true}]}}