{"id":794,"date":"2023-11-01T17:34:08","date_gmt":"2023-11-01T17:34:08","guid":{"rendered":"https:\/\/bibliotecas.aeqb.edu.pt\/?page_id=794"},"modified":"2023-11-01T17:34:09","modified_gmt":"2023-11-01T17:34:09","slug":"servicos","status":"publish","type":"page","link":"https:\/\/bibliotecas.aeqb.edu.pt\/?page_id=794","title":{"rendered":"Servi\u00e7os"},"content":{"rendered":"\n<h4 class=\"wp-block-heading\"><strong>SERVI\u00c7OS DE APOIO\u00a0AO UTILIZADOR<\/strong>:<\/h4>\n\n\n\n<ul class=\"wp-block-list\">\n<li>Apoio \u00e0 aprendizagem<\/li>\n\n\n\n<li>Forma\u00e7\u00e3o de utilizadores<\/li>\n\n\n\n<li>Apoio ao curr\u00edculo<\/li>\n<\/ul>\n\n\n\n<h4 class=\"wp-block-heading\"><strong>FUNDO<\/strong> <strong>DOCUMENTAL<\/strong>:<\/h4>\n\n\n\n<ul class=\"wp-block-list\">\n<li>Leitura e pesquisa presencial<\/li>\n\n\n\n<li>Audiovisual e Multim\u00e9dia<\/li>\n\n\n\n<li>Empr\u00e9stimo domicili\u00e1rio<\/li>\n<\/ul>\n\n\n\n<h4 class=\"wp-block-heading\"><strong>TECNOLOGIAS DA\u00a0INFORMA\u00c7\u00c3O E\u00a0COMUNICA\u00c7\u00c3O<\/strong>:<\/h4>\n\n\n\n<ul class=\"wp-block-list\">\n<li>Utiliza\u00e7\u00e3o de equipamento<\/li>\n\n\n\n<li>Apoio na cria\u00e7\u00e3o de ficheiros<\/li>\n\n\n\n<li>Forma\u00e7\u00e3o espec\u00edfica<\/li>\n<\/ul>\n\n\n\n<h4 class=\"wp-block-heading\"><strong>EXTENS\u00c3O\u00a0CULTURAL<\/strong>:<\/h4>\n\n\n\n<ul class=\"wp-block-list\">\n<li>Confer\u00eancias<\/li>\n\n\n\n<li>Exposi\u00e7\u00f5es<\/li>\n\n\n\n<li>Palestras<\/li>\n\n\n\n<li>Forma\u00e7\u00f5es<\/li>\n<\/ul>\n\n\n\n<h4 class=\"wp-block-heading\"><strong>DIFUS\u00c3O DE<\/strong> <strong>INFORMA\u00c7\u00c3O<\/strong>:<\/h4>\n\n\n\n<ul class=\"wp-block-list\">\n<li>Atividades<\/li>\n\n\n\n<li>Recursos<\/li>\n\n\n\n<li>Servi\u00e7os<\/li>\n<\/ul>\n\n\n\n<h4 class=\"wp-block-heading\"><strong>SERVI\u00c7OS DE\u00a0INFORMA\u00c7\u00c3O\u00a0E REFER\u00caNCIA<\/strong>:<\/h4>\n\n\n\n<ul class=\"wp-block-list\">\n<li>Ajuda na sele\u00e7\u00e3o de fontes de informa\u00e7\u00e3o<\/li>\n\n\n\n<li>Sugest\u00f5es e pedidos de aquisi\u00e7\u00e3o<\/li>\n<\/ul>\n","protected":false},"excerpt":{"rendered":"<p>SERVI\u00c7OS DE APOIO\u00a0AO UTILIZADOR: FUNDO DOCUMENTAL: TECNOLOGIAS DA\u00a0INFORMA\u00c7\u00c3O E\u00a0COMUNICA\u00c7\u00c3O: EXTENS\u00c3O\u00a0CULTURAL: DIFUS\u00c3O DE INFORMA\u00c7\u00c3O: SERVI\u00c7OS DE\u00a0INFORMA\u00c7\u00c3O\u00a0E REFER\u00caNCIA:<\/p>\n","protected":false},"author":4,"featured_media":0,"parent":0,"menu_order":0,"comment_status":"closed","ping_status":"closed","template":"","meta":{"footnotes":""},"class_list":["post-794","page","type-page","status-publish","hentry"],"acf":[],"_links":{"self":[{"href":"https:\/\/bibliotecas.aeqb.edu.pt\/index.php?rest_route=\/wp\/v2\/pages\/794","targetHints":{"allow":["GET"]}}],"collection":[{"href":"https:\/\/bibliotecas.aeqb.edu.pt\/index.php?rest_route=\/wp\/v2\/pages"}],"about":[{"href":"https:\/\/bibliotecas.aeqb.edu.pt\/index.php?rest_route=\/wp\/v2\/types\/page"}],"author":[{"embeddable":true,"href":"https:\/\/bibliotecas.aeqb.edu.pt\/index.php?rest_route=\/wp\/v2\/users\/4"}],"replies":[{"embeddable":true,"href":"https:\/\/bibliotecas.aeqb.edu.pt\/index.php?rest_route=%2Fwp%2Fv2%2Fcomments&post=794"}],"version-history":[{"count":1,"href":"https:\/\/bibliotecas.aeqb.edu.pt\/index.php?rest_route=\/wp\/v2\/pages\/794\/revisions"}],"predecessor-version":[{"id":795,"href":"https:\/\/bibliotecas.aeqb.edu.pt\/index.php?rest_route=\/wp\/v2\/pages\/794\/revisions\/795"}],"wp:attachment":[{"href":"https:\/\/bibliotecas.aeqb.edu.pt\/index.php?rest_route=%2Fwp%2Fv2%2Fmedia&parent=794"}],"curies":[{"name":"wp","href":"https:\/\/api.w.org\/{rel}","templated":true}]}}