{"id":802,"date":"2023-11-01T17:44:11","date_gmt":"2023-11-01T17:44:11","guid":{"rendered":"https:\/\/bibliotecas.aeqb.edu.pt\/?page_id=802"},"modified":"2024-02-15T20:16:26","modified_gmt":"2024-02-15T20:16:26","slug":"funcoes","status":"publish","type":"page","link":"https:\/\/bibliotecas.aeqb.edu.pt\/?page_id=802","title":{"rendered":"Fun\u00e7\u00f5es"},"content":{"rendered":"\n<p><strong>Rotina<\/strong><br>&#8211; Apoio \u00e0 rece\u00e7\u00e3o na identifica\u00e7\u00e3o dos utentes<br>&#8211; Atribui\u00e7\u00e3o de cacifos<br>&#8211; Preenchimento dos registos de entrada<br>&#8211; Gest\u00e3o do M\u00f3dulo de empr\u00e9stimos<br>&#8211; Entrega e registo do material n\u00e3o-livro que n\u00e3o se encontra em livre acesso<br>&#8211; Atribui\u00e7\u00e3o de computadores e iPads aos colegas e gest\u00e3o do tempo de ocupa\u00e7\u00e3o dos mesmos<br>&#8211; Apoio \u00e0 utiliza\u00e7\u00e3o de equipamentos<br>&#8211; Apoio \u00e0 realiza\u00e7\u00e3o de pesquisas no cat\u00e1logo e localiza\u00e7\u00e3o de documentos<br>&#8211; Aconselhamento na \u00e1rea da leitura<br>&#8211; Arruma\u00e7\u00e3o de documentos nas estantes e arm\u00e1rios<br>&#8211; Manuten\u00e7\u00e3o dos equipamentos (atualiza\u00e7\u00e3o, carregamento&#8230;)<br>&#8211; Assist\u00eancia na impress\u00e3o de trabalhos<br>&#8211; Manuten\u00e7\u00e3o da ordem e vigil\u00e2ncia no cumprimento das normas de utiliza\u00e7\u00e3o de equipamentos<\/p>\n\n\n\n<p><strong>Outras<\/strong><br>&#8211; Participar na rece\u00e7\u00e3o dos novos alunos e na forma\u00e7\u00e3o destes como utilizadores das Bibliotecas Escolares &#8211;\u00a0<em>\u00c0 descoberta da BE<\/em><br>&#8211; Participa\u00e7\u00e3o em todas as atividades realizadas nas Bibliotecas Escolares decorrentes de projetos em curso &#8211;\u00a0<em>Biblioteca \u00e0 la carte<\/em><br>&#8211; Participa\u00e7\u00e3o na Maratona do Conhecimento<br>&#8211; Acompanhar a forma\u00e7\u00e3o dos Monitores Estagi\u00e1rios e fazer a sua avalia\u00e7\u00e3o<br>&#8211; Participa\u00e7\u00e3o em atividades do Programa\u00a0<em>Biblioteca \u00e0 la carte<\/em>\u00a0nas outras escolas do Agrupamento<br>&#8211; Participa\u00e7\u00e3o no\u00a0<em>PS no CRE<\/em>\u00a0&#8211; Programa de equipas aut\u00f3nomas de estudo<br>&#8211; Organiza\u00e7\u00e3o do Concurso\u00a0<em>ELO Mais forte\u00a0<\/em><br>&#8211; Representar as Bibliotecas Escolares em eventos exteriores \u00e0 escola<\/p>\n","protected":false},"excerpt":{"rendered":"<p>Rotina&#8211; Apoio \u00e0 rece\u00e7\u00e3o na identifica\u00e7\u00e3o dos utentes&#8211; Atribui\u00e7\u00e3o de cacifos&#8211; Preenchimento dos registos de entrada&#8211; Gest\u00e3o do M\u00f3dulo de empr\u00e9stimos&#8211; Entrega e registo do material n\u00e3o-livro que n\u00e3o se encontra em livre acesso&#8211; Atribui\u00e7\u00e3o de computadores e iPads aos colegas e gest\u00e3o do tempo de ocupa\u00e7\u00e3o dos mesmos&#8211; Apoio \u00e0 utiliza\u00e7\u00e3o de equipamentos&#8211; Apoio \u00e0 realiza\u00e7\u00e3o de pesquisas no cat\u00e1logo e localiza\u00e7\u00e3o de documentos&#8211; Aconselhamento na \u00e1rea da leitura&#8211; Arruma\u00e7\u00e3o de documentos nas estantes e arm\u00e1rios&#8211; Manuten\u00e7\u00e3o dos equipamentos (atualiza\u00e7\u00e3o, carregamento&#8230;)&#8211; Assist\u00eancia na impress\u00e3o de trabalhos&#8211; Manuten\u00e7\u00e3o da ordem e vigil\u00e2ncia no cumprimento das normas de utiliza\u00e7\u00e3o de equipamentos Outras&#8211; Participar na rece\u00e7\u00e3o dos novos alunos e na forma\u00e7\u00e3o destes como utilizadores das Bibliotecas Escolares &#8211;\u00a0\u00c0 descoberta da BE&#8211; Participa\u00e7\u00e3o em todas as atividades realizadas nas Bibliotecas Escolares decorrentes de projetos em curso &#8211;\u00a0Biblioteca \u00e0 la carte&#8211; Participa\u00e7\u00e3o na Maratona do Conhecimento&#8211; Acompanhar a forma\u00e7\u00e3o dos Monitores Estagi\u00e1rios e fazer a sua avalia\u00e7\u00e3o&#8211; Participa\u00e7\u00e3o em atividades do Programa\u00a0Biblioteca \u00e0 la carte\u00a0nas outras escolas do Agrupamento&#8211; Participa\u00e7\u00e3o no\u00a0PS no CRE\u00a0&#8211; Programa de equipas aut\u00f3nomas de estudo&#8211; Organiza\u00e7\u00e3o do Concurso\u00a0ELO Mais forte\u00a0&#8211; Representar as Bibliotecas Escolares em eventos exteriores \u00e0 escola<\/p>\n","protected":false},"author":4,"featured_media":0,"parent":0,"menu_order":0,"comment_status":"closed","ping_status":"closed","template":"","meta":{"footnotes":""},"class_list":["post-802","page","type-page","status-publish","hentry"],"acf":[],"_links":{"self":[{"href":"https:\/\/bibliotecas.aeqb.edu.pt\/index.php?rest_route=\/wp\/v2\/pages\/802","targetHints":{"allow":["GET"]}}],"collection":[{"href":"https:\/\/bibliotecas.aeqb.edu.pt\/index.php?rest_route=\/wp\/v2\/pages"}],"about":[{"href":"https:\/\/bibliotecas.aeqb.edu.pt\/index.php?rest_route=\/wp\/v2\/types\/page"}],"author":[{"embeddable":true,"href":"https:\/\/bibliotecas.aeqb.edu.pt\/index.php?rest_route=\/wp\/v2\/users\/4"}],"replies":[{"embeddable":true,"href":"https:\/\/bibliotecas.aeqb.edu.pt\/index.php?rest_route=%2Fwp%2Fv2%2Fcomments&post=802"}],"version-history":[{"count":2,"href":"https:\/\/bibliotecas.aeqb.edu.pt\/index.php?rest_route=\/wp\/v2\/pages\/802\/revisions"}],"predecessor-version":[{"id":1877,"href":"https:\/\/bibliotecas.aeqb.edu.pt\/index.php?rest_route=\/wp\/v2\/pages\/802\/revisions\/1877"}],"wp:attachment":[{"href":"https:\/\/bibliotecas.aeqb.edu.pt\/index.php?rest_route=%2Fwp%2Fv2%2Fmedia&parent=802"}],"curies":[{"name":"wp","href":"https:\/\/api.w.org\/{rel}","templated":true}]}}