{"id":968,"date":"2023-11-07T11:01:20","date_gmt":"2023-11-07T11:01:20","guid":{"rendered":"https:\/\/bibliotecas.aeqb.edu.pt\/?page_id=968"},"modified":"2025-09-23T09:18:21","modified_gmt":"2025-09-23T09:18:21","slug":"documentos-orientadores","status":"publish","type":"page","link":"https:\/\/bibliotecas.aeqb.edu.pt\/?page_id=968","title":{"rendered":"Documentos Orientadores"},"content":{"rendered":"\n<p><\/p>\n\n\n\n<div class=\"wp-block-media-text is-stacked-on-mobile\" style=\"grid-template-columns:17% auto\"><figure class=\"wp-block-media-text__media\"><img fetchpriority=\"high\" decoding=\"async\" width=\"325\" height=\"258\" src=\"https:\/\/bibliotecas.aeqb.edu.pt\/wp-content\/uploads\/2023\/10\/cropped-Bibliotecas-AEQB-1.png\" alt=\"\" class=\"wp-image-641 size-full\" srcset=\"https:\/\/bibliotecas.aeqb.edu.pt\/wp-content\/uploads\/2023\/10\/cropped-Bibliotecas-AEQB-1.png 325w, https:\/\/bibliotecas.aeqb.edu.pt\/wp-content\/uploads\/2023\/10\/cropped-Bibliotecas-AEQB-1-300x238.png 300w\" sizes=\"(max-width: 325px) 100vw, 325px\" \/><\/figure><div class=\"wp-block-media-text__content\">\n<h3 class=\"wp-block-heading\"><strong>Plano Anual de Atividades 2025\/202<\/strong>6<\/h3>\n\n\n\n<p>Aguarda aprova\u00e7\u00e3o em Conselho Pedag\u00f3gico<\/p>\n<\/div><\/div>\n\n\n\n<p><\/p>\n\n\n\n<div class=\"wp-block-media-text is-stacked-on-mobile\" style=\"grid-template-columns:17% auto\"><figure class=\"wp-block-media-text__media\"><a href=\"https:\/\/bibliotecas.aeqb.edu.pt\/wp-content\/uploads\/2024\/09\/Biblioteca-a-la-CARTE-2024-2025.pdf\" target=\"_blank\" rel=\"noreferrer noopener\"><img decoding=\"async\" width=\"500\" height=\"500\" src=\"https:\/\/bibliotecas.aeqb.edu.pt\/wp-content\/uploads\/2023\/11\/Novo-Logo-sem-fundo.png\" alt=\"\" class=\"wp-image-969 size-full\" srcset=\"https:\/\/bibliotecas.aeqb.edu.pt\/wp-content\/uploads\/2023\/11\/Novo-Logo-sem-fundo.png 500w, https:\/\/bibliotecas.aeqb.edu.pt\/wp-content\/uploads\/2023\/11\/Novo-Logo-sem-fundo-300x300.png 300w, https:\/\/bibliotecas.aeqb.edu.pt\/wp-content\/uploads\/2023\/11\/Novo-Logo-sem-fundo-150x150.png 150w, https:\/\/bibliotecas.aeqb.edu.pt\/wp-content\/uploads\/2023\/11\/Novo-Logo-sem-fundo-75x75.png 75w\" sizes=\"(max-width: 500px) 100vw, 500px\" \/><\/a><\/figure><div class=\"wp-block-media-text__content\">\n<h3 class=\"wp-block-heading has-text-align-left\"><a href=\"https:\/\/bibliotecas.aeqb.edu.pt\/wp-content\/uploads\/2025\/09\/Biblioteca-a-la-CARTE-2025-2026.pdf\" target=\"_blank\" rel=\"noreferrer noopener\"><strong>Biblioteca \u00e0 la Carte<\/strong><\/a><\/h3>\n\n\n\n<p class=\"has-text-align-left\">Atividades propostas para o ano letivo 2025\/2026<\/p>\n<\/div><\/div>\n\n\n\n<p><\/p>\n\n\n\n<div class=\"wp-block-media-text is-stacked-on-mobile\" style=\"grid-template-columns:17% auto\"><figure class=\"wp-block-media-text__media\"><a href=\"https:\/\/bibliotecas.aeqb.edu.pt\/wp-content\/uploads\/2024\/09\/ESPAN-Guia-de-Utilizador-A4.pdf\" target=\"_blank\" rel=\"noreferrer noopener\"><img decoding=\"async\" width=\"139\" height=\"156\" src=\"https:\/\/bibliotecas.aeqb.edu.pt\/wp-content\/uploads\/2023\/11\/ESPAN.jpg\" alt=\"\" class=\"wp-image-995 size-full\"\/><\/a><\/figure><div class=\"wp-block-media-text__content\">\n<h3 class=\"wp-block-heading\"><a href=\"https:\/\/bibliotecas.aeqb.edu.pt\/wp-content\/uploads\/2024\/09\/ESPAN-Guia-de-Utilizador-A4.pdf\" target=\"_blank\" rel=\"noreferrer noopener\"><strong>Guia de Utilizador BE &#8211; ESPAN<\/strong><\/a><\/h3>\n\n\n\n<p>Regras de utiliza\u00e7\u00e3o e servi\u00e7os prestados da Biblioteca Escolar na ESPAN<\/p>\n<\/div><\/div>\n\n\n\n<p><\/p>\n\n\n\n<div class=\"wp-block-media-text is-stacked-on-mobile\" style=\"grid-template-columns:17% auto\"><figure class=\"wp-block-media-text__media\"><a href=\"https:\/\/bibliotecas.aeqb.edu.pt\/wp-content\/uploads\/2024\/09\/Guia-de-Utilizador.pdf\" target=\"_blank\" rel=\"noreferrer noopener\"><img loading=\"lazy\" decoding=\"async\" width=\"500\" height=\"150\" src=\"https:\/\/bibliotecas.aeqb.edu.pt\/wp-content\/uploads\/2025\/09\/Logo.png\" alt=\"\" class=\"wp-image-3017 size-full\" srcset=\"https:\/\/bibliotecas.aeqb.edu.pt\/wp-content\/uploads\/2025\/09\/Logo.png 500w, https:\/\/bibliotecas.aeqb.edu.pt\/wp-content\/uploads\/2025\/09\/Logo-300x90.png 300w\" sizes=\"(max-width: 500px) 100vw, 500px\" \/><\/a><\/figure><div class=\"wp-block-media-text__content\">\n<h3 class=\"wp-block-heading has-text-align-left\"><a href=\"https:\/\/bibliotecas.aeqb.edu.pt\/wp-content\/uploads\/2025\/09\/Guia-de-Utilizador.pdf\" target=\"_blank\" rel=\"noreferrer noopener\"><strong>Guia de Utilizador CRE &#8211; EBPGC<\/strong><\/a><\/h3>\n\n\n\n<p>Regras de utiliza\u00e7\u00e3o e servi\u00e7os prestados do Centro de Recursos Educativos da EBPGC<\/p>\n<\/div><\/div>\n\n\n\n<p><\/p>\n\n\n\n<p><\/p>\n","protected":false},"excerpt":{"rendered":"<p>Plano Anual de Atividades 2025\/2026 Aguarda aprova\u00e7\u00e3o em Conselho Pedag\u00f3gico Biblioteca \u00e0 la Carte Atividades propostas para o ano letivo 2025\/2026 Guia de Utilizador BE &#8211; ESPAN Regras de utiliza\u00e7\u00e3o e servi\u00e7os prestados da Biblioteca Escolar na ESPAN Guia de Utilizador CRE &#8211; EBPGC Regras de utiliza\u00e7\u00e3o e servi\u00e7os prestados do Centro de Recursos Educativos da EBPGC<\/p>\n","protected":false},"author":4,"featured_media":0,"parent":0,"menu_order":0,"comment_status":"closed","ping_status":"closed","template":"","meta":{"footnotes":""},"class_list":["post-968","page","type-page","status-publish","hentry"],"acf":[],"_links":{"self":[{"href":"https:\/\/bibliotecas.aeqb.edu.pt\/index.php?rest_route=\/wp\/v2\/pages\/968","targetHints":{"allow":["GET"]}}],"collection":[{"href":"https:\/\/bibliotecas.aeqb.edu.pt\/index.php?rest_route=\/wp\/v2\/pages"}],"about":[{"href":"https:\/\/bibliotecas.aeqb.edu.pt\/index.php?rest_route=\/wp\/v2\/types\/page"}],"author":[{"embeddable":true,"href":"https:\/\/bibliotecas.aeqb.edu.pt\/index.php?rest_route=\/wp\/v2\/users\/4"}],"replies":[{"embeddable":true,"href":"https:\/\/bibliotecas.aeqb.edu.pt\/index.php?rest_route=%2Fwp%2Fv2%2Fcomments&post=968"}],"version-history":[{"count":22,"href":"https:\/\/bibliotecas.aeqb.edu.pt\/index.php?rest_route=\/wp\/v2\/pages\/968\/revisions"}],"predecessor-version":[{"id":3021,"href":"https:\/\/bibliotecas.aeqb.edu.pt\/index.php?rest_route=\/wp\/v2\/pages\/968\/revisions\/3021"}],"wp:attachment":[{"href":"https:\/\/bibliotecas.aeqb.edu.pt\/index.php?rest_route=%2Fwp%2Fv2%2Fmedia&parent=968"}],"curies":[{"name":"wp","href":"https:\/\/api.w.org\/{rel}","templated":true}]}}